{"id":9333,"date":"2018-05-01T07:00:02","date_gmt":"2018-05-01T07:00:02","guid":{"rendered":"https:\/\/hongo.themezaa.com\/?page_id=9333"},"modified":"2025-02-19T10:15:45","modified_gmt":"2025-02-19T09:15:45","slug":"katalog","status":"publish","type":"page","link":"https:\/\/headwear.com.pl\/de\/katalog\/","title":{"rendered":"Produktkatalog"},"content":{"rendered":"<section data-vc-full-width=\"true\" data-vc-full-width-init=\"false\" data-vc-stretch-content=\"true\" class=\"vc_row wpb_row vc_row-fluid  vc_custom_1560924148419   hongo-row-min-height hongo-stretch-content hongo-stretch-content-fluid vc_row-o-equal-height vc_row-o-content-middle vc_row-flex  hongo_responsive_1560924148422\" style=\"min-height: 650px;\"><div class=\"wpb_column vc_column_container vc_col-has-fill vc_col-sm-12 vc_col-md-6 vc_col-xs-12 wow fadeInLeft\" data-wow-delay= \"100ms\" data-wow-duration= \"1200ms\"><div class=\"vc_column-inner cover-background vc_custom_1739956061027  hongo_responsive_1739956061029\"><div class=\"wpb_wrapper\"><\/div><\/div><\/div><div class=\"wpb_column vc_column_container vc_col-has-fill col-xs-mobile-fullwidth vc_col-sm-12 vc_col-md-6 wow fadeInRight xs-text-center\" data-wow-delay= \"300ms\" data-wow-duration= \"1200ms\"><div class=\"vc_column-inner vc_custom_1564398713968  hongo_responsive_1564398713971\"><div class=\"wpb_wrapper\"><div class=\"vc_row wpb_row vc_inner vc_row-fluid   wow fadeInRight  hongo_responsive_1564398762139\"><div class=\"wpb_column vc_column_container col-xs-mobile-fullwidth vc_col-sm-12 vc_col-md-12\"><div class=\"vc_column-inner vc_custom_1564398750403\"><div class=\"wpb_wrapper\"><div class=\"alt-font heading-style-1 vc_custom_1614672779923 heading-1 hongo-section-heading hongo_font_1614672779923\">Sehen Sie sich unseren aktuellen Produktkatalog an!<\/div><div class=\"text-block-content hongo-text-block-1 vc_custom_1614672755972 last-paragraph-no-margin\"><p><strong>Mehr als 150 Modelle von Werbekappen sofort verf\u00fcgbar - Baseballcaps, Winterm\u00fctzen, H\u00fcte und Visiers - all das finden Sie im neuesten Produktkatalog von Headwear Professionals - dem europ\u00e4ischen Marktf\u00fchrer in der Produktion von Werbekappen.<\/strong><\/p>\n<p>Im Produktkatalog wurden au\u00dferdem die Top-Modelle von Kappen f\u00fcr die kommende Saison pr\u00e4sentiert. In unserem Produktkatalog finden Sie auch eine Beschreibung aller M\u00f6glichkeiten des Brandings und der Personalisierung Ihrer Werbekappen.<\/p>\n<\/div><\/div><\/div><\/div><\/div><div class=\"hongo-featurebox-wrap hongo-product-featurebox vc_custom_1739956261184  hongo_responsive_1739956261186 icon-text-style-8 equal_height_disable icon_text8-1\"><div class=\"hongo-featurebox-wrapper\"><div class=\"hongo-featurebox-inner-wrap\"><div class=\"hongo-featurebox-img\"><a target=\"_blank\" href=\"https:\/\/issuu.com\/headweareu\/docs\/de_2025?fr=xKAE9_zU1NQ\"><i class=\"icon-white fas fa-file-download icon-extra-medium\"><\/i><\/a><\/div><div class=\"sub-title\">ISSUU<\/div><div class=\"title hongo_font_1739956261179 alt-font\"><a target=\"_blank\" href=\"https:\/\/issuu.com\/headweareu\/docs\/de_2025?fr=xKAE9_zU1NQ\" class=\"hongo-title-link hongo_font_1739956261179 alt-font\">Online surfen<\/a><\/div><\/div><div class=\"content\">Sehen Sie sich unseren Online-Katalog an, der auf der ISSUU-Plattform ver\u00f6ffentlicht wurde.<\/div><\/div><\/div><div class=\"hongo-featurebox-wrap hongo-product-featurebox vc_custom_1739956394347  hongo_responsive_1739956394348 icon-text-style-8 equal_height_disable icon_text8-2\"><div class=\"hongo-featurebox-wrapper\"><div class=\"hongo-featurebox-inner-wrap\"><div class=\"hongo-featurebox-img\"><a target=\"_blank\" href=\"https:\/\/drive.google.com\/file\/d\/1H1672DBh2F7TYBoN6AImB7dvQ8dUs2EO\/view?usp=sharing\"><i class=\"icon-white fas fa-file-download icon-extra-medium\"><\/i><\/a><\/div><div class=\"sub-title\">PDF<\/div><div class=\"title hongo_font_1739956394341 alt-font\"><a target=\"_blank\" href=\"https:\/\/drive.google.com\/file\/d\/1H1672DBh2F7TYBoN6AImB7dvQ8dUs2EO\/view?usp=sharing\" class=\"hongo-title-link hongo_font_1739956394341 alt-font\">PDF Herunterladen<\/a><\/div><\/div><div class=\"content\">Laden Sie sich den ``no name``-Katalog im PDF-Format herunter!<\/div><\/div><\/div><div class=\"alt-font heading-style-6 heading-2 hongo-section-heading hongo_font_1614872118327\"><span>Bestellen Sie einen gedruckten Produktkatalog oder einen Online-Katalog mit individuellem Cover.<\/span><\/div><div class=\"text-block-content hongo-text-block-2 last-paragraph-no-margin\"><p>Wenn Sie erhalten m\u00f6chten:<\/p>\n<ul>\n<li><strong>Produktkatalog in gedruckter Form<\/strong><\/li>\n<li><strong>Produktkatalog mit einem individuellen Umschlag<\/strong><\/li>\n<li><strong>Produktkatalog in einer anderen Sprache<\/strong><\/li>\n<\/ul>\n<p><strong>Bitte f\u00fcllen Sie das untenstehende Formular aus und wir werden uns so schnell wie m\u00f6glich mit Ihnen in Verbindung setzen, um Ihre W\u00fcnsche im Detail zu besprechen!<\/strong><\/p>\n<\/div><div class=\"vc_separator wpb_content_element vc_separator_align_center vc_sep_width_100 vc_sep_pos_align_center vc_separator_no_text vc_sep_color_grey\" ><span class=\"vc_sep_holder vc_sep_holder_l\"><span  class=\"vc_sep_line\"><\/span><\/span><span class=\"vc_sep_holder vc_sep_holder_r\"><span  class=\"vc_sep_line\"><\/span><\/span>\n<\/div>\n<div class=\"wpcf7 no-js\" id=\"wpcf7-f105624-o1\" lang=\"en-US\" dir=\"ltr\">\n<div class=\"screen-reader-response\"><p role=\"status\" aria-live=\"polite\" aria-atomic=\"true\"><\/p> <ul><\/ul><\/div>\n<form action=\"\/de\/wp-json\/wp\/v2\/pages\/9333#wpcf7-f105624-o1\" method=\"post\" class=\"wpcf7-form init\" aria-label=\"Contact form\" novalidate=\"novalidate\" data-status=\"init\" data-trp-original-action=\"\/de\/wp-json\/wp\/v2\/pages\/9333#wpcf7-f105624-o1\">\n<div style=\"display: none;\">\n<input type=\"hidden\" name=\"_wpcf7\" value=\"105624\" \/>\n<input type=\"hidden\" name=\"_wpcf7_version\" value=\"5.9.5\" \/>\n<input type=\"hidden\" name=\"_wpcf7_locale\" value=\"en_US\" \/>\n<input type=\"hidden\" name=\"_wpcf7_unit_tag\" value=\"wpcf7-f105624-o1\" \/>\n<input type=\"hidden\" name=\"_wpcf7_container_post\" value=\"0\" \/>\n<input type=\"hidden\" name=\"_wpcf7_posted_data_hash\" value=\"\" \/>\n<input type=\"hidden\" name=\"_wpcf7_recaptcha_response\" value=\"\" \/>\n<\/div>\n<div class=\"hongo-contact-form-style-1\">\n\t<p><span class=\"wpcf7-form-control-wrap\" data-name=\"contact-name\"><input size=\"40\" class=\"wpcf7-form-control wpcf7-text wpcf7-validates-as-required\" aria-required=\"true\" aria-invalid=\"false\" placeholder=\"Name*\" value=\"\" type=\"text\" name=\"contact-name\" \/><\/span><br \/>\n<span class=\"wpcf7-form-control-wrap\" data-name=\"contact-email\"><input size=\"40\" class=\"wpcf7-form-control wpcf7-email wpcf7-validates-as-required wpcf7-text wpcf7-validates-as-email\" aria-required=\"true\" aria-invalid=\"false\" placeholder=\"E-mail*\" value=\"\" type=\"email\" name=\"contact-email\" \/><\/span><br \/>\n<span class=\"wpcf7-form-control-wrap\" data-name=\"contact-subject\"><input size=\"40\" class=\"wpcf7-form-control wpcf7-text\" aria-invalid=\"false\" placeholder=\"Betreff der Nachricht\" value=\"\" type=\"text\" name=\"contact-subject\" \/><\/span><br \/>\n<span class=\"wpcf7-form-control-wrap\" data-name=\"contact-message\"><textarea cols=\"40\" rows=\"3\" class=\"wpcf7-form-control wpcf7-textarea\" aria-invalid=\"false\" placeholder=\"Beschreiben Sie kurz Ihren Bedarf.\" name=\"contact-message\"><\/textarea><\/span><br \/>\n<input class=\"wpcf7-form-control wpcf7-submit has-spinner btn btn-small alt-font\" type=\"submit\" value=\"Formular senden\" \/>\n\t<\/p>\n<\/div><div class=\"wpcf7-response-output\" aria-hidden=\"true\"><\/div>\n<input type=\"hidden\" name=\"trp-form-language\" value=\"de\"\/><\/form>\n<\/div>\n<\/div><\/div><\/div><\/section><div class=\"vc_row-full-width vc_clearfix\"><\/div>","protected":false},"excerpt":{"rendered":"Zapoznaj si\u0119 z najnowszym katalogiem produktowym!Ponad 150 fason\u00f3w czapek reklamowych dost\u0119pnych od r\u0119ki \u2013 czapki z daszkiem, czapki zimowe, kapelusze i daszki \u2013 to wszystko mo\u017cna znale\u017a\u0107 w najnowszym katalogu Headwear Professionals \u2013 europejskiego lidera w produkcji czapek reklamowych. Ponadto w katalogu zosta\u0142y zaprezentowane topowe modele czapek na nadchodz\u0105cy sezon. W katalogu mo\u017cna znale\u017a\u0107 tak\u017ce opis wszystkich mo\u017cliwo\u015bci znakowania i personalizacji czapek reklamowych. ISSUUPrzegl\u0105daj katalog onlinePrzegl\u0105daj katalog online, kt\u00f3ry jest zamieszczony na platformie ISSUUPDFPobierz katalog w PDFPobierz katalog ``no name`` w formie PDF.Zam\u00f3w drukowany katalog lub katalog online z indywidualn\u0105 ok\u0142adk\u0105Je\u015bli chcesz otrzyma\u0107: drukowany katalog, katalog z indywidualn\u0105 ok\u0142adk\u0105, katalog w innej wersji j\u0119zykowej, Wype\u0142nij formularz poni\u017cej, a odezwiemy si\u0119 jak najszybciej aby doprecyzowa\u0107 Twoje zapotrzebowanie!","protected":false},"author":1,"featured_media":0,"parent":0,"menu_order":0,"comment_status":"closed","ping_status":"closed","template":"","meta":{"footnotes":""},"yoast_head":"<!-- This site is optimized with the Yoast SEO plugin v22.7 - https:\/\/yoast.com\/wordpress\/plugins\/seo\/ -->\n<title>Katalog - Headwear Professionals<\/title>\n<meta name=\"description\" content=\"Ponad 150 fason\u00f3w czapek reklamowych dost\u0119pnych od r\u0119ki \u2013 czapki z daszkiem, czapki zimowe, kapelusze i daszki \u2013 to wszystko mo\u017cna znale\u017a\u0107 w najnowszym katalogu Headwear Professionals\" \/>\n<meta name=\"robots\" content=\"index, follow, max-snippet:-1, max-image-preview:large, max-video-preview:-1\" \/>\n<link rel=\"canonical\" href=\"https:\/\/headwear.com.pl\/de\/katalog\/\" \/>\n<meta property=\"og:locale\" content=\"de_DE\" \/>\n<meta property=\"og:type\" content=\"article\" \/>\n<meta property=\"og:title\" content=\"Katalog - Headwear Professionals\" \/>\n<meta property=\"og:description\" content=\"Ponad 150 fason\u00f3w czapek reklamowych dost\u0119pnych od r\u0119ki \u2013 czapki z daszkiem, czapki zimowe, kapelusze i daszki \u2013 to wszystko mo\u017cna znale\u017a\u0107 w najnowszym katalogu Headwear Professionals\" \/>\n<meta property=\"og:url\" content=\"https:\/\/headwear.com.pl\/de\/katalog\/\" \/>\n<meta property=\"og:site_name\" content=\"Headwear Professionals\" \/>\n<meta property=\"article:publisher\" content=\"https:\/\/www.facebook.com\/HeadwearPolska\" \/>\n<meta property=\"article:modified_time\" content=\"2025-02-19T09:15:45+00:00\" \/>\n<meta name=\"twitter:card\" content=\"summary_large_image\" \/>\n<meta name=\"twitter:label1\" content=\"Gesch\u00e4tzte Lesezeit\" \/>\n\t<meta name=\"twitter:data1\" content=\"2\u00a0Minuten\" \/>\n<script type=\"application\/ld+json\" class=\"yoast-schema-graph\">{\"@context\":\"https:\/\/schema.org\",\"@graph\":[{\"@type\":\"WebPage\",\"@id\":\"https:\/\/headwear.com.pl\/katalog\/\",\"url\":\"https:\/\/headwear.com.pl\/katalog\/\",\"name\":\"Katalog - Headwear Professionals\",\"isPartOf\":{\"@id\":\"https:\/\/headwear.com.pl\/fr\/#website\"},\"datePublished\":\"2018-05-01T07:00:02+00:00\",\"dateModified\":\"2025-02-19T09:15:45+00:00\",\"description\":\"Ponad 150 fason\u00f3w czapek reklamowych dost\u0119pnych od r\u0119ki \u2013 czapki z daszkiem, czapki zimowe, kapelusze i daszki \u2013 to wszystko mo\u017cna znale\u017a\u0107 w najnowszym katalogu Headwear Professionals\",\"breadcrumb\":{\"@id\":\"https:\/\/headwear.com.pl\/katalog\/#breadcrumb\"},\"inLanguage\":\"de\",\"potentialAction\":[{\"@type\":\"ReadAction\",\"target\":[\"https:\/\/headwear.com.pl\/katalog\/\"]}]},{\"@type\":\"BreadcrumbList\",\"@id\":\"https:\/\/headwear.com.pl\/katalog\/#breadcrumb\",\"itemListElement\":[{\"@type\":\"ListItem\",\"position\":1,\"name\":\"Strona g\u0142\u00f3wna\",\"item\":\"https:\/\/headwear.com.pl\/\"},{\"@type\":\"ListItem\",\"position\":2,\"name\":\"Katalog\"}]},{\"@type\":\"WebSite\",\"@id\":\"https:\/\/headwear.com.pl\/fr\/#website\",\"url\":\"https:\/\/headwear.com.pl\/fr\/\",\"name\":\"Headwear Professionals\",\"description\":\"Produkcj\u0105 czapek reklamowych zajmujemy si\u0119 od 1974 roku. Pracujemy tylko z agencjami reklamowymi\",\"publisher\":{\"@id\":\"https:\/\/headwear.com.pl\/fr\/#organization\"},\"potentialAction\":[{\"@type\":\"SearchAction\",\"target\":{\"@type\":\"EntryPoint\",\"urlTemplate\":\"https:\/\/headwear.com.pl\/fr\/?s={search_term_string}\"},\"query-input\":\"required name=search_term_string\"}],\"inLanguage\":\"de\"},{\"@type\":\"Organization\",\"@id\":\"https:\/\/headwear.com.pl\/fr\/#organization\",\"name\":\"Headwear Professionals\",\"url\":\"https:\/\/headwear.com.pl\/fr\/\",\"logo\":{\"@type\":\"ImageObject\",\"inLanguage\":\"de\",\"@id\":\"https:\/\/headwear.com.pl\/fr\/#\/schema\/logo\/image\/\",\"url\":\"https:\/\/headwear.com.pl\/wp-content\/uploads\/2024\/05\/Headwear_COLOR_RGB_logo.jpg\",\"contentUrl\":\"https:\/\/headwear.com.pl\/wp-content\/uploads\/2024\/05\/Headwear_COLOR_RGB_logo.jpg\",\"width\":1786,\"height\":1263,\"caption\":\"Headwear Professionals\"},\"image\":{\"@id\":\"https:\/\/headwear.com.pl\/fr\/#\/schema\/logo\/image\/\"},\"sameAs\":[\"https:\/\/www.facebook.com\/HeadwearPolska\",\"https:\/\/www.linkedin.com\/company\/headwearpolska\"]}]}<\/script>\n<!-- \/ Yoast SEO plugin. -->","yoast_head_json":{"title":"Katalog \u2013 Headwear Professionals","description":"\u00dcber 150 Arten von Werbekappen sind sofort verf\u00fcgbar - Baseballm\u00fctzen, Winterm\u00fctzen, H\u00fcte und Visiere - all dies finden Sie im neuesten Katalog von Headwear Professionals.","robots":{"index":"index","follow":"follow","max-snippet":"max-snippet:-1","max-image-preview":"max-image-preview:large","max-video-preview":"max-video-preview:-1"},"canonical":"https:\/\/headwear.com.pl\/de\/katalog\/","og_locale":"de_DE","og_type":"article","og_title":"Katalog - Headwear Professionals","og_description":"Ponad 150 fason\u00f3w czapek reklamowych dost\u0119pnych od r\u0119ki \u2013 czapki z daszkiem, czapki zimowe, kapelusze i daszki \u2013 to wszystko mo\u017cna znale\u017a\u0107 w najnowszym katalogu Headwear Professionals","og_url":"https:\/\/headwear.com.pl\/de\/katalog\/","og_site_name":"Headwear Professionals","article_publisher":"https:\/\/www.facebook.com\/HeadwearPolska","article_modified_time":"2025-02-19T09:15:45+00:00","twitter_card":"summary_large_image","twitter_misc":{"Gesch\u00e4tzte Lesezeit":"2\u00a0Minuten"},"schema":{"@context":"https:\/\/schema.org","@graph":[{"@type":"WebPage","@id":"https:\/\/headwear.com.pl\/katalog\/","url":"https:\/\/headwear.com.pl\/katalog\/","name":"Katalog \u2013 Headwear Professionals","isPartOf":{"@id":"https:\/\/headwear.com.pl\/fr\/#website"},"datePublished":"2018-05-01T07:00:02+00:00","dateModified":"2025-02-19T09:15:45+00:00","description":"\u00dcber 150 Arten von Werbekappen sind sofort verf\u00fcgbar - Baseballm\u00fctzen, Winterm\u00fctzen, H\u00fcte und Visiere - all dies finden Sie im neuesten Katalog von Headwear Professionals.","breadcrumb":{"@id":"https:\/\/headwear.com.pl\/katalog\/#breadcrumb"},"inLanguage":"de","potentialAction":[{"@type":"ReadAction","target":["https:\/\/headwear.com.pl\/katalog\/"]}]},{"@type":"BreadcrumbList","@id":"https:\/\/headwear.com.pl\/katalog\/#breadcrumb","itemListElement":[{"@type":"ListItem","position":1,"name":"Strona g\u0142\u00f3wna","item":"https:\/\/headwear.com.pl\/"},{"@type":"ListItem","position":2,"name":"Katalog"}]},{"@type":"WebSite","@id":"https:\/\/headwear.com.pl\/fr\/#website","url":"https:\/\/headwear.com.pl\/fr\/","name":"Headwear-Profis","description":"Wir stellen seit 1974 Werbekappen her. Wir arbeiten nur mit Werbeagenturen zusammen","publisher":{"@id":"https:\/\/headwear.com.pl\/fr\/#organization"},"potentialAction":[{"@type":"SearchAction","target":{"@type":"EntryPoint","urlTemplate":"https:\/\/headwear.com.pl\/fr\/?s={search_term_string}"},"query-input":"required name=search_term_string"}],"inLanguage":"de"},{"@type":"Organization","@id":"https:\/\/headwear.com.pl\/fr\/#organization","name":"Headwear-Profis","url":"https:\/\/headwear.com.pl\/fr\/","logo":{"@type":"ImageObject","inLanguage":"de","@id":"https:\/\/headwear.com.pl\/fr\/#\/schema\/logo\/image\/","url":"https:\/\/headwear.com.pl\/wp-content\/uploads\/2024\/05\/Headwear_COLOR_RGB_logo.jpg","contentUrl":"https:\/\/headwear.com.pl\/wp-content\/uploads\/2024\/05\/Headwear_COLOR_RGB_logo.jpg","width":1786,"height":1263,"caption":"Headwear Professionals"},"image":{"@id":"https:\/\/headwear.com.pl\/fr\/#\/schema\/logo\/image\/"},"sameAs":["https:\/\/www.facebook.com\/HeadwearPolska","https:\/\/www.linkedin.com\/company\/headwearpolska"]}]}},"_links":{"self":[{"href":"https:\/\/headwear.com.pl\/de\/wp-json\/wp\/v2\/pages\/9333"}],"collection":[{"href":"https:\/\/headwear.com.pl\/de\/wp-json\/wp\/v2\/pages"}],"about":[{"href":"https:\/\/headwear.com.pl\/de\/wp-json\/wp\/v2\/types\/page"}],"author":[{"embeddable":true,"href":"https:\/\/headwear.com.pl\/de\/wp-json\/wp\/v2\/users\/1"}],"replies":[{"embeddable":true,"href":"https:\/\/headwear.com.pl\/de\/wp-json\/wp\/v2\/comments?post=9333"}],"version-history":[{"count":16,"href":"https:\/\/headwear.com.pl\/de\/wp-json\/wp\/v2\/pages\/9333\/revisions"}],"predecessor-version":[{"id":109383,"href":"https:\/\/headwear.com.pl\/de\/wp-json\/wp\/v2\/pages\/9333\/revisions\/109383"}],"wp:attachment":[{"href":"https:\/\/headwear.com.pl\/de\/wp-json\/wp\/v2\/media?parent=9333"}],"curies":[{"name":"wp","href":"https:\/\/api.w.org\/{rel}","templated":true}]}}