{"id":106122,"date":"2021-05-21T10:09:49","date_gmt":"2021-05-21T08:09:49","guid":{"rendered":"https:\/\/headwear.com.pl\/?page_id=106122"},"modified":"2024-02-20T09:23:15","modified_gmt":"2024-02-20T08:23:15","slug":"download","status":"publish","type":"page","link":"https:\/\/headwear.com.pl\/en\/download\/","title":{"rendered":"Download"},"content":{"rendered":"<section class=\"vc_row wpb_row vc_row-fluid\"><div class=\"wpb_column vc_column_container col-xs-mobile-fullwidth vc_col-sm-12\"><div class=\"vc_column-inner\"><div class=\"wpb_wrapper\"><h2 style=\"text-align: left;font-family:Montserrat;font-weight:400;font-style:normal\" class=\"vc_custom_heading\" >Downloads for advertising agencies<\/h2><div class=\"text-block-content hongo-text-block-1 last-paragraph-no-margin\"><p>Here you can download materials that will be helpful in everyday work with your clients.<\/p>\n<p><strong>Below are the downloads:<\/strong><\/p>\n<ul>\n<li>product photos of advertising caps,<\/li>\n<li>image photos (fashion session),<\/li>\n<li>templates for the preparation of visualizations in PDF format,<\/li>\n<li>catalog with advertising caps in the \"no name\" version.<\/li>\n<\/ul>\n<p>If you need any additional materials, please contact us <strong><a href=\"mailto:marcin.jedrzejczyk@headwear.com.pl\">marcin.jedrzejczyk@headwear.com.pl<\/a><\/strong><\/p>\n<p style=\"text-align: center;\">\u2014\u2014\u2014\u2014\u2014\u2014\u2014\u2014\u2014\u2014\u2014\u2014\u2014\u2014\u2014\u2014\u2014\u2014\u2014\u2014\u2014\u2014\u2014\u2014<\/p>\n<\/div><div  class=\"tab-style1 tab-style-1-1\"><div class=\"row\"><div class=\"col-md-12 col-sm-12\"><ul class=\"nav nav-tabs\"><li  class=\"active\"><a href=\"#hongo-1777443894-1558106801-0\" data-toggle=\"tab\" class=\"tab-title\"><span class=\"alt-font\">Product photos<\/span><\/a><\/li><li ><a href=\"#hongo-1777443894-1558106801-1\" data-toggle=\"tab\" class=\"tab-title\"><span class=\"alt-font\">Image photos<\/span><\/a><\/li><li ><a href=\"#hongo-1777443894-1558106801-2\" data-toggle=\"tab\" class=\"tab-title\"><span class=\"alt-font\">Visualization templates (PDF)<\/span><\/a><\/li><li ><a href=\"#hongo-1777443894-1558106801-3\" data-toggle=\"tab\" class=\"tab-title\"><span class=\"alt-font\">Catalogues<\/span><\/a><\/li><li ><a href=\"#hongo-1777443894-1558106801-4\" data-toggle=\"tab\" class=\"tab-title\"><span class=\"alt-font\">Logo Headwear Professionals<\/span><\/a><\/li><\/ul><\/div><\/div><div class=\"tab-content\"><div class=\"tab-pane fade in active\" id=\"hongo-1777443894-1558106801-0\"><div class=\"vc_message_box vc_message_box-standard vc_message_box-rounded vc_color-info\" ><div class=\"vc_message_box-icon\"><i class=\"fas fa-info-circle\"><\/i><\/div><p><strong>Product photos<\/strong> in HD quality (baseball caps, winter caps, hats, visors). Check downloads - <a href=\"https:\/\/drive.google.com\/drive\/folders\/1e7GefMMhI-FbLUlMR5yz1YYe0hfFN8fU?usp=sharing\" target=\"_blank\" rel=\"noopener\"><strong>Here<\/strong><\/a> Google Drive<\/p>\n<\/div><\/div><div class=\"tab-pane fade\" id=\"hongo-1777443894-1558106801-1\"><div class=\"vc_message_box vc_message_box-standard vc_message_box-rounded vc_color-info\" ><div class=\"vc_message_box-icon\"><i class=\"fas fa-info-circle\"><\/i><\/div><p><strong>Stylized image photos<\/strong> in HD quality<\/p>\n<ul>\n<li><strong>baseball caps<\/strong> - check downloads - <a href=\"https:\/\/drive.google.com\/drive\/folders\/1vmxITdMF3G4iBlwshH2RO3Gm7fNGnJWD?usp=sharing\" target=\"_blank\" rel=\"noopener\"><strong>Here<\/strong><\/a><\/li>\n<li><strong>beanies<\/strong> - check downloads - <a href=\"https:\/\/drive.google.com\/drive\/folders\/1v8Iht9sqY9SZMaYe3lyzbCgh-v55LSKU?usp=sharing\" target=\"_blank\" rel=\"noopener\"><strong>Here<\/strong><\/a><\/li>\n<li><strong>hats &amp; visors<\/strong> - check downloads - <a href=\"https:\/\/drive.google.com\/drive\/folders\/1Q6jo0f8yYfipJbbDqAungfvVAtRCPNRG?usp=sharing\" target=\"_blank\" rel=\"noopener\"><strong>Here<\/strong><\/a><\/li>\n<\/ul>\n<\/div><\/div><div class=\"tab-pane fade\" id=\"hongo-1777443894-1558106801-2\"><div class=\"vc_message_box vc_message_box-standard vc_message_box-rounded vc_color-info\" ><div class=\"vc_message_box-icon\"><i class=\"fas fa-info-circle\"><\/i><\/div><p><strong>Templates for the preparation of visualization<\/strong>PDF files. Check downloads - <a href=\"https:\/\/drive.google.com\/drive\/folders\/1_9ALKPYRU3CuUZKijXEMlFioN93jKw2P?usp=sharing\" target=\"_blank\" rel=\"noopener\"><strong>Here<\/strong><\/a> Google Drive<\/p>\n<\/div><\/div><div class=\"tab-pane fade\" id=\"hongo-1777443894-1558106801-3\"><div class=\"vc_message_box vc_message_box-standard vc_message_box-rounded vc_color-info\" ><div class=\"vc_message_box-icon\"><i class=\"fas fa-info-circle\"><\/i><\/div><p><strong>\"No name\" catalog<\/strong> PDF file. Download <a href=\"https:\/\/drive.google.com\/file\/d\/1T3jY1IEvjZyW65kZ7wrxCNZKda5sPvBa\/view?usp=sharing\" target=\"_blank\" rel=\"noopener\"><strong>Here<\/strong><\/a><\/p>\n<\/div><\/div><div class=\"tab-pane fade\" id=\"hongo-1777443894-1558106801-4\"><div class=\"vc_message_box vc_message_box-standard vc_message_box-rounded vc_color-info\" ><div class=\"vc_message_box-icon\"><i class=\"fas fa-info-circle\"><\/i><\/div><ul>\n<li>CMYK logo (PDF) - <a href=\"https:\/\/headwear.com.pl\/wp-content\/uploads\/2021\/05\/Headwear_COLOR_CMYK_logo.pdf\" target=\"_blank\" rel=\"noopener\"><strong>download<\/strong><\/a><\/li>\n<li>RGB logo (PDF) - <a href=\"https:\/\/headwear.com.pl\/wp-content\/uploads\/2021\/05\/Headwear_COLOR_RGB_logo.pdf\" target=\"_blank\" rel=\"noopener\"><strong>download<\/strong><\/a><\/li>\n<li>Mono Black logo (PDF) - <a href=\"https:\/\/headwear.com.pl\/wp-content\/uploads\/2021\/05\/Headwear_MONO_BLACK_RGB_logo.pdf\" target=\"_blank\" rel=\"noopener\"><strong>download<\/strong><\/a><\/li>\n<li>Mono White logo (PDF) - <a href=\"https:\/\/headwear.com.pl\/wp-content\/uploads\/2021\/05\/Headwear_MONO_WHITE_RGB_logo.pdf\" target=\"_blank\" rel=\"noopener\"><strong>download<\/strong><\/a><\/li>\n<\/ul>\n<\/div><\/div><\/div><\/div><\/div><\/div><\/div><\/section>","protected":false},"excerpt":{"rendered":"Materia\u0142y do pobrania dla agencji reklamowychW tym miejscu mo\u017cesz pobra\u0107 materia\u0142y, kt\u00f3re b\u0119d\u0105 pomocne w codziennej pracy z Twoimi klientami. Poni\u017cej znajduj\u0105 si\u0119 materia\u0142y do pobrania: zdj\u0119cia produktowe czapek reklamowych, zdj\u0119cia wizerunkowe (sesja modowa), szablony do przygotowania wizualizacji w formacie PDF, katalog z czapkami reklamowymi w wersji \"no name\". Je\u015bli potrzebujesz jeszcze jaki\u015b dodatkowych materia\u0142\u00f3w, to prosimy o kontakt marcin.jedrzejczyk@headwear.com.pl ------------------------------------------------------------------------ Zdj\u0119cia produktoweZdj\u0119cia wizerunkoweSzablony do wizualizacji (PDF)KatalogLogo Headwear ProfessionalsZdj\u0119cia produktowe w jako\u015bci HD (czapki z daszkiem, czapki zimowe, kapelusze, daszki). Sprawd\u017a pliki do pobrania - TUTAJ (folder Google Drive) Stylizowane zdj\u0119cia wizerunkowe w jako\u015bci HD: czapki z daszkiem - sprawd\u017a pliki do pobrania \u2013 TUTAJ czapki zimowe - sprawd\u017a pliki do pobrania \u2013 TUTAJ kapelusze i daszki - sprawd\u017a pliki do pobrania \u2013 TUTAJ Szablony do przygotowania wizualizacji. Pliki w formacie PDF. Sprawd\u017a pliki do pobrania \u2013 TUTAJ (folder Google Drive) Katalog \"no name\" w formacie PDF. Plik do pobrania TUTAJ Logo CMYK (PDF) - pobierz Logo RGB (PDF) - pobierz Logo Mono Black (PDF) - pobierz Logo Mono White (PDF) - pobierz","protected":false},"author":1,"featured_media":0,"parent":0,"menu_order":0,"comment_status":"closed","ping_status":"closed","template":"","meta":{"footnotes":""},"yoast_head":"<!-- This site is optimized with the Yoast SEO plugin v22.7 - https:\/\/yoast.com\/wordpress\/plugins\/seo\/ -->\n<title>Materia\u0142y do pobrania, czapki reklamowe - Headwear Professionals<\/title>\n<meta name=\"description\" content=\"Materia\u0142y do pobrania - zdj\u0119cia czapek reklamowych (z daszkiem, zimowe, kapelusze i daszki), pliki do wizualizacji, zdj\u0119cia wizerunkowe\" \/>\n<meta name=\"robots\" content=\"index, follow, max-snippet:-1, max-image-preview:large, max-video-preview:-1\" \/>\n<link rel=\"canonical\" href=\"https:\/\/headwear.com.pl\/en\/download\/\" \/>\n<meta property=\"og:locale\" content=\"en_GB\" \/>\n<meta property=\"og:type\" content=\"article\" \/>\n<meta property=\"og:title\" content=\"Materia\u0142y do pobrania, czapki reklamowe - Headwear Professionals\" \/>\n<meta property=\"og:description\" content=\"Materia\u0142y do pobrania - zdj\u0119cia czapek reklamowych (z daszkiem, zimowe, kapelusze i daszki), pliki do wizualizacji, zdj\u0119cia wizerunkowe\" \/>\n<meta property=\"og:url\" content=\"https:\/\/headwear.com.pl\/en\/download\/\" \/>\n<meta property=\"og:site_name\" content=\"Headwear Professionals\" \/>\n<meta property=\"article:publisher\" content=\"https:\/\/www.facebook.com\/HeadwearPolska\" \/>\n<meta property=\"article:modified_time\" content=\"2024-02-20T08:23:15+00:00\" \/>\n<meta name=\"twitter:card\" content=\"summary_large_image\" \/>\n<meta name=\"twitter:label1\" content=\"Estimated reading time\" \/>\n\t<meta name=\"twitter:data1\" content=\"1 minute\" \/>\n<script type=\"application\/ld+json\" class=\"yoast-schema-graph\">{\"@context\":\"https:\/\/schema.org\",\"@graph\":[{\"@type\":\"WebPage\",\"@id\":\"https:\/\/headwear.com.pl\/download\/\",\"url\":\"https:\/\/headwear.com.pl\/download\/\",\"name\":\"Materia\u0142y do pobrania, czapki reklamowe - Headwear Professionals\",\"isPartOf\":{\"@id\":\"https:\/\/headwear.com.pl\/fr\/#website\"},\"datePublished\":\"2021-05-21T08:09:49+00:00\",\"dateModified\":\"2024-02-20T08:23:15+00:00\",\"description\":\"Materia\u0142y do pobrania - zdj\u0119cia czapek reklamowych (z daszkiem, zimowe, kapelusze i daszki), pliki do wizualizacji, zdj\u0119cia wizerunkowe\",\"breadcrumb\":{\"@id\":\"https:\/\/headwear.com.pl\/download\/#breadcrumb\"},\"inLanguage\":\"en-GB\",\"potentialAction\":[{\"@type\":\"ReadAction\",\"target\":[\"https:\/\/headwear.com.pl\/download\/\"]}]},{\"@type\":\"BreadcrumbList\",\"@id\":\"https:\/\/headwear.com.pl\/download\/#breadcrumb\",\"itemListElement\":[{\"@type\":\"ListItem\",\"position\":1,\"name\":\"Strona g\u0142\u00f3wna\",\"item\":\"https:\/\/headwear.com.pl\/\"},{\"@type\":\"ListItem\",\"position\":2,\"name\":\"Download\"}]},{\"@type\":\"WebSite\",\"@id\":\"https:\/\/headwear.com.pl\/fr\/#website\",\"url\":\"https:\/\/headwear.com.pl\/fr\/\",\"name\":\"Headwear Professionals\",\"description\":\"Produkcj\u0105 czapek reklamowych zajmujemy si\u0119 od 1974 roku. Pracujemy tylko z agencjami reklamowymi\",\"publisher\":{\"@id\":\"https:\/\/headwear.com.pl\/fr\/#organization\"},\"potentialAction\":[{\"@type\":\"SearchAction\",\"target\":{\"@type\":\"EntryPoint\",\"urlTemplate\":\"https:\/\/headwear.com.pl\/fr\/?s={search_term_string}\"},\"query-input\":\"required name=search_term_string\"}],\"inLanguage\":\"en-GB\"},{\"@type\":\"Organization\",\"@id\":\"https:\/\/headwear.com.pl\/fr\/#organization\",\"name\":\"Headwear Professionals\",\"url\":\"https:\/\/headwear.com.pl\/fr\/\",\"logo\":{\"@type\":\"ImageObject\",\"inLanguage\":\"en-GB\",\"@id\":\"https:\/\/headwear.com.pl\/fr\/#\/schema\/logo\/image\/\",\"url\":\"https:\/\/headwear.com.pl\/wp-content\/uploads\/2024\/05\/Headwear_COLOR_RGB_logo.jpg\",\"contentUrl\":\"https:\/\/headwear.com.pl\/wp-content\/uploads\/2024\/05\/Headwear_COLOR_RGB_logo.jpg\",\"width\":1786,\"height\":1263,\"caption\":\"Headwear Professionals\"},\"image\":{\"@id\":\"https:\/\/headwear.com.pl\/fr\/#\/schema\/logo\/image\/\"},\"sameAs\":[\"https:\/\/www.facebook.com\/HeadwearPolska\",\"https:\/\/www.linkedin.com\/company\/headwearpolska\"]}]}<\/script>\n<!-- \/ Yoast SEO plugin. -->","yoast_head_json":{"title":"Files to download. Advertising caps - Headwear Professionals","description":"Download materials - photos of advertising caps (baseball caps, winter hats and visors), files for visualization, image photos","robots":{"index":"index","follow":"follow","max-snippet":"max-snippet:-1","max-image-preview":"max-image-preview:large","max-video-preview":"max-video-preview:-1"},"canonical":"https:\/\/headwear.com.pl\/en\/download\/","og_locale":"en_GB","og_type":"article","og_title":"Materia\u0142y do pobrania, czapki reklamowe - Headwear Professionals","og_description":"Materia\u0142y do pobrania - zdj\u0119cia czapek reklamowych (z daszkiem, zimowe, kapelusze i daszki), pliki do wizualizacji, zdj\u0119cia wizerunkowe","og_url":"https:\/\/headwear.com.pl\/en\/download\/","og_site_name":"Headwear Professionals","article_publisher":"https:\/\/www.facebook.com\/HeadwearPolska","article_modified_time":"2024-02-20T08:23:15+00:00","twitter_card":"summary_large_image","twitter_misc":{"Estimated reading time":"1 minute"},"schema":{"@context":"https:\/\/schema.org","@graph":[{"@type":"WebPage","@id":"https:\/\/headwear.com.pl\/download\/","url":"https:\/\/headwear.com.pl\/download\/","name":"Files to download. Advertising caps - Headwear Professionals","isPartOf":{"@id":"https:\/\/headwear.com.pl\/fr\/#website"},"datePublished":"2021-05-21T08:09:49+00:00","dateModified":"2024-02-20T08:23:15+00:00","description":"Download materials - photos of advertising caps (baseball caps, winter hats and visors), files for visualization, image photos","breadcrumb":{"@id":"https:\/\/headwear.com.pl\/download\/#breadcrumb"},"inLanguage":"en-GB","potentialAction":[{"@type":"ReadAction","target":["https:\/\/headwear.com.pl\/download\/"]}]},{"@type":"BreadcrumbList","@id":"https:\/\/headwear.com.pl\/download\/#breadcrumb","itemListElement":[{"@type":"ListItem","position":1,"name":"Strona g\u0142\u00f3wna","item":"https:\/\/headwear.com.pl\/"},{"@type":"ListItem","position":2,"name":"Download"}]},{"@type":"WebSite","@id":"https:\/\/headwear.com.pl\/fr\/#website","url":"https:\/\/headwear.com.pl\/fr\/","name":"Headwear Professionals","description":"We have been manufacturing advertising caps since 1974. We work only with advertising agencies","publisher":{"@id":"https:\/\/headwear.com.pl\/fr\/#organization"},"potentialAction":[{"@type":"SearchAction","target":{"@type":"EntryPoint","urlTemplate":"https:\/\/headwear.com.pl\/fr\/?s={search_term_string}"},"query-input":"required name=search_term_string"}],"inLanguage":"en-GB"},{"@type":"Organization","@id":"https:\/\/headwear.com.pl\/fr\/#organization","name":"Headwear Professionals","url":"https:\/\/headwear.com.pl\/fr\/","logo":{"@type":"ImageObject","inLanguage":"en-GB","@id":"https:\/\/headwear.com.pl\/fr\/#\/schema\/logo\/image\/","url":"https:\/\/headwear.com.pl\/wp-content\/uploads\/2024\/05\/Headwear_COLOR_RGB_logo.jpg","contentUrl":"https:\/\/headwear.com.pl\/wp-content\/uploads\/2024\/05\/Headwear_COLOR_RGB_logo.jpg","width":1786,"height":1263,"caption":"Headwear Professionals"},"image":{"@id":"https:\/\/headwear.com.pl\/fr\/#\/schema\/logo\/image\/"},"sameAs":["https:\/\/www.facebook.com\/HeadwearPolska","https:\/\/www.linkedin.com\/company\/headwearpolska"]}]}},"_links":{"self":[{"href":"https:\/\/headwear.com.pl\/en\/wp-json\/wp\/v2\/pages\/106122"}],"collection":[{"href":"https:\/\/headwear.com.pl\/en\/wp-json\/wp\/v2\/pages"}],"about":[{"href":"https:\/\/headwear.com.pl\/en\/wp-json\/wp\/v2\/types\/page"}],"author":[{"embeddable":true,"href":"https:\/\/headwear.com.pl\/en\/wp-json\/wp\/v2\/users\/1"}],"replies":[{"embeddable":true,"href":"https:\/\/headwear.com.pl\/en\/wp-json\/wp\/v2\/comments?post=106122"}],"version-history":[{"count":3,"href":"https:\/\/headwear.com.pl\/en\/wp-json\/wp\/v2\/pages\/106122\/revisions"}],"predecessor-version":[{"id":108898,"href":"https:\/\/headwear.com.pl\/en\/wp-json\/wp\/v2\/pages\/106122\/revisions\/108898"}],"wp:attachment":[{"href":"https:\/\/headwear.com.pl\/en\/wp-json\/wp\/v2\/media?parent=106122"}],"curies":[{"name":"wp","href":"https:\/\/api.w.org\/{rel}","templated":true}]}}