{"id":108365,"date":"2023-05-30T10:54:50","date_gmt":"2023-05-30T08:54:50","guid":{"rendered":"https:\/\/headwear.com.pl\/?page_id=108365"},"modified":"2023-06-01T13:30:02","modified_gmt":"2023-06-01T11:30:02","slug":"marketing_en","status":"publish","type":"page","link":"https:\/\/headwear.com.pl\/en\/marketing_en\/","title":{"rendered":"Marketing and sales support"},"content":{"rendered":"<section class=\"vc_row wpb_row vc_row-fluid\"><div class=\"wpb_column vc_column_container col-xs-mobile-fullwidth vc_col-sm-12\"><div class=\"vc_column-inner  hongo_responsive_1564475863854\"><div class=\"wpb_wrapper\"><div class=\"alt-font heading-style-2 vc_custom_1685433517208  hongo_responsive_1685433517210 heading-1 hongo-section-heading hongo_font_1685433517207\">Marketing and sales support<\/div><div class=\"alt-font heading-style-3 vc_custom_1685433525963  hongo_responsive_1685433525969 heading-2 hongo-section-heading hongo_font_1685433525960\">Our aim is to ensure full support for advertising agencies with which we cooperate. We want to be your reliable partner supplying high quality products and marketing tools that will help you achieve sales success.<\/div><div class=\"text-block-content hongo-text-block-1 last-paragraph-no-margin\"><p>If you are an advertising agency and look for a partner to deliver high quality advertising caps, we encourage you to cooperate with Headwear Professionals. Contact us today to learn more about our products and tools that we can offer you. Together, we can achieve amazing results in the field of advertising and sale of advertising caps!<\/p>\n<p><strong>Here are several tools that we have prepared specifically for our partners:<\/strong><\/p>\n<\/div><\/div><\/div><\/div><\/section><section data-vc-full-width=\"true\" data-vc-full-width-init=\"false\" class=\"vc_row wpb_row vc_row-fluid  vc_custom_1685433892626   cover-background hongo-stretch-content hongo-stretch-row-container vc_row-o-content-middle vc_row-flex  hongo_responsive_1685433892629\"><div class=\"wpb_column vc_column_container vc_col-sm-3 vc_col-md-3 vc_col-xs-12 wow zoomIn text-center\" data-wow-delay= \"100ms\" data-wow-duration= \"1200ms\"><div class=\"vc_column-inner\"><div class=\"wpb_wrapper\"><div class=\"hongo-featurebox-wrap hongo-product-featurebox fancy-text-box-style-1 fancy_text_box1-1\"><div class=\"hongo-featurebox-wrapper\"><div class=\"hongo-featurebox-wrapper-main\"><span class=\"base-color alt-font\">1<\/span><div class=\"hongo-featurebox-inner-wrap\"><div class=\"hongo-featurebox-text hongo_font_1685434419418 alt-font\">\u201cno name\u201d website<\/div><div class=\"sub-title alt-font\">An exceptional offer of advertising caps for advertising agencies.<\/div><\/div><\/div><div class=\"content\">We believe in the meaning of customisation for advertising agencies. Therefore we share our \"no name\u201d website on which you can find a full range of our products as well as a description of the most popular branding techniques for advertising caps. In this way, you can present advertising caps to you clients that will perfectly match the image and advertising purposes.<\/div><\/div><\/div><\/div><\/div><\/div><div class=\"wpb_column vc_column_container vc_col-sm-3 vc_col-md-3 vc_col-xs-12 wow zoomIn text-center\" data-wow-delay= \"300ms\" data-wow-duration= \"1200ms\"><div class=\"vc_column-inner\"><div class=\"wpb_wrapper\"><div class=\"hongo-featurebox-wrap hongo-product-featurebox fancy-text-box-style-1 fancy_text_box1-2\"><div class=\"hongo-featurebox-wrapper\"><div class=\"hongo-featurebox-wrapper-main\"><span class=\"base-color alt-font\">2<\/span><div class=\"hongo-featurebox-inner-wrap\"><div class=\"hongo-featurebox-text hongo_font_1685436111938 alt-font\">Product files (XML, CSV, XLS)<\/div><div class=\"sub-title alt-font\">Integrate our products easily on your website.<\/div><\/div><\/div><div class=\"content\">We believe in simplicity and convenience for our partners. Therefore, we share the XML files, which the advertising agencies may easily download and integrate on their websites. In this way, you have full control over the presentation of our products and customers can be given direct access to the latest range of advertising caps.<\/div><\/div><\/div><\/div><\/div><\/div><div class=\"wpb_column vc_column_container vc_col-sm-3 vc_col-md-3 vc_col-xs-12 wow zoomIn text-center\" data-wow-delay= \"500ms\" data-wow-duration= \"1200ms\"><div class=\"vc_column-inner\"><div class=\"wpb_wrapper\"><div class=\"hongo-featurebox-wrap hongo-product-featurebox fancy-text-box-style-1 fancy_text_box1-3\"><div class=\"hongo-featurebox-wrapper\"><div class=\"hongo-featurebox-wrapper-main\"><span class=\"base-color alt-font\">3<\/span><div class=\"hongo-featurebox-inner-wrap\"><div class=\"hongo-featurebox-text hongo_font_1685434606319 alt-font\">Photos and graphics to use<\/div><div class=\"sub-title alt-font\">Expressive graphics on websites and in social media.<\/div><\/div><\/div><div class=\"content\">Nowadays, image is of paramount importance. That is why we provide our advertising agencies with professional graphics that can be used on websites, in social media and other marketing campaigns. Our graphics are aesthetically pleasing and attractive, attracting the attention of potential customers and helping to promote the advertising caps.<\/div><\/div><\/div><\/div><\/div><\/div><div class=\"wpb_column vc_column_container col-xs-mobile-fullwidth vc_col-sm-3\"><div class=\"vc_column-inner\"><div class=\"wpb_wrapper\"><div class=\"vc-hoverbox-wrapper  vc-hoverbox-shape--rounded vc-hoverbox-align--center vc-hoverbox-direction--default vc-hoverbox-width--100\"  ontouchstart=\"\">\n  <div class=\"vc-hoverbox\">\n    <div class=\"vc-hoverbox-inner\">\n      <div class=\"vc-hoverbox-block vc-hoverbox-front\" style=\"background-image: url(https:\/\/headwear.com.pl\/wp-content\/uploads\/2023\/05\/Headwear-marketing-1-1024x1024.jpg);\">\n        <div class=\"vc-hoverbox-block-inner vc-hoverbox-front-inner\">\n            <h2 style=\"text-align:center\">\u201cno name\u201d website<\/h2>\n        <\/div>\n      <\/div>\n      <div class=\"vc-hoverbox-block vc-hoverbox-back\" style=\"background-color: #ebebeb;\">\n        <div class=\"vc-hoverbox-block-inner vc-hoverbox-back-inner\">\n            <h2 style=\"text-align:center\">\u201cno name\u201d website<\/h2>\n            <p>The website \"NO NAME\" is available at the link - <a href=\"https:\/\/promocap.eu\/\" target=\"_blank\" rel=\"noopener\"><strong>www.promocap.eu<\/strong><\/a><\/p>\n\n            \n        <\/div>\n      <\/div>\n    <\/div>\n  <\/div>\n<\/div><\/div><\/div><\/div><\/section><div class=\"vc_row-full-width vc_clearfix\"><\/div><section data-vc-full-width=\"true\" data-vc-full-width-init=\"false\" class=\"vc_row wpb_row vc_row-fluid  vc_custom_1654517279003   cover-background hongo-stretch-content hongo-stretch-row-container  hongo_responsive_1654517279004\"><div class=\"wpb_column vc_column_container vc_col-sm-3 vc_col-md-3 vc_col-xs-12 wow zoomIn text-center\" data-wow-delay= \"100ms\" data-wow-duration= \"1200ms\"><div class=\"vc_column-inner\"><div class=\"wpb_wrapper\"><div class=\"vc-hoverbox-wrapper  vc-hoverbox-shape--rounded vc-hoverbox-align--center vc-hoverbox-direction--default vc-hoverbox-width--100\"  ontouchstart=\"\">\n  <div class=\"vc-hoverbox\">\n    <div class=\"vc-hoverbox-inner\">\n      <div class=\"vc-hoverbox-block vc-hoverbox-front\" style=\"background-image: url(https:\/\/headwear.com.pl\/wp-content\/uploads\/2023\/05\/Headwear-marketing-2-1024x1024.jpg);\">\n        <div class=\"vc-hoverbox-block-inner vc-hoverbox-front-inner\">\n            <h2 style=\"text-align:center\">Product files<\/h2>\n        <\/div>\n      <\/div>\n      <div class=\"vc-hoverbox-block vc-hoverbox-back\" style=\"background-color: #ebebeb;\">\n        <div class=\"vc-hoverbox-block-inner vc-hoverbox-back-inner\">\n            <h2 style=\"text-align:center\">Product files<\/h2>\n            <p>Product files in xml, csv and xls formats. <a href=\"https:\/\/drive.google.com\/drive\/folders\/1_ewY0vZmnufXJgIo0hr3wneIY0TqfOTE?usp=sharing\" target=\"_blank\" rel=\"noopener\"><strong>Here<\/strong><\/a><\/p>\n\n            \n        <\/div>\n      <\/div>\n    <\/div>\n  <\/div>\n<\/div><\/div><\/div><\/div><div class=\"wpb_column vc_column_container vc_col-sm-3 vc_col-md-3 vc_col-xs-12 wow zoomIn text-center\" data-wow-delay= \"300ms\" data-wow-duration= \"1200ms\"><div class=\"vc_column-inner\"><div class=\"wpb_wrapper\"><div class=\"hongo-featurebox-wrap hongo-product-featurebox fancy-text-box-style-1 fancy_text_box1-4\"><div class=\"hongo-featurebox-wrapper\"><div class=\"hongo-featurebox-wrapper-main\"><span class=\"base-color alt-font\">4<\/span><div class=\"hongo-featurebox-inner-wrap\"><div class=\"hongo-featurebox-text hongo_font_1685434706571 alt-font\">Personalised newsletters<\/div><div class=\"sub-title alt-font\">Promote our products among your customers.<\/div><\/div><\/div><div class=\"content\">We support our advertising agencies also by preparing personalised newsletters. We provide information about our latest products, promotions and industry news, which the agencies can pass on to their customers. This gives you the opportunity to keep in touch with your base of customers and provide them with inspirational information about our advertising caps.<\/div><\/div><\/div><\/div><\/div><\/div><div class=\"wpb_column vc_column_container vc_col-sm-3 vc_col-md-3 vc_col-xs-12 wow zoomIn text-center\" data-wow-delay= \"500ms\" data-wow-duration= \"1200ms\"><div class=\"vc_column-inner\"><div class=\"wpb_wrapper\"><div class=\"hongo-featurebox-wrap hongo-product-featurebox fancy-text-box-style-1 fancy_text_box1-5\"><div class=\"hongo-featurebox-wrapper\"><div class=\"hongo-featurebox-wrapper-main\"><span class=\"base-color alt-font\">5<\/span><div class=\"hongo-featurebox-inner-wrap\"><div class=\"hongo-featurebox-text hongo_font_1685434760957 alt-font\">Personalised product catalogue (PDF)<\/div><div class=\"sub-title alt-font\">A unique presentation with your agency's logo.<\/div><\/div><\/div><div class=\"content\">We want to provide advertising agencies with unique promotional tools. That's why we offer the possibility to prepare a personalised product catalogue in the PDF format. This catalogue contains the full range of our advertising caps, however, with the exception that it will be enhanced with the logo of a given agency. This allows our products to be presented in a professional manner by agencies, while building their brand and image.<\/div><\/div><\/div><\/div><\/div><\/div><div class=\"wpb_column vc_column_container col-xs-mobile-fullwidth vc_col-sm-3 text-center\"><div class=\"vc_column-inner\"><div class=\"wpb_wrapper\"><div class=\"hongo-featurebox-wrap hongo-product-featurebox fancy-text-box-style-1 fancy_text_box1-6\"><div class=\"hongo-featurebox-wrapper\"><div class=\"hongo-featurebox-wrapper-main\"><span class=\"base-color alt-font\">6<\/span><div class=\"hongo-featurebox-inner-wrap\"><div class=\"hongo-featurebox-text hongo_font_1685434840394 alt-font\">Free product designs and samples<\/div><div class=\"sub-title alt-font\">Inspire your customers.<\/div><\/div><\/div><div class=\"content\">We believe that nothing convinces so effectively as the possibility to see and touch products directly. Therefore, we are pleased to offer free designs and samples of our products to advertising agencies. Upon request of an agency, we can send designs of advertising caps that may be used during presentations and meetings with clients.<\/div><\/div><\/div><\/div><\/div><\/div><\/section><div class=\"vc_row-full-width vc_clearfix\"><\/div><section data-vc-full-width=\"true\" data-vc-full-width-init=\"false\" data-vc-stretch-content=\"true\" class=\"vc_row wpb_row vc_row-fluid  vc_custom_1557490958548   hongo-stretch-content vc_row-no-padding hongo-stretch-content-fluid vc_row-o-equal-height vc_row-o-content-middle vc_row-flex  hongo_responsive_1557490958553\"><div class=\"wpb_column vc_column_container vc_col-has-fill vc_col-sm-12 vc_col-lg-6 vc_col-xs-12 wow fadeInRight\" data-wow-delay= \"200ms\"><div class=\"vc_column-inner vc_custom_1685439093479  hongo_responsive_1685439093481\"><div class=\"wpb_wrapper\"><\/div><\/div><\/div><div class=\"wpb_column vc_column_container vc_col-has-fill vc_col-sm-12 vc_col-lg-6 vc_col-xs-12 wow fadeInRight\" data-wow-delay= \"400ms\"><div class=\"vc_column-inner cover-background vc_custom_1563278666020  hongo_responsive_1563278666025\"><div class=\"wpb_wrapper\"><div class=\"text-block-content hongo-text-block-2 last-paragraph-no-margin\"><p>In order to prepare individual materials, please contact your sales representative or the marketing department: <a href=\"mailto:marketing@headwear.com.pl\">marketing@headwear.com.pl<\/a> \/ tel. +48 511 904 870.<\/p>\n<p>You can also use the contact form below.<\/p>\n<\/div>\n<div class=\"wpcf7 no-js\" id=\"wpcf7-f108396-o1\" lang=\"en-US\" dir=\"ltr\">\n<div class=\"screen-reader-response\"><p role=\"status\" aria-live=\"polite\" aria-atomic=\"true\"><\/p> <ul><\/ul><\/div>\n<form action=\"\/en\/wp-json\/wp\/v2\/pages\/108365#wpcf7-f108396-o1\" method=\"post\" class=\"wpcf7-form init\" aria-label=\"Contact form\" novalidate=\"novalidate\" data-status=\"init\" data-trp-original-action=\"\/en\/wp-json\/wp\/v2\/pages\/108365#wpcf7-f108396-o1\">\n<div style=\"display: none;\">\n<input type=\"hidden\" name=\"_wpcf7\" value=\"108396\" \/>\n<input type=\"hidden\" name=\"_wpcf7_version\" value=\"5.9.5\" \/>\n<input type=\"hidden\" name=\"_wpcf7_locale\" value=\"en_US\" \/>\n<input type=\"hidden\" name=\"_wpcf7_unit_tag\" value=\"wpcf7-f108396-o1\" \/>\n<input type=\"hidden\" name=\"_wpcf7_container_post\" value=\"0\" \/>\n<input type=\"hidden\" name=\"_wpcf7_posted_data_hash\" value=\"\" \/>\n<input type=\"hidden\" name=\"_wpcf7_recaptcha_response\" value=\"\" \/>\n<\/div>\n<div class=\"hongo-contact-form-style-1\">\n\t<p><span class=\"wpcf7-form-control-wrap\" data-name=\"contact-name\"><input size=\"40\" class=\"wpcf7-form-control wpcf7-text wpcf7-validates-as-required\" aria-required=\"true\" aria-invalid=\"false\" placeholder=\"Name*\" value=\"\" type=\"text\" name=\"contact-name\" \/><\/span><br \/>\n<span class=\"wpcf7-form-control-wrap\" data-name=\"contact-email\"><input size=\"40\" class=\"wpcf7-form-control wpcf7-email wpcf7-validates-as-required wpcf7-text wpcf7-validates-as-email\" aria-required=\"true\" aria-invalid=\"false\" placeholder=\"E-mail*\" value=\"\" type=\"email\" name=\"contact-email\" \/><\/span><br \/>\n<span class=\"wpcf7-form-control-wrap\" data-name=\"contact-message\"><textarea cols=\"40\" rows=\"3\" class=\"wpcf7-form-control wpcf7-textarea\" aria-invalid=\"false\" placeholder=\"Enter your message here\" name=\"contact-message\"><\/textarea><\/span><br \/>\n<input class=\"wpcf7-form-control wpcf7-submit has-spinner btn btn-small alt-font\" type=\"submit\" value=\"Send the form\" \/>\n\t<\/p>\n<\/div><div class=\"wpcf7-response-output\" aria-hidden=\"true\"><\/div>\n<input type=\"hidden\" name=\"trp-form-language\" value=\"en\"\/><\/form>\n<\/div>\n<\/div><\/div><\/div><\/section><div class=\"vc_row-full-width vc_clearfix\"><\/div><section class=\"vc_row wpb_row vc_row-fluid\"><div class=\"wpb_column vc_column_container col-xs-mobile-fullwidth vc_col-sm-12\"><div class=\"vc_column-inner\"><div class=\"wpb_wrapper\"><div class=\"text-block-content hongo-text-block-3 last-paragraph-no-margin\"><p class=\"translation-block\">We believe that our range of marketing and sales tools provides advertising agencies with valuable support. Our project team is on hand to help create personalised content, deliver eye-catching graphics and provide high quality materials to help promote and sell our advertising caps.<\/p>\n<p>If you are an advertising agency and are looking for a partner to provide not only quality advertising caps, but also comprehensive marketing support, we are here to help! Contact us today to start a fruitful cooperation.<\/p>\n<\/div><\/div><\/div><\/div><\/section>","protected":false},"excerpt":{"rendered":"Wsparcie marketingowe i sprzeda\u017cowe!Naszym celem jest zapewnienie pe\u0142nego wsparcia dla agencji reklamowych, z kt\u00f3rymi wsp\u00f3\u0142pracujemy. Chcemy by\u0107 waszym niezawodnym partnerem, dostarczaj\u0105cym wysokiej jako\u015bci produkty oraz narz\u0119dzia marketingowe, kt\u00f3re pomog\u0105 wam osi\u0105gn\u0105\u0107 sukces sprzeda\u017cowy.Je\u015bli jeste\u015bcie agencj\u0105 reklamow\u0105 i szukacie partnera do dostarczania wysokiej jako\u015bci czapek reklamowych, zach\u0119camy was do wsp\u00f3\u0142pracy z Headwear Professionals. Skontaktujcie si\u0119 z nami ju\u017c dzi\u015b, aby dowiedzie\u0107 si\u0119 wi\u0119cej o naszych produktach i narz\u0119dziach, kt\u00f3re mo\u017cemy wam zaoferowa\u0107. Razem mo\u017cemy osi\u0105gn\u0105\u0107 niesamowite wyniki w dziedzinie reklamy i sprzeda\u017cy czapek reklamowych! Oto kilka narz\u0119dzi, kt\u00f3re przygotowali\u015bmy specjalnie dla naszych partner\u00f3w: 1Strona ``no name``Wyj\u0105tkowa oferta czapek reklamowych dla agencji reklamowych.Wierzymy w znaczenie indywidualizacji dla agencji reklamowych. Dlatego udost\u0119pniamy nasz\u0105 stron\u0119 ``no name``, na kt\u00f3rej mo\u017cecie znale\u017a\u0107 pe\u0142n\u0105 gam\u0119 naszych produkt\u00f3w oraz opis najbardziej popularnych technika znakowania czapek reklamowych. Dzi\u0119ki temu mo\u017cecie zaprezentowa\u0107 klientom czapki reklamowe, kt\u00f3re b\u0119d\u0105 idealnie pasowa\u0107 do ich wizerunku i cel\u00f3w reklamowych.2Pliki produktowe (XML, CSV, XLS)Integruj nasze produkty z \u0142atwo\u015bci\u0105 na swojej stronie internetowej.Wierzymy w prostot\u0119 i wygod\u0119 dla naszych partner\u00f3w. Dlatego udost\u0119pniamy pliki XML, kt\u00f3re agencje reklamowe mog\u0105 \u0142atwo zaci\u0105gn\u0105\u0107 i zintegrowa\u0107 na swojej stronie internetowej. Dzi\u0119ki temu macie pe\u0142n\u0105 kontrol\u0119 nad prezentacj\u0105 naszych produkt\u00f3w, a klientom mo\u017cna zapewni\u0107 bezpo\u015bredni dost\u0119p do najnowszej oferty czapek...","protected":false},"author":1,"featured_media":0,"parent":0,"menu_order":0,"comment_status":"closed","ping_status":"closed","template":"","meta":{"footnotes":""},"yoast_head":"<!-- This site is optimized with the Yoast SEO plugin v22.7 - https:\/\/yoast.com\/wordpress\/plugins\/seo\/ -->\n<title>Wsparcie marketingowo - sprzeda\u017cowe - Headwear Professionals<\/title>\n<meta name=\"description\" content=\"Jeste\u015bmy przekonani, \u017ce nasza oferta narz\u0119dzi marketingowych i sprzeda\u017cowych dostarcza agencjom reklamowym warto\u015bciowe wsparcie.\" \/>\n<meta name=\"robots\" content=\"index, follow, max-snippet:-1, max-image-preview:large, max-video-preview:-1\" \/>\n<link rel=\"canonical\" href=\"https:\/\/headwear.com.pl\/en\/marketing_en\/\" \/>\n<meta property=\"og:locale\" content=\"en_GB\" \/>\n<meta property=\"og:type\" content=\"article\" \/>\n<meta property=\"og:title\" content=\"Wsparcie marketingowo - sprzeda\u017cowe - Headwear Professionals\" \/>\n<meta property=\"og:description\" content=\"Jeste\u015bmy przekonani, \u017ce nasza oferta narz\u0119dzi marketingowych i sprzeda\u017cowych dostarcza agencjom reklamowym warto\u015bciowe wsparcie.\" \/>\n<meta property=\"og:url\" content=\"https:\/\/headwear.com.pl\/en\/marketing_en\/\" \/>\n<meta property=\"og:site_name\" content=\"Headwear Professionals\" \/>\n<meta property=\"article:publisher\" content=\"https:\/\/www.facebook.com\/HeadwearPolska\" \/>\n<meta property=\"article:modified_time\" content=\"2023-06-01T11:30:02+00:00\" \/>\n<meta name=\"twitter:card\" content=\"summary_large_image\" \/>\n<meta name=\"twitter:label1\" content=\"Estimated reading time\" \/>\n\t<meta name=\"twitter:data1\" content=\"4 minutes\" \/>\n<script type=\"application\/ld+json\" class=\"yoast-schema-graph\">{\"@context\":\"https:\/\/schema.org\",\"@graph\":[{\"@type\":\"WebPage\",\"@id\":\"https:\/\/headwear.com.pl\/marketing\/\",\"url\":\"https:\/\/headwear.com.pl\/marketing\/\",\"name\":\"Wsparcie marketingowo - sprzeda\u017cowe - Headwear Professionals\",\"isPartOf\":{\"@id\":\"https:\/\/headwear.com.pl\/fr\/#website\"},\"datePublished\":\"2023-05-30T08:54:50+00:00\",\"dateModified\":\"2023-06-01T11:30:02+00:00\",\"description\":\"Jeste\u015bmy przekonani, \u017ce nasza oferta narz\u0119dzi marketingowych i sprzeda\u017cowych dostarcza agencjom reklamowym warto\u015bciowe wsparcie.\",\"breadcrumb\":{\"@id\":\"https:\/\/headwear.com.pl\/marketing\/#breadcrumb\"},\"inLanguage\":\"en-GB\",\"potentialAction\":[{\"@type\":\"ReadAction\",\"target\":[\"https:\/\/headwear.com.pl\/marketing\/\"]}]},{\"@type\":\"BreadcrumbList\",\"@id\":\"https:\/\/headwear.com.pl\/marketing\/#breadcrumb\",\"itemListElement\":[{\"@type\":\"ListItem\",\"position\":1,\"name\":\"Strona g\u0142\u00f3wna\",\"item\":\"https:\/\/headwear.com.pl\/\"},{\"@type\":\"ListItem\",\"position\":2,\"name\":\"Wsparcie marketingowo &#8211; sprzeda\u017cowe\"}]},{\"@type\":\"WebSite\",\"@id\":\"https:\/\/headwear.com.pl\/fr\/#website\",\"url\":\"https:\/\/headwear.com.pl\/fr\/\",\"name\":\"Headwear Professionals\",\"description\":\"Produkcj\u0105 czapek reklamowych zajmujemy si\u0119 od 1974 roku. Pracujemy tylko z agencjami reklamowymi\",\"publisher\":{\"@id\":\"https:\/\/headwear.com.pl\/fr\/#organization\"},\"potentialAction\":[{\"@type\":\"SearchAction\",\"target\":{\"@type\":\"EntryPoint\",\"urlTemplate\":\"https:\/\/headwear.com.pl\/fr\/?s={search_term_string}\"},\"query-input\":\"required name=search_term_string\"}],\"inLanguage\":\"en-GB\"},{\"@type\":\"Organization\",\"@id\":\"https:\/\/headwear.com.pl\/fr\/#organization\",\"name\":\"Headwear Professionals\",\"url\":\"https:\/\/headwear.com.pl\/fr\/\",\"logo\":{\"@type\":\"ImageObject\",\"inLanguage\":\"en-GB\",\"@id\":\"https:\/\/headwear.com.pl\/fr\/#\/schema\/logo\/image\/\",\"url\":\"https:\/\/headwear.com.pl\/wp-content\/uploads\/2024\/05\/Headwear_COLOR_RGB_logo.jpg\",\"contentUrl\":\"https:\/\/headwear.com.pl\/wp-content\/uploads\/2024\/05\/Headwear_COLOR_RGB_logo.jpg\",\"width\":1786,\"height\":1263,\"caption\":\"Headwear Professionals\"},\"image\":{\"@id\":\"https:\/\/headwear.com.pl\/fr\/#\/schema\/logo\/image\/\"},\"sameAs\":[\"https:\/\/www.facebook.com\/HeadwearPolska\",\"https:\/\/www.linkedin.com\/company\/headwearpolska\"]}]}<\/script>\n<!-- \/ Yoast SEO plugin. -->","yoast_head_json":{"title":"Marketing and sales support - Headwear Professionals","description":"We believe that our range of marketing and sales tools provides advertising agencies with valuable support.","robots":{"index":"index","follow":"follow","max-snippet":"max-snippet:-1","max-image-preview":"max-image-preview:large","max-video-preview":"max-video-preview:-1"},"canonical":"https:\/\/headwear.com.pl\/en\/marketing_en\/","og_locale":"en_GB","og_type":"article","og_title":"Wsparcie marketingowo - sprzeda\u017cowe - Headwear Professionals","og_description":"Jeste\u015bmy przekonani, \u017ce nasza oferta narz\u0119dzi marketingowych i sprzeda\u017cowych dostarcza agencjom reklamowym warto\u015bciowe wsparcie.","og_url":"https:\/\/headwear.com.pl\/en\/marketing_en\/","og_site_name":"Headwear Professionals","article_publisher":"https:\/\/www.facebook.com\/HeadwearPolska","article_modified_time":"2023-06-01T11:30:02+00:00","twitter_card":"summary_large_image","twitter_misc":{"Estimated reading time":"4 minutes"},"schema":{"@context":"https:\/\/schema.org","@graph":[{"@type":"WebPage","@id":"https:\/\/headwear.com.pl\/marketing\/","url":"https:\/\/headwear.com.pl\/marketing\/","name":"Marketing and sales support - Headwear Professionals","isPartOf":{"@id":"https:\/\/headwear.com.pl\/fr\/#website"},"datePublished":"2023-05-30T08:54:50+00:00","dateModified":"2023-06-01T11:30:02+00:00","description":"We believe that our range of marketing and sales tools provides advertising agencies with valuable support.","breadcrumb":{"@id":"https:\/\/headwear.com.pl\/marketing\/#breadcrumb"},"inLanguage":"en-GB","potentialAction":[{"@type":"ReadAction","target":["https:\/\/headwear.com.pl\/marketing\/"]}]},{"@type":"BreadcrumbList","@id":"https:\/\/headwear.com.pl\/marketing\/#breadcrumb","itemListElement":[{"@type":"ListItem","position":1,"name":"Strona g\u0142\u00f3wna","item":"https:\/\/headwear.com.pl\/"},{"@type":"ListItem","position":2,"name":"Wsparcie marketingowo &#8211; sprzeda\u017cowe"}]},{"@type":"WebSite","@id":"https:\/\/headwear.com.pl\/fr\/#website","url":"https:\/\/headwear.com.pl\/fr\/","name":"Headwear Professionals","description":"We have been manufacturing advertising caps since 1974. We work only with advertising agencies","publisher":{"@id":"https:\/\/headwear.com.pl\/fr\/#organization"},"potentialAction":[{"@type":"SearchAction","target":{"@type":"EntryPoint","urlTemplate":"https:\/\/headwear.com.pl\/fr\/?s={search_term_string}"},"query-input":"required name=search_term_string"}],"inLanguage":"en-GB"},{"@type":"Organization","@id":"https:\/\/headwear.com.pl\/fr\/#organization","name":"Headwear Professionals","url":"https:\/\/headwear.com.pl\/fr\/","logo":{"@type":"ImageObject","inLanguage":"en-GB","@id":"https:\/\/headwear.com.pl\/fr\/#\/schema\/logo\/image\/","url":"https:\/\/headwear.com.pl\/wp-content\/uploads\/2024\/05\/Headwear_COLOR_RGB_logo.jpg","contentUrl":"https:\/\/headwear.com.pl\/wp-content\/uploads\/2024\/05\/Headwear_COLOR_RGB_logo.jpg","width":1786,"height":1263,"caption":"Headwear Professionals"},"image":{"@id":"https:\/\/headwear.com.pl\/fr\/#\/schema\/logo\/image\/"},"sameAs":["https:\/\/www.facebook.com\/HeadwearPolska","https:\/\/www.linkedin.com\/company\/headwearpolska"]}]}},"_links":{"self":[{"href":"https:\/\/headwear.com.pl\/en\/wp-json\/wp\/v2\/pages\/108365"}],"collection":[{"href":"https:\/\/headwear.com.pl\/en\/wp-json\/wp\/v2\/pages"}],"about":[{"href":"https:\/\/headwear.com.pl\/en\/wp-json\/wp\/v2\/types\/page"}],"author":[{"embeddable":true,"href":"https:\/\/headwear.com.pl\/en\/wp-json\/wp\/v2\/users\/1"}],"replies":[{"embeddable":true,"href":"https:\/\/headwear.com.pl\/en\/wp-json\/wp\/v2\/comments?post=108365"}],"version-history":[{"count":29,"href":"https:\/\/headwear.com.pl\/en\/wp-json\/wp\/v2\/pages\/108365\/revisions"}],"predecessor-version":[{"id":108399,"href":"https:\/\/headwear.com.pl\/en\/wp-json\/wp\/v2\/pages\/108365\/revisions\/108399"}],"wp:attachment":[{"href":"https:\/\/headwear.com.pl\/en\/wp-json\/wp\/v2\/media?parent=108365"}],"curies":[{"name":"wp","href":"https:\/\/api.w.org\/{rel}","templated":true}]}}