{"id":9333,"date":"2018-05-01T07:00:02","date_gmt":"2018-05-01T07:00:02","guid":{"rendered":"https:\/\/hongo.themezaa.com\/?page_id=9333"},"modified":"2025-02-19T10:15:45","modified_gmt":"2025-02-19T09:15:45","slug":"katalog","status":"publish","type":"page","link":"https:\/\/headwear.com.pl\/en\/katalog\/","title":{"rendered":"Catalogues"},"content":{"rendered":"<section data-vc-full-width=\"true\" data-vc-full-width-init=\"false\" data-vc-stretch-content=\"true\" class=\"vc_row wpb_row vc_row-fluid  vc_custom_1560924148419   hongo-row-min-height hongo-stretch-content hongo-stretch-content-fluid vc_row-o-equal-height vc_row-o-content-middle vc_row-flex  hongo_responsive_1560924148422\" style=\"min-height: 650px;\"><div class=\"wpb_column vc_column_container vc_col-has-fill vc_col-sm-12 vc_col-md-6 vc_col-xs-12 wow fadeInLeft\" data-wow-delay= \"100ms\" data-wow-duration= \"1200ms\"><div class=\"vc_column-inner cover-background vc_custom_1739956061027  hongo_responsive_1739956061029\"><div class=\"wpb_wrapper\"><\/div><\/div><\/div><div class=\"wpb_column vc_column_container vc_col-has-fill col-xs-mobile-fullwidth vc_col-sm-12 vc_col-md-6 wow fadeInRight xs-text-center\" data-wow-delay= \"300ms\" data-wow-duration= \"1200ms\"><div class=\"vc_column-inner vc_custom_1564398713968  hongo_responsive_1564398713971\"><div class=\"wpb_wrapper\"><div class=\"vc_row wpb_row vc_inner vc_row-fluid   wow fadeInRight  hongo_responsive_1564398762139\"><div class=\"wpb_column vc_column_container col-xs-mobile-fullwidth vc_col-sm-12 vc_col-md-12\"><div class=\"vc_column-inner vc_custom_1564398750403\"><div class=\"wpb_wrapper\"><div class=\"alt-font heading-style-1 vc_custom_1614672779923 heading-1 hongo-section-heading hongo_font_1614672779923\">See the latest product catalog!<\/div><div class=\"text-block-content hongo-text-block-1 vc_custom_1614672755972 last-paragraph-no-margin\"><p><strong>Over 150 styles of advertising caps available from stock - baseball caps, beanies, hats and visors - all of this can be found in the latest catalog of Headwear Professionals - the European leader in the production of advertising caps.<\/strong><\/p>\n<p>In addition, the catalog presents top styles of caps for the upcoming season. In the catalog you can also find a description of all possible decorations and personalization for advertising caps.<\/p>\n<\/div><\/div><\/div><\/div><\/div><div class=\"hongo-featurebox-wrap hongo-product-featurebox vc_custom_1739956261184  hongo_responsive_1739956261186 icon-text-style-8 equal_height_disable icon_text8-1\"><div class=\"hongo-featurebox-wrapper\"><div class=\"hongo-featurebox-inner-wrap\"><div class=\"hongo-featurebox-img\"><a target=\"_blank\" href=\"https:\/\/issuu.com\/headweareu\/docs\/catalog_2025_-_headwear_professionals?fr=xKAE9_zU1NQ\"><i class=\"icon-white fas fa-file-download icon-extra-medium\"><\/i><\/a><\/div><div class=\"sub-title\">ISSUU<\/div><div class=\"title hongo_font_1739956261179 alt-font\"><a target=\"_blank\" href=\"https:\/\/issuu.com\/headweareu\/docs\/catalog_2025_-_headwear_professionals?fr=xKAE9_zU1NQ\" class=\"hongo-title-link hongo_font_1739956261179 alt-font\">Browse online<\/a><\/div><\/div><div class=\"content\">Browse the online catalog on the ISSUU platform<\/div><\/div><\/div><div class=\"hongo-featurebox-wrap hongo-product-featurebox vc_custom_1739956394347  hongo_responsive_1739956394348 icon-text-style-8 equal_height_disable icon_text8-2\"><div class=\"hongo-featurebox-wrapper\"><div class=\"hongo-featurebox-inner-wrap\"><div class=\"hongo-featurebox-img\"><a target=\"_blank\" href=\"https:\/\/drive.google.com\/file\/d\/1swvCjaRFiObZLCATqw_RpyUMMXgnBVoP\/view?usp=sharing\"><i class=\"icon-white fas fa-file-download icon-extra-medium\"><\/i><\/a><\/div><div class=\"sub-title\">PDF<\/div><div class=\"title hongo_font_1739956394341 alt-font\"><a target=\"_blank\" href=\"https:\/\/drive.google.com\/file\/d\/1swvCjaRFiObZLCATqw_RpyUMMXgnBVoP\/view?usp=sharing\" class=\"hongo-title-link hongo_font_1739956394341 alt-font\">Download PDF<\/a><\/div><\/div><div class=\"content\">Download no name catalogue<\/div><\/div><\/div><div class=\"alt-font heading-style-6 heading-2 hongo-section-heading hongo_font_1614872118327\"><span>Order a printed catalog or online catalog with an individual cover<\/span><\/div><div class=\"text-block-content hongo-text-block-2 last-paragraph-no-margin\"><p>If you want to receive:<\/p>\n<ul>\n<li><strong>printed catalogue,<\/strong><\/li>\n<li><strong>catalogue with individual cover,<\/strong><\/li>\n<li><strong>catalog in a different language version,<\/strong><\/li>\n<\/ul>\n<p><strong>Fill out the form below and we will contact you as soon as possible to clarify your needs!<\/strong><\/p>\n<\/div><div class=\"vc_separator wpb_content_element vc_separator_align_center vc_sep_width_100 vc_sep_pos_align_center vc_separator_no_text vc_sep_color_grey\" ><span class=\"vc_sep_holder vc_sep_holder_l\"><span  class=\"vc_sep_line\"><\/span><\/span><span class=\"vc_sep_holder vc_sep_holder_r\"><span  class=\"vc_sep_line\"><\/span><\/span>\n<\/div>\n<div class=\"wpcf7 no-js\" id=\"wpcf7-f105624-o1\" lang=\"en-US\" dir=\"ltr\">\n<div class=\"screen-reader-response\"><p role=\"status\" aria-live=\"polite\" aria-atomic=\"true\"><\/p> <ul><\/ul><\/div>\n<form action=\"\/en\/wp-json\/wp\/v2\/pages\/9333#wpcf7-f105624-o1\" method=\"post\" class=\"wpcf7-form init\" aria-label=\"Contact form\" novalidate=\"novalidate\" data-status=\"init\" data-trp-original-action=\"\/en\/wp-json\/wp\/v2\/pages\/9333#wpcf7-f105624-o1\">\n<div style=\"display: none;\">\n<input type=\"hidden\" name=\"_wpcf7\" value=\"105624\" \/>\n<input type=\"hidden\" name=\"_wpcf7_version\" value=\"5.9.5\" \/>\n<input type=\"hidden\" name=\"_wpcf7_locale\" value=\"en_US\" \/>\n<input type=\"hidden\" name=\"_wpcf7_unit_tag\" value=\"wpcf7-f105624-o1\" \/>\n<input type=\"hidden\" name=\"_wpcf7_container_post\" value=\"0\" \/>\n<input type=\"hidden\" name=\"_wpcf7_posted_data_hash\" value=\"\" \/>\n<input type=\"hidden\" name=\"_wpcf7_recaptcha_response\" value=\"\" \/>\n<\/div>\n<div class=\"hongo-contact-form-style-1\">\n\t<p><span class=\"wpcf7-form-control-wrap\" data-name=\"contact-name\"><input size=\"40\" class=\"wpcf7-form-control wpcf7-text wpcf7-validates-as-required\" aria-required=\"true\" aria-invalid=\"false\" placeholder=\"Name*\" value=\"\" type=\"text\" name=\"contact-name\" \/><\/span><br \/>\n<span class=\"wpcf7-form-control-wrap\" data-name=\"contact-email\"><input size=\"40\" class=\"wpcf7-form-control wpcf7-email wpcf7-validates-as-required wpcf7-text wpcf7-validates-as-email\" aria-required=\"true\" aria-invalid=\"false\" placeholder=\"E-mail*\" value=\"\" type=\"email\" name=\"contact-email\" \/><\/span><br \/>\n<span class=\"wpcf7-form-control-wrap\" data-name=\"contact-subject\"><input size=\"40\" class=\"wpcf7-form-control wpcf7-text\" aria-invalid=\"false\" placeholder=\"Message Subject\" value=\"\" type=\"text\" name=\"contact-subject\" \/><\/span><br \/>\n<span class=\"wpcf7-form-control-wrap\" data-name=\"contact-message\"><textarea cols=\"40\" rows=\"3\" class=\"wpcf7-form-control wpcf7-textarea\" aria-invalid=\"false\" placeholder=\"Briefly describe your need.\" name=\"contact-message\"><\/textarea><\/span><br \/>\n<input class=\"wpcf7-form-control wpcf7-submit has-spinner btn btn-small alt-font\" type=\"submit\" value=\"Send the form\" \/>\n\t<\/p>\n<\/div><div class=\"wpcf7-response-output\" aria-hidden=\"true\"><\/div>\n<input type=\"hidden\" name=\"trp-form-language\" value=\"en\"\/><\/form>\n<\/div>\n<\/div><\/div><\/div><\/section><div class=\"vc_row-full-width vc_clearfix\"><\/div>","protected":false},"excerpt":{"rendered":"Check out the latest product catalogue! Over 150 styles of promotional caps available immediately \u2013 baseball caps, winter caps, hats and visors \u2013 all can be found in the latest catalogue from Headwear Professionals \u2013 the European leader in the production of promotional caps. In addition, the catalogue presents the top cap models for the coming season. The catalogue also includes a description of all the options for branding and personalising promotional caps. ISSUUBrowse the catalogue onlineBrowse the online catalogue, which is available on the ISSUUPDF platform. Download the catalogue in PDF formatDownload the ``no name`` catalogue in PDF format.Order a printed catalogue or online catalogue with a custom cover If you would like to receive: a printed catalogue, a catalogue with a custom cover, a catalogue in another language, please fill in the form below and we will contact you as soon as possible to clarify your requirements!","protected":false},"author":1,"featured_media":0,"parent":0,"menu_order":0,"comment_status":"closed","ping_status":"closed","template":"","meta":{"footnotes":""},"yoast_head":"<!-- This site is optimized with the Yoast SEO plugin v22.7 - https:\/\/yoast.com\/wordpress\/plugins\/seo\/ -->\n<title>Katalog - Headwear Professionals<\/title>\n<meta name=\"description\" content=\"Ponad 150 fason\u00f3w czapek reklamowych dost\u0119pnych od r\u0119ki \u2013 czapki z daszkiem, czapki zimowe, kapelusze i daszki \u2013 to wszystko mo\u017cna znale\u017a\u0107 w najnowszym katalogu Headwear Professionals\" \/>\n<meta name=\"robots\" content=\"index, follow, max-snippet:-1, max-image-preview:large, max-video-preview:-1\" \/>\n<link rel=\"canonical\" href=\"https:\/\/headwear.com.pl\/en\/katalog\/\" \/>\n<meta property=\"og:locale\" content=\"en_GB\" \/>\n<meta property=\"og:type\" content=\"article\" \/>\n<meta property=\"og:title\" content=\"Katalog - Headwear Professionals\" \/>\n<meta property=\"og:description\" content=\"Ponad 150 fason\u00f3w czapek reklamowych dost\u0119pnych od r\u0119ki \u2013 czapki z daszkiem, czapki zimowe, kapelusze i daszki \u2013 to wszystko mo\u017cna znale\u017a\u0107 w najnowszym katalogu Headwear Professionals\" \/>\n<meta property=\"og:url\" content=\"https:\/\/headwear.com.pl\/en\/katalog\/\" \/>\n<meta property=\"og:site_name\" content=\"Headwear Professionals\" \/>\n<meta property=\"article:publisher\" content=\"https:\/\/www.facebook.com\/HeadwearPolska\" \/>\n<meta property=\"article:modified_time\" content=\"2025-02-19T09:15:45+00:00\" \/>\n<meta name=\"twitter:card\" content=\"summary_large_image\" \/>\n<meta name=\"twitter:label1\" content=\"Estimated reading time\" \/>\n\t<meta name=\"twitter:data1\" content=\"2 minutes\" \/>\n<script type=\"application\/ld+json\" class=\"yoast-schema-graph\">{\"@context\":\"https:\/\/schema.org\",\"@graph\":[{\"@type\":\"WebPage\",\"@id\":\"https:\/\/headwear.com.pl\/katalog\/\",\"url\":\"https:\/\/headwear.com.pl\/katalog\/\",\"name\":\"Katalog - Headwear Professionals\",\"isPartOf\":{\"@id\":\"https:\/\/headwear.com.pl\/fr\/#website\"},\"datePublished\":\"2018-05-01T07:00:02+00:00\",\"dateModified\":\"2025-02-19T09:15:45+00:00\",\"description\":\"Ponad 150 fason\u00f3w czapek reklamowych dost\u0119pnych od r\u0119ki \u2013 czapki z daszkiem, czapki zimowe, kapelusze i daszki \u2013 to wszystko mo\u017cna znale\u017a\u0107 w najnowszym katalogu Headwear Professionals\",\"breadcrumb\":{\"@id\":\"https:\/\/headwear.com.pl\/katalog\/#breadcrumb\"},\"inLanguage\":\"en-GB\",\"potentialAction\":[{\"@type\":\"ReadAction\",\"target\":[\"https:\/\/headwear.com.pl\/katalog\/\"]}]},{\"@type\":\"BreadcrumbList\",\"@id\":\"https:\/\/headwear.com.pl\/katalog\/#breadcrumb\",\"itemListElement\":[{\"@type\":\"ListItem\",\"position\":1,\"name\":\"Strona g\u0142\u00f3wna\",\"item\":\"https:\/\/headwear.com.pl\/\"},{\"@type\":\"ListItem\",\"position\":2,\"name\":\"Katalog\"}]},{\"@type\":\"WebSite\",\"@id\":\"https:\/\/headwear.com.pl\/fr\/#website\",\"url\":\"https:\/\/headwear.com.pl\/fr\/\",\"name\":\"Headwear Professionals\",\"description\":\"Produkcj\u0105 czapek reklamowych zajmujemy si\u0119 od 1974 roku. Pracujemy tylko z agencjami reklamowymi\",\"publisher\":{\"@id\":\"https:\/\/headwear.com.pl\/fr\/#organization\"},\"potentialAction\":[{\"@type\":\"SearchAction\",\"target\":{\"@type\":\"EntryPoint\",\"urlTemplate\":\"https:\/\/headwear.com.pl\/fr\/?s={search_term_string}\"},\"query-input\":\"required name=search_term_string\"}],\"inLanguage\":\"en-GB\"},{\"@type\":\"Organization\",\"@id\":\"https:\/\/headwear.com.pl\/fr\/#organization\",\"name\":\"Headwear Professionals\",\"url\":\"https:\/\/headwear.com.pl\/fr\/\",\"logo\":{\"@type\":\"ImageObject\",\"inLanguage\":\"en-GB\",\"@id\":\"https:\/\/headwear.com.pl\/fr\/#\/schema\/logo\/image\/\",\"url\":\"https:\/\/headwear.com.pl\/wp-content\/uploads\/2024\/05\/Headwear_COLOR_RGB_logo.jpg\",\"contentUrl\":\"https:\/\/headwear.com.pl\/wp-content\/uploads\/2024\/05\/Headwear_COLOR_RGB_logo.jpg\",\"width\":1786,\"height\":1263,\"caption\":\"Headwear Professionals\"},\"image\":{\"@id\":\"https:\/\/headwear.com.pl\/fr\/#\/schema\/logo\/image\/\"},\"sameAs\":[\"https:\/\/www.facebook.com\/HeadwearPolska\",\"https:\/\/www.linkedin.com\/company\/headwearpolska\"]}]}<\/script>\n<!-- \/ Yoast SEO plugin. -->","yoast_head_json":{"title":"Catalog - Headwear Professionals","description":"Over 150 styles of advertising caps available immediately - baseball caps, winter caps, hats and visors - all this can be found in the latest Headwear Professionals catalog","robots":{"index":"index","follow":"follow","max-snippet":"max-snippet:-1","max-image-preview":"max-image-preview:large","max-video-preview":"max-video-preview:-1"},"canonical":"https:\/\/headwear.com.pl\/en\/katalog\/","og_locale":"en_GB","og_type":"article","og_title":"Katalog - Headwear Professionals","og_description":"Ponad 150 fason\u00f3w czapek reklamowych dost\u0119pnych od r\u0119ki \u2013 czapki z daszkiem, czapki zimowe, kapelusze i daszki \u2013 to wszystko mo\u017cna znale\u017a\u0107 w najnowszym katalogu Headwear Professionals","og_url":"https:\/\/headwear.com.pl\/en\/katalog\/","og_site_name":"Headwear Professionals","article_publisher":"https:\/\/www.facebook.com\/HeadwearPolska","article_modified_time":"2025-02-19T09:15:45+00:00","twitter_card":"summary_large_image","twitter_misc":{"Estimated reading time":"2 minutes"},"schema":{"@context":"https:\/\/schema.org","@graph":[{"@type":"WebPage","@id":"https:\/\/headwear.com.pl\/katalog\/","url":"https:\/\/headwear.com.pl\/katalog\/","name":"Catalog - Headwear Professionals","isPartOf":{"@id":"https:\/\/headwear.com.pl\/fr\/#website"},"datePublished":"2018-05-01T07:00:02+00:00","dateModified":"2025-02-19T09:15:45+00:00","description":"Over 150 styles of advertising caps available immediately - baseball caps, winter caps, hats and visors - all this can be found in the latest Headwear Professionals catalog","breadcrumb":{"@id":"https:\/\/headwear.com.pl\/katalog\/#breadcrumb"},"inLanguage":"en-GB","potentialAction":[{"@type":"ReadAction","target":["https:\/\/headwear.com.pl\/katalog\/"]}]},{"@type":"BreadcrumbList","@id":"https:\/\/headwear.com.pl\/katalog\/#breadcrumb","itemListElement":[{"@type":"ListItem","position":1,"name":"Strona g\u0142\u00f3wna","item":"https:\/\/headwear.com.pl\/"},{"@type":"ListItem","position":2,"name":"Katalog"}]},{"@type":"WebSite","@id":"https:\/\/headwear.com.pl\/fr\/#website","url":"https:\/\/headwear.com.pl\/fr\/","name":"Headwear Professionals","description":"We have been manufacturing advertising caps since 1974. We work only with advertising agencies","publisher":{"@id":"https:\/\/headwear.com.pl\/fr\/#organization"},"potentialAction":[{"@type":"SearchAction","target":{"@type":"EntryPoint","urlTemplate":"https:\/\/headwear.com.pl\/fr\/?s={search_term_string}"},"query-input":"required name=search_term_string"}],"inLanguage":"en-GB"},{"@type":"Organization","@id":"https:\/\/headwear.com.pl\/fr\/#organization","name":"Headwear Professionals","url":"https:\/\/headwear.com.pl\/fr\/","logo":{"@type":"ImageObject","inLanguage":"en-GB","@id":"https:\/\/headwear.com.pl\/fr\/#\/schema\/logo\/image\/","url":"https:\/\/headwear.com.pl\/wp-content\/uploads\/2024\/05\/Headwear_COLOR_RGB_logo.jpg","contentUrl":"https:\/\/headwear.com.pl\/wp-content\/uploads\/2024\/05\/Headwear_COLOR_RGB_logo.jpg","width":1786,"height":1263,"caption":"Headwear Professionals"},"image":{"@id":"https:\/\/headwear.com.pl\/fr\/#\/schema\/logo\/image\/"},"sameAs":["https:\/\/www.facebook.com\/HeadwearPolska","https:\/\/www.linkedin.com\/company\/headwearpolska"]}]}},"_links":{"self":[{"href":"https:\/\/headwear.com.pl\/en\/wp-json\/wp\/v2\/pages\/9333"}],"collection":[{"href":"https:\/\/headwear.com.pl\/en\/wp-json\/wp\/v2\/pages"}],"about":[{"href":"https:\/\/headwear.com.pl\/en\/wp-json\/wp\/v2\/types\/page"}],"author":[{"embeddable":true,"href":"https:\/\/headwear.com.pl\/en\/wp-json\/wp\/v2\/users\/1"}],"replies":[{"embeddable":true,"href":"https:\/\/headwear.com.pl\/en\/wp-json\/wp\/v2\/comments?post=9333"}],"version-history":[{"count":16,"href":"https:\/\/headwear.com.pl\/en\/wp-json\/wp\/v2\/pages\/9333\/revisions"}],"predecessor-version":[{"id":109383,"href":"https:\/\/headwear.com.pl\/en\/wp-json\/wp\/v2\/pages\/9333\/revisions\/109383"}],"wp:attachment":[{"href":"https:\/\/headwear.com.pl\/en\/wp-json\/wp\/v2\/media?parent=9333"}],"curies":[{"name":"wp","href":"https:\/\/api.w.org\/{rel}","templated":true}]}}