{"id":109287,"date":"2024-10-09T11:37:00","date_gmt":"2024-10-09T09:37:00","guid":{"rendered":"https:\/\/headwear.com.pl\/?post_type=product&#038;p=109287"},"modified":"2026-01-19T13:01:18","modified_gmt":"2026-01-19T12:01:18","slug":"m38-h","status":"publish","type":"product","link":"https:\/\/headwear.com.pl\/en\/products\/m38-h\/","title":{"rendered":"M38-H - winter jacquard hat"},"content":{"rendered":"<p>M38-H to zimowa czapka \u017cakardowa wykonana w 100% z tkaniny akrylowej, zaprojektowana z my\u015bl\u0105 o ochronie przed zimnem w sezonie zimowym. Produkt ten charakteryzuje si\u0119 unikalnym splotem, kt\u00f3ry odr\u00f3\u017cnia go od klasycznego modelu M38, co kwalifikuje go jako produkt premium.<\/p>\n<p>Czapka M38-H sprawdza si\u0119 w r\u00f3\u017cnych warunkach pogodowych i zapewnia skuteczn\u0105 ochron\u0119 przed zimnem. Dzi\u0119ki mo\u017cliwo\u015bciom personalizacji u\u017cytkownik mo\u017ce zaprojektowa\u0107 czapk\u0119 wed\u0142ug w\u0142asnego uznania i wybra\u0107 wersj\u0119 z pomponem lub bez oraz z mankietem lub bez. Ponadto opcjonalny wewn\u0119trzny brzeg z polaru zapewnia dodatkowy komfort termiczny.<\/p>\n<p>><\/p>\n<p>Wykorzystanie tkaniny akrylowej do produkcji czapki M38-H gwarantuje trwa\u0142o\u015b\u0107 i odporno\u015b\u0107 na warunki atmosferyczne. Wz\u00f3r \u017cakardowy mo\u017cemy wykona\u0107 a\u017c z czterech kolor\u00f3w, co pozwala na stworzenie niepowtarzalnego projektu w oparciu o indywidualne upodobania estetyczne. Produkt ten jest odpowiedni dla os\u00f3b ceni\u0105cych zar\u00f3wno funkcjonalno\u015b\u0107, jak i styl.<\/p>\n<h3>Najwa\u017cniejsze funkcje<\/h3>\n<p>.<\/p>\n<ul>\n<li><strong>Personalizacja:<\/strong> kapelusz oferuje mo\u017cliwo\u015b\u0107 dostosowania wygl\u0105du poprzez wybranie opcji pomponu i mankietu. Klienci mog\u0105 r\u00f3wnie\u017c zdecydowa\u0107 si\u0119 na dodatkow\u0105 polarow\u0105 lam\u00f3wk\u0119 wewn\u0105trz czapki.<\/li>\n<li>\n<li><strong>Personalizacja.\n<li><strong>Wz\u00f3r:<\/strong>wz\u00f3r \u017cakardowy jest dost\u0119pny w a\u017c czterech kolorach, co pozwala na szerok\u0105 gam\u0119 kombinacji kolorystycznych spo\u015br\u00f3d 96 dost\u0119pnych odcieni wed\u0142ug szablonu PMS.<\/li>\n<li><strong>Material:<\/strong>wykonany z wysokiej jako\u015bci tkaniny akrylowej zapewniaj\u0105cej trwa\u0142o\u015b\u0107 i odporno\u015b\u0107 na warunki atmosferyczne.<\/li>\n<li><strong>Identyfikacja:<\/strong> Mo\u017cliwo\u015b\u0107 dodania w\u0142asnego haftu lub przyszycia metki pozwala na dalsz\u0105 personalizacj\u0119 produktu.<\/li>\n<\/ul>\n<p>Piel\u0119gnacja kapelusza M38-H jest \u0142atwa; W celu zachowania kszta\u0142tu i w\u0142a\u015bciwo\u015bci materia\u0142u zaleca si\u0119 pranie r\u0119czne w letniej wodzie. Suszenie powinno odbywa\u0107 si\u0119 w spos\u00f3b naturalny, unikaj\u0105c bezpo\u015bredniego \u015bwiat\u0142a s\u0142onecznego i \u017ar\u00f3de\u0142 ciep\u0142a.<\/p>\n<h3>Technical details<\/h3>\n<p>.<\/p>\n<ul>\n<li><strong>Material:<\/strong> 100% akryl<\/li>\n<li><strong>Rozmiary:<\/strong> rozmiar uniwersalny<\/li>\n<li><strong>Colors:<\/strong> dost\u0119pne w 96 kolorach zgodnie z kart\u0105 kolor\u00f3w PMS<\/li>\n<li><strong>Kraj producenta:<\/strong> Wyprodukowano w UE<\/li>\n<\/ul>\n<p>M38-H to produkt zaprojektowany z my\u015bl\u0105 o funkcjonalno\u015bci i estetyce w zimowe dni. Charakteryzuje si\u0119 mo\u017cliwo\u015bci\u0105 dostosowania i solidno\u015bci\u0105 wykonania, co stanowi o jego istotnej warto\u015bci u\u017cytkowej.<\/p>","protected":false},"excerpt":{"rendered":"<p class=\"translation-block\">Winter hat with a slightly different weave than the classic M38 model. Thanks to the knitting technique used, the cap qualifies as a PREMIUM product. This model is a jacquard beanie made of 100% acrylic fabric. This model offers many personalization options.<\/p>","protected":false},"featured_media":109290,"template":"","meta":[],"product_cat":[150,412,426,487,415],"product_tag":[],"yoast_head":"<!-- This site is optimized with the Yoast SEO plugin v22.7 - https:\/\/yoast.com\/wordpress\/plugins\/seo\/ -->\n<title>M38-H - zimowa czapka \u017cakardowa - Headwear Professionals<\/title>\n<meta name=\"description\" content=\"Poznaj zimow\u0105 czapk\u0119 \u017cakardow\u0105 M38-H - 100% akryl, premium design, opcjonalne ocieplenie polarem. Dost\u0119pne w r\u00f3\u017cnych wariantach. Zobacz wi\u0119cej.\" \/>\n<meta name=\"robots\" content=\"index, follow, max-snippet:-1, max-image-preview:large, max-video-preview:-1\" \/>\n<link rel=\"canonical\" href=\"https:\/\/headwear.com.pl\/en\/products\/m38-h\/\" \/>\n<meta property=\"og:locale\" content=\"en_GB\" \/>\n<meta property=\"og:type\" content=\"article\" \/>\n<meta property=\"og:title\" content=\"M38-H - zimowa czapka \u017cakardowa - Headwear Professionals\" \/>\n<meta property=\"og:description\" content=\"Poznaj zimow\u0105 czapk\u0119 \u017cakardow\u0105 M38-H - 100% akryl, premium design, opcjonalne ocieplenie polarem. Dost\u0119pne w r\u00f3\u017cnych wariantach. Zobacz wi\u0119cej.\" \/>\n<meta property=\"og:url\" content=\"https:\/\/headwear.com.pl\/en\/products\/m38-h\/\" \/>\n<meta property=\"og:site_name\" content=\"Headwear Professionals\" \/>\n<meta property=\"article:publisher\" content=\"https:\/\/www.facebook.com\/HeadwearPolska\" \/>\n<meta property=\"article:modified_time\" content=\"2026-01-19T12:01:18+00:00\" \/>\n<meta property=\"og:image\" content=\"https:\/\/headwear.com.pl\/wp-content\/uploads\/2024\/10\/M38-H-3.jpeg\" \/>\n\t<meta property=\"og:image:width\" content=\"1931\" \/>\n\t<meta property=\"og:image:height\" content=\"1980\" \/>\n\t<meta property=\"og:image:type\" content=\"image\/jpeg\" \/>\n<meta name=\"twitter:card\" content=\"summary_large_image\" \/>\n<meta name=\"twitter:label1\" content=\"Estimated reading time\" \/>\n\t<meta name=\"twitter:data1\" content=\"3 minutes\" \/>\n<script type=\"application\/ld+json\" class=\"yoast-schema-graph\">{\"@context\":\"https:\/\/schema.org\",\"@graph\":[{\"@type\":\"WebPage\",\"@id\":\"https:\/\/headwear.com.pl\/oferta\/m38-h\/\",\"url\":\"https:\/\/headwear.com.pl\/oferta\/m38-h\/\",\"name\":\"M38-H - zimowa czapka \u017cakardowa - Headwear Professionals\",\"isPartOf\":{\"@id\":\"https:\/\/headwear.com.pl\/fr\/#website\"},\"primaryImageOfPage\":{\"@id\":\"https:\/\/headwear.com.pl\/oferta\/m38-h\/#primaryimage\"},\"image\":{\"@id\":\"https:\/\/headwear.com.pl\/oferta\/m38-h\/#primaryimage\"},\"thumbnailUrl\":\"https:\/\/headwear.com.pl\/wp-content\/uploads\/2024\/10\/M38-H-3.jpeg\",\"datePublished\":\"2024-10-09T09:37:00+00:00\",\"dateModified\":\"2026-01-19T12:01:18+00:00\",\"description\":\"Poznaj zimow\u0105 czapk\u0119 \u017cakardow\u0105 M38-H - 100% akryl, premium design, opcjonalne ocieplenie polarem. Dost\u0119pne w r\u00f3\u017cnych wariantach. Zobacz wi\u0119cej.\",\"breadcrumb\":{\"@id\":\"https:\/\/headwear.com.pl\/oferta\/m38-h\/#breadcrumb\"},\"inLanguage\":\"en-GB\",\"potentialAction\":[{\"@type\":\"ReadAction\",\"target\":[\"https:\/\/headwear.com.pl\/oferta\/m38-h\/\"]}]},{\"@type\":\"ImageObject\",\"inLanguage\":\"en-GB\",\"@id\":\"https:\/\/headwear.com.pl\/oferta\/m38-h\/#primaryimage\",\"url\":\"https:\/\/headwear.com.pl\/wp-content\/uploads\/2024\/10\/M38-H-3.jpeg\",\"contentUrl\":\"https:\/\/headwear.com.pl\/wp-content\/uploads\/2024\/10\/M38-H-3.jpeg\",\"width\":1931,\"height\":1980},{\"@type\":\"BreadcrumbList\",\"@id\":\"https:\/\/headwear.com.pl\/oferta\/m38-h\/#breadcrumb\",\"itemListElement\":[{\"@type\":\"ListItem\",\"position\":1,\"name\":\"Strona g\u0142\u00f3wna\",\"item\":\"https:\/\/headwear.com.pl\/\"},{\"@type\":\"ListItem\",\"position\":2,\"name\":\"Oferta &#8211; Headwear Professionals\",\"item\":\"https:\/\/headwear.com.pl\/fr\/oferta\/\"},{\"@type\":\"ListItem\",\"position\":3,\"name\":\"M38-H &#8211; zimowa czapka \u017cakardowa\"}]},{\"@type\":\"WebSite\",\"@id\":\"https:\/\/headwear.com.pl\/fr\/#website\",\"url\":\"https:\/\/headwear.com.pl\/fr\/\",\"name\":\"Headwear Professionals\",\"description\":\"Produkcj\u0105 czapek reklamowych zajmujemy si\u0119 od 1974 roku. Pracujemy tylko z agencjami reklamowymi\",\"publisher\":{\"@id\":\"https:\/\/headwear.com.pl\/fr\/#organization\"},\"potentialAction\":[{\"@type\":\"SearchAction\",\"target\":{\"@type\":\"EntryPoint\",\"urlTemplate\":\"https:\/\/headwear.com.pl\/fr\/?s={search_term_string}\"},\"query-input\":\"required name=search_term_string\"}],\"inLanguage\":\"en-GB\"},{\"@type\":\"Organization\",\"@id\":\"https:\/\/headwear.com.pl\/fr\/#organization\",\"name\":\"Headwear Professionals\",\"url\":\"https:\/\/headwear.com.pl\/fr\/\",\"logo\":{\"@type\":\"ImageObject\",\"inLanguage\":\"en-GB\",\"@id\":\"https:\/\/headwear.com.pl\/fr\/#\/schema\/logo\/image\/\",\"url\":\"https:\/\/headwear.com.pl\/wp-content\/uploads\/2024\/05\/Headwear_COLOR_RGB_logo.jpg\",\"contentUrl\":\"https:\/\/headwear.com.pl\/wp-content\/uploads\/2024\/05\/Headwear_COLOR_RGB_logo.jpg\",\"width\":1786,\"height\":1263,\"caption\":\"Headwear Professionals\"},\"image\":{\"@id\":\"https:\/\/headwear.com.pl\/fr\/#\/schema\/logo\/image\/\"},\"sameAs\":[\"https:\/\/www.facebook.com\/HeadwearPolska\",\"https:\/\/www.linkedin.com\/company\/headwearpolska\"]}]}<\/script>\n<!-- \/ Yoast SEO plugin. -->","yoast_head_json":{"title":"M38-H - winter jacquard beanie - Headwear Professionals","description":"Poznaj zimow\u0105 czapk\u0119 \u017cakardow\u0105 M38-H - 100% akryl, premium design, opcjonalne ocieplenie polarem. Dost\u0119pne w r\u00f3\u017cnych wariantach. Zobacz wi\u0119cej.","robots":{"index":"index","follow":"follow","max-snippet":"max-snippet:-1","max-image-preview":"max-image-preview:large","max-video-preview":"max-video-preview:-1"},"canonical":"https:\/\/headwear.com.pl\/en\/products\/m38-h\/","og_locale":"en_GB","og_type":"article","og_title":"M38-H - zimowa czapka \u017cakardowa - Headwear Professionals","og_description":"Poznaj zimow\u0105 czapk\u0119 \u017cakardow\u0105 M38-H - 100% akryl, premium design, opcjonalne ocieplenie polarem. Dost\u0119pne w r\u00f3\u017cnych wariantach. Zobacz wi\u0119cej.","og_url":"https:\/\/headwear.com.pl\/en\/products\/m38-h\/","og_site_name":"Headwear Professionals","article_publisher":"https:\/\/www.facebook.com\/HeadwearPolska","article_modified_time":"2026-01-19T12:01:18+00:00","og_image":[{"width":1931,"height":1980,"url":"https:\/\/headwear.com.pl\/wp-content\/uploads\/2024\/10\/M38-H-3.jpeg","type":"image\/jpeg"}],"twitter_card":"summary_large_image","twitter_misc":{"Estimated reading time":"3 minutes"},"schema":{"@context":"https:\/\/schema.org","@graph":[{"@type":"WebPage","@id":"https:\/\/headwear.com.pl\/oferta\/m38-h\/","url":"https:\/\/headwear.com.pl\/oferta\/m38-h\/","name":"M38-H - winter jacquard beanie - Headwear Professionals","isPartOf":{"@id":"https:\/\/headwear.com.pl\/fr\/#website"},"primaryImageOfPage":{"@id":"https:\/\/headwear.com.pl\/oferta\/m38-h\/#primaryimage"},"image":{"@id":"https:\/\/headwear.com.pl\/oferta\/m38-h\/#primaryimage"},"thumbnailUrl":"https:\/\/headwear.com.pl\/wp-content\/uploads\/2024\/10\/M38-H-3.jpeg","datePublished":"2024-10-09T09:37:00+00:00","dateModified":"2026-01-19T12:01:18+00:00","description":"Poznaj zimow\u0105 czapk\u0119 \u017cakardow\u0105 M38-H - 100% akryl, premium design, opcjonalne ocieplenie polarem. Dost\u0119pne w r\u00f3\u017cnych wariantach. Zobacz wi\u0119cej.","breadcrumb":{"@id":"https:\/\/headwear.com.pl\/oferta\/m38-h\/#breadcrumb"},"inLanguage":"en-GB","potentialAction":[{"@type":"ReadAction","target":["https:\/\/headwear.com.pl\/oferta\/m38-h\/"]}]},{"@type":"ImageObject","inLanguage":"en-GB","@id":"https:\/\/headwear.com.pl\/oferta\/m38-h\/#primaryimage","url":"https:\/\/headwear.com.pl\/wp-content\/uploads\/2024\/10\/M38-H-3.jpeg","contentUrl":"https:\/\/headwear.com.pl\/wp-content\/uploads\/2024\/10\/M38-H-3.jpeg","width":1931,"height":1980},{"@type":"BreadcrumbList","@id":"https:\/\/headwear.com.pl\/oferta\/m38-h\/#breadcrumb","itemListElement":[{"@type":"ListItem","position":1,"name":"Strona g\u0142\u00f3wna","item":"https:\/\/headwear.com.pl\/"},{"@type":"ListItem","position":2,"name":"Oferta &#8211; Headwear Professionals","item":"https:\/\/headwear.com.pl\/fr\/oferta\/"},{"@type":"ListItem","position":3,"name":"M38-H &#8211; zimowa czapka \u017cakardowa"}]},{"@type":"WebSite","@id":"https:\/\/headwear.com.pl\/fr\/#website","url":"https:\/\/headwear.com.pl\/fr\/","name":"Headwear Professionals","description":"We have been manufacturing advertising caps since 1974. We work only with advertising agencies","publisher":{"@id":"https:\/\/headwear.com.pl\/fr\/#organization"},"potentialAction":[{"@type":"SearchAction","target":{"@type":"EntryPoint","urlTemplate":"https:\/\/headwear.com.pl\/fr\/?s={search_term_string}"},"query-input":"required name=search_term_string"}],"inLanguage":"en-GB"},{"@type":"Organization","@id":"https:\/\/headwear.com.pl\/fr\/#organization","name":"Headwear Professionals","url":"https:\/\/headwear.com.pl\/fr\/","logo":{"@type":"ImageObject","inLanguage":"en-GB","@id":"https:\/\/headwear.com.pl\/fr\/#\/schema\/logo\/image\/","url":"https:\/\/headwear.com.pl\/wp-content\/uploads\/2024\/05\/Headwear_COLOR_RGB_logo.jpg","contentUrl":"https:\/\/headwear.com.pl\/wp-content\/uploads\/2024\/05\/Headwear_COLOR_RGB_logo.jpg","width":1786,"height":1263,"caption":"Headwear Professionals"},"image":{"@id":"https:\/\/headwear.com.pl\/fr\/#\/schema\/logo\/image\/"},"sameAs":["https:\/\/www.facebook.com\/HeadwearPolska","https:\/\/www.linkedin.com\/company\/headwearpolska"]}]}},"_links":{"self":[{"href":"https:\/\/headwear.com.pl\/en\/wp-json\/wp\/v2\/product\/109287"}],"collection":[{"href":"https:\/\/headwear.com.pl\/en\/wp-json\/wp\/v2\/product"}],"about":[{"href":"https:\/\/headwear.com.pl\/en\/wp-json\/wp\/v2\/types\/product"}],"wp:featuredmedia":[{"embeddable":true,"href":"https:\/\/headwear.com.pl\/en\/wp-json\/wp\/v2\/media\/109290"}],"wp:attachment":[{"href":"https:\/\/headwear.com.pl\/en\/wp-json\/wp\/v2\/media?parent=109287"}],"wp:term":[{"taxonomy":"product_cat","embeddable":true,"href":"https:\/\/headwear.com.pl\/en\/wp-json\/wp\/v2\/product_cat?post=109287"},{"taxonomy":"product_tag","embeddable":true,"href":"https:\/\/headwear.com.pl\/en\/wp-json\/wp\/v2\/product_tag?post=109287"}],"curies":[{"name":"wp","href":"https:\/\/api.w.org\/{rel}","templated":true}]}}