{"id":106122,"date":"2021-05-21T10:09:49","date_gmt":"2021-05-21T08:09:49","guid":{"rendered":"https:\/\/headwear.com.pl\/?page_id=106122"},"modified":"2024-02-20T09:23:15","modified_gmt":"2024-02-20T08:23:15","slug":"telecharger","status":"publish","type":"page","link":"https:\/\/headwear.com.pl\/fr\/telecharger\/","title":{"rendered":"T\u00e9l\u00e9charger"},"content":{"rendered":"<section class=\"vc_row wpb_row vc_row-fluid\"><div class=\"wpb_column vc_column_container col-xs-mobile-fullwidth vc_col-sm-12\"><div class=\"vc_column-inner\"><div class=\"wpb_wrapper\"><h2 style=\"text-align: left;font-family:Montserrat;font-weight:400;font-style:normal\" class=\"vc_custom_heading\" >T\u00e9l\u00e9chargements pour les agences de publicit\u00e9<\/h2><div class=\"text-block-content hongo-text-block-1 last-paragraph-no-margin\"><p>Ici, vous pouvez t\u00e9l\u00e9charger des documents qui vous seront utiles dans le travail quotidien avec vos clients.<\/p>\n<p><strong>Ci-dessous les t\u00e9l\u00e9chargements :<\/strong><\/p>\n<ul>\n<li>photos de produits de casquettes publicitaires,<\/li>\n<li>photos d'images (session mode),<\/li>\n<li>mod\u00e8les pour la pr\u00e9paration de visualisations au format PDF,<\/li>\n<li>catalogue avec bouchons publicitaires dans la version \"sans nom\".<\/li>\n<\/ul>\n<p>Si vous avez besoin de mat\u00e9riel suppl\u00e9mentaire, veuillez nous contacter <strong><a href=\"mailto:marcin.jedrzejczyk@headwear.com.pl\">marcin.jedrzejczyk@headwear.com.pl<\/a><\/strong><\/p>\n<p style=\"text-align: center;\">\u2014\u2014\u2014\u2014\u2014\u2014\u2014\u2014\u2014\u2014\u2014\u2014\u2014\u2014\u2014\u2014\u2014\u2014\u2014\u2014\u2014\u2014\u2014\u2014<\/p>\n<\/div><div  class=\"tab-style1 tab-style-1-1\"><div class=\"row\"><div class=\"col-md-12 col-sm-12\"><ul class=\"nav nav-tabs\"><li  class=\"active\"><a href=\"#hongo-1777516913-379793201-0\" data-toggle=\"tab\" class=\"tab-title\"><span class=\"alt-font\">Photos du produit<\/span><\/a><\/li><li ><a href=\"#hongo-1777516913-379793201-1\" data-toggle=\"tab\" class=\"tab-title\"><span class=\"alt-font\">Photos<\/span><\/a><\/li><li ><a href=\"#hongo-1777516913-379793201-2\" data-toggle=\"tab\" class=\"tab-title\"><span class=\"alt-font\">Mod\u00e8les de visualisation (PDF)<\/span><\/a><\/li><li ><a href=\"#hongo-1777516913-379793201-3\" data-toggle=\"tab\" class=\"tab-title\"><span class=\"alt-font\">Catalogue<\/span><\/a><\/li><li ><a href=\"#hongo-1777516913-379793201-4\" data-toggle=\"tab\" class=\"tab-title\"><span class=\"alt-font\">Logo Headwear Professionals<\/span><\/a><\/li><\/ul><\/div><\/div><div class=\"tab-content\"><div class=\"tab-pane fade in active\" id=\"hongo-1777516913-379793201-0\"><div class=\"vc_message_box vc_message_box-standard vc_message_box-rounded vc_color-info\" ><div class=\"vc_message_box-icon\"><i class=\"fas fa-info-circle\"><\/i><\/div><p><strong>Photos du produit<\/strong> en qualit\u00e9 HD (casquettes de baseball, casquettes d'hiver, chapeaux, visi\u00e8res). V\u00e9rifier les t\u00e9l\u00e9chargements - <a href=\"https:\/\/drive.google.com\/drive\/folders\/1e7GefMMhI-FbLUlMR5yz1YYe0hfFN8fU?usp=sharing\" target=\"_blank\" rel=\"noopener\"><strong>Ici<\/strong><\/a> (Google Drive)<\/p>\n<\/div><\/div><div class=\"tab-pane fade\" id=\"hongo-1777516913-379793201-1\"><div class=\"vc_message_box vc_message_box-standard vc_message_box-rounded vc_color-info\" ><div class=\"vc_message_box-icon\"><i class=\"fas fa-info-circle\"><\/i><\/div><p><strong>Photos d'images stylis\u00e9es<\/strong> en qualit\u00e9 HD<\/p>\n<ul>\n<li><strong>Casquettes de baseball<\/strong> - v\u00e9rifier les t\u00e9l\u00e9chargements - <a href=\"https:\/\/drive.google.com\/drive\/folders\/1vmxITdMF3G4iBlwshH2RO3Gm7fNGnJWD?usp=sharing\" target=\"_blank\" rel=\"noopener\"><strong>Ici<\/strong><\/a><\/li>\n<li><strong>Bonnets d'hiver<\/strong> - v\u00e9rifier les t\u00e9l\u00e9chargements - <a href=\"https:\/\/drive.google.com\/drive\/folders\/1v8Iht9sqY9SZMaYe3lyzbCgh-v55LSKU?usp=sharing\" target=\"_blank\" rel=\"noopener\"><strong>Ici<\/strong><\/a><\/li>\n<li><strong>chapeaux et visi\u00e8res<\/strong> - v\u00e9rifier les t\u00e9l\u00e9chargements - <a href=\"https:\/\/drive.google.com\/drive\/folders\/1Q6jo0f8yYfipJbbDqAungfvVAtRCPNRG?usp=sharing\" target=\"_blank\" rel=\"noopener\"><strong>Ici<\/strong><\/a><\/li>\n<\/ul>\n<\/div><\/div><div class=\"tab-pane fade\" id=\"hongo-1777516913-379793201-2\"><div class=\"vc_message_box vc_message_box-standard vc_message_box-rounded vc_color-info\" ><div class=\"vc_message_box-icon\"><i class=\"fas fa-info-circle\"><\/i><\/div><p><strong>Mod\u00e8les pour la pr\u00e9paration de la visualisation<\/strong>Fichiers PDF. V\u00e9rifier les t\u00e9l\u00e9chargements - <a href=\"https:\/\/drive.google.com\/drive\/folders\/1_9ALKPYRU3CuUZKijXEMlFioN93jKw2P?usp=sharing\" target=\"_blank\" rel=\"noopener\"><strong>Ici<\/strong><\/a> (Google Drive)<\/p>\n<\/div><\/div><div class=\"tab-pane fade\" id=\"hongo-1777516913-379793201-3\"><div class=\"vc_message_box vc_message_box-standard vc_message_box-rounded vc_color-info\" ><div class=\"vc_message_box-icon\"><i class=\"fas fa-info-circle\"><\/i><\/div><p><strong>Catalogue \"Sans nom\"<\/strong> Fichier PDF. T\u00e9l\u00e9charger <a href=\"https:\/\/drive.google.com\/file\/d\/1BbOBLYkxBx7Kx2vQu3z7xJwJimA1Sz1W\/view?usp=sharing\" target=\"_blank\" rel=\"noopener\"><strong>Ici<\/strong><\/a><\/p>\n<\/div><\/div><div class=\"tab-pane fade\" id=\"hongo-1777516913-379793201-4\"><div class=\"vc_message_box vc_message_box-standard vc_message_box-rounded vc_color-info\" ><div class=\"vc_message_box-icon\"><i class=\"fas fa-info-circle\"><\/i><\/div><ul>\n<li>Logo CMYK (PDF) \u2013 <a href=\"https:\/\/headwear.com.pl\/wp-content\/uploads\/2021\/05\/Headwear_COLOR_CMYK_logo.pdf\" target=\"_blank\" rel=\"noopener\"><strong>T\u00e9l\u00e9charger<\/strong><\/a><\/li>\n<li>Logo RGB (PDF) \u2013 <a href=\"https:\/\/headwear.com.pl\/wp-content\/uploads\/2021\/05\/Headwear_COLOR_RGB_logo.pdf\" target=\"_blank\" rel=\"noopener\"><strong>T\u00e9l\u00e9charger<\/strong><\/a><\/li>\n<li>Logo Mono Black (PDF) \u2013 <a href=\"https:\/\/headwear.com.pl\/wp-content\/uploads\/2021\/05\/Headwear_MONO_BLACK_RGB_logo.pdf\" target=\"_blank\" rel=\"noopener\"><strong>T\u00e9l\u00e9charger<\/strong><\/a><\/li>\n<li>Logo Mono White (PDF) \u2013 <a href=\"https:\/\/headwear.com.pl\/wp-content\/uploads\/2021\/05\/Headwear_MONO_WHITE_RGB_logo.pdf\" target=\"_blank\" rel=\"noopener\"><strong>T\u00e9l\u00e9charger<\/strong><\/a><\/li>\n<\/ul>\n<\/div><\/div><\/div><\/div><\/div><\/div><\/div><\/section>","protected":false},"excerpt":{"rendered":"Materia\u0142y do pobrania dla agencji reklamowychW tym miejscu mo\u017cesz pobra\u0107 materia\u0142y, kt\u00f3re b\u0119d\u0105 pomocne w codziennej pracy z Twoimi klientami. Poni\u017cej znajduj\u0105 si\u0119 materia\u0142y do pobrania: zdj\u0119cia produktowe czapek reklamowych, zdj\u0119cia wizerunkowe (sesja modowa), szablony do przygotowania wizualizacji w formacie PDF, katalog z czapkami reklamowymi w wersji \"no name\". Je\u015bli potrzebujesz jeszcze jaki\u015b dodatkowych materia\u0142\u00f3w, to prosimy o kontakt marcin.jedrzejczyk@headwear.com.pl ------------------------------------------------------------------------ Zdj\u0119cia produktoweZdj\u0119cia wizerunkoweSzablony do wizualizacji (PDF)KatalogLogo Headwear ProfessionalsZdj\u0119cia produktowe w jako\u015bci HD (czapki z daszkiem, czapki zimowe, kapelusze, daszki). Sprawd\u017a pliki do pobrania - TUTAJ (folder Google Drive) Stylizowane zdj\u0119cia wizerunkowe w jako\u015bci HD: czapki z daszkiem - sprawd\u017a pliki do pobrania \u2013 TUTAJ czapki zimowe - sprawd\u017a pliki do pobrania \u2013 TUTAJ kapelusze i daszki - sprawd\u017a pliki do pobrania \u2013 TUTAJ Szablony do przygotowania wizualizacji. Pliki w formacie PDF. Sprawd\u017a pliki do pobrania \u2013 TUTAJ (folder Google Drive) Katalog \"no name\" w formacie PDF. Plik do pobrania TUTAJ Logo CMYK (PDF) - pobierz Logo RGB (PDF) - pobierz Logo Mono Black (PDF) - pobierz Logo Mono White (PDF) - pobierz","protected":false},"author":1,"featured_media":0,"parent":0,"menu_order":0,"comment_status":"closed","ping_status":"closed","template":"","meta":{"footnotes":""},"yoast_head":"<!-- This site is optimized with the Yoast SEO plugin v22.7 - https:\/\/yoast.com\/wordpress\/plugins\/seo\/ -->\n<title>Materia\u0142y do pobrania, czapki reklamowe - Headwear Professionals<\/title>\n<meta name=\"description\" content=\"Materia\u0142y do pobrania - zdj\u0119cia czapek reklamowych (z daszkiem, zimowe, kapelusze i daszki), pliki do wizualizacji, zdj\u0119cia wizerunkowe\" \/>\n<meta name=\"robots\" content=\"index, follow, max-snippet:-1, max-image-preview:large, max-video-preview:-1\" \/>\n<link rel=\"canonical\" href=\"https:\/\/headwear.com.pl\/fr\/telecharger\/\" \/>\n<meta property=\"og:locale\" content=\"fr_FR\" \/>\n<meta property=\"og:type\" content=\"article\" \/>\n<meta property=\"og:title\" content=\"Materia\u0142y do pobrania, czapki reklamowe - Headwear Professionals\" \/>\n<meta property=\"og:description\" content=\"Materia\u0142y do pobrania - zdj\u0119cia czapek reklamowych (z daszkiem, zimowe, kapelusze i daszki), pliki do wizualizacji, zdj\u0119cia wizerunkowe\" \/>\n<meta property=\"og:url\" content=\"https:\/\/headwear.com.pl\/fr\/telecharger\/\" \/>\n<meta property=\"og:site_name\" content=\"Headwear Professionals\" \/>\n<meta property=\"article:publisher\" content=\"https:\/\/www.facebook.com\/HeadwearPolska\" \/>\n<meta property=\"article:modified_time\" content=\"2024-02-20T08:23:15+00:00\" \/>\n<meta name=\"twitter:card\" content=\"summary_large_image\" \/>\n<meta name=\"twitter:label1\" content=\"Dur\u00e9e de lecture estim\u00e9e\" \/>\n\t<meta name=\"twitter:data1\" content=\"1 minute\" \/>\n<script type=\"application\/ld+json\" class=\"yoast-schema-graph\">{\"@context\":\"https:\/\/schema.org\",\"@graph\":[{\"@type\":\"WebPage\",\"@id\":\"https:\/\/headwear.com.pl\/download\/\",\"url\":\"https:\/\/headwear.com.pl\/download\/\",\"name\":\"Materia\u0142y do pobrania, czapki reklamowe - Headwear Professionals\",\"isPartOf\":{\"@id\":\"https:\/\/headwear.com.pl\/fr\/#website\"},\"datePublished\":\"2021-05-21T08:09:49+00:00\",\"dateModified\":\"2024-02-20T08:23:15+00:00\",\"description\":\"Materia\u0142y do pobrania - zdj\u0119cia czapek reklamowych (z daszkiem, zimowe, kapelusze i daszki), pliki do wizualizacji, zdj\u0119cia wizerunkowe\",\"breadcrumb\":{\"@id\":\"https:\/\/headwear.com.pl\/download\/#breadcrumb\"},\"inLanguage\":\"fr-FR\",\"potentialAction\":[{\"@type\":\"ReadAction\",\"target\":[\"https:\/\/headwear.com.pl\/download\/\"]}]},{\"@type\":\"BreadcrumbList\",\"@id\":\"https:\/\/headwear.com.pl\/download\/#breadcrumb\",\"itemListElement\":[{\"@type\":\"ListItem\",\"position\":1,\"name\":\"Strona g\u0142\u00f3wna\",\"item\":\"https:\/\/headwear.com.pl\/\"},{\"@type\":\"ListItem\",\"position\":2,\"name\":\"Download\"}]},{\"@type\":\"WebSite\",\"@id\":\"https:\/\/headwear.com.pl\/fr\/#website\",\"url\":\"https:\/\/headwear.com.pl\/fr\/\",\"name\":\"Headwear Professionals\",\"description\":\"Produkcj\u0105 czapek reklamowych zajmujemy si\u0119 od 1974 roku. Pracujemy tylko z agencjami reklamowymi\",\"publisher\":{\"@id\":\"https:\/\/headwear.com.pl\/fr\/#organization\"},\"potentialAction\":[{\"@type\":\"SearchAction\",\"target\":{\"@type\":\"EntryPoint\",\"urlTemplate\":\"https:\/\/headwear.com.pl\/fr\/?s={search_term_string}\"},\"query-input\":\"required name=search_term_string\"}],\"inLanguage\":\"fr-FR\"},{\"@type\":\"Organization\",\"@id\":\"https:\/\/headwear.com.pl\/fr\/#organization\",\"name\":\"Headwear Professionals\",\"url\":\"https:\/\/headwear.com.pl\/fr\/\",\"logo\":{\"@type\":\"ImageObject\",\"inLanguage\":\"fr-FR\",\"@id\":\"https:\/\/headwear.com.pl\/fr\/#\/schema\/logo\/image\/\",\"url\":\"https:\/\/headwear.com.pl\/wp-content\/uploads\/2024\/05\/Headwear_COLOR_RGB_logo.jpg\",\"contentUrl\":\"https:\/\/headwear.com.pl\/wp-content\/uploads\/2024\/05\/Headwear_COLOR_RGB_logo.jpg\",\"width\":1786,\"height\":1263,\"caption\":\"Headwear Professionals\"},\"image\":{\"@id\":\"https:\/\/headwear.com.pl\/fr\/#\/schema\/logo\/image\/\"},\"sameAs\":[\"https:\/\/www.facebook.com\/HeadwearPolska\",\"https:\/\/www.linkedin.com\/company\/headwearpolska\"]}]}<\/script>\n<!-- \/ Yoast SEO plugin. -->","yoast_head_json":{"title":"Fichiers \u00e0 t\u00e9l\u00e9charger. Casquettes publicitaires - Headwear Professionals","description":"Mat\u00e9riel \u00e0 t\u00e9l\u00e9charger - photos de casquettes publicitaires (casquettes de baseball, chapeaux d'hiver et visi\u00e8res), fichiers de visualisation, photos d'images","robots":{"index":"index","follow":"follow","max-snippet":"max-snippet:-1","max-image-preview":"max-image-preview:large","max-video-preview":"max-video-preview:-1"},"canonical":"https:\/\/headwear.com.pl\/fr\/telecharger\/","og_locale":"fr_FR","og_type":"article","og_title":"Materia\u0142y do pobrania, czapki reklamowe - Headwear Professionals","og_description":"Materia\u0142y do pobrania - zdj\u0119cia czapek reklamowych (z daszkiem, zimowe, kapelusze i daszki), pliki do wizualizacji, zdj\u0119cia wizerunkowe","og_url":"https:\/\/headwear.com.pl\/fr\/telecharger\/","og_site_name":"Headwear Professionals","article_publisher":"https:\/\/www.facebook.com\/HeadwearPolska","article_modified_time":"2024-02-20T08:23:15+00:00","twitter_card":"summary_large_image","twitter_misc":{"Dur\u00e9e de lecture estim\u00e9e":"1 minute"},"schema":{"@context":"https:\/\/schema.org","@graph":[{"@type":"WebPage","@id":"https:\/\/headwear.com.pl\/download\/","url":"https:\/\/headwear.com.pl\/download\/","name":"Fichiers \u00e0 t\u00e9l\u00e9charger. Casquettes publicitaires - Headwear Professionals","isPartOf":{"@id":"https:\/\/headwear.com.pl\/fr\/#website"},"datePublished":"2021-05-21T08:09:49+00:00","dateModified":"2024-02-20T08:23:15+00:00","description":"Mat\u00e9riel \u00e0 t\u00e9l\u00e9charger - photos de casquettes publicitaires (casquettes de baseball, chapeaux d'hiver et visi\u00e8res), fichiers de visualisation, photos d'images","breadcrumb":{"@id":"https:\/\/headwear.com.pl\/download\/#breadcrumb"},"inLanguage":"fr-FR","potentialAction":[{"@type":"ReadAction","target":["https:\/\/headwear.com.pl\/download\/"]}]},{"@type":"BreadcrumbList","@id":"https:\/\/headwear.com.pl\/download\/#breadcrumb","itemListElement":[{"@type":"ListItem","position":1,"name":"Strona g\u0142\u00f3wna","item":"https:\/\/headwear.com.pl\/"},{"@type":"ListItem","position":2,"name":"Download"}]},{"@type":"WebSite","@id":"https:\/\/headwear.com.pl\/fr\/#website","url":"https:\/\/headwear.com.pl\/fr\/","name":"Headwear Professionals","description":"Nous fabriquons des casquettes publicitaires depuis 1974. Nous travaillons uniquement avec des agences de publicit\u00e9","publisher":{"@id":"https:\/\/headwear.com.pl\/fr\/#organization"},"potentialAction":[{"@type":"SearchAction","target":{"@type":"EntryPoint","urlTemplate":"https:\/\/headwear.com.pl\/fr\/?s={search_term_string}"},"query-input":"required name=search_term_string"}],"inLanguage":"fr-FR"},{"@type":"Organization","@id":"https:\/\/headwear.com.pl\/fr\/#organization","name":"Headwear Professionals","url":"https:\/\/headwear.com.pl\/fr\/","logo":{"@type":"ImageObject","inLanguage":"fr-FR","@id":"https:\/\/headwear.com.pl\/fr\/#\/schema\/logo\/image\/","url":"https:\/\/headwear.com.pl\/wp-content\/uploads\/2024\/05\/Headwear_COLOR_RGB_logo.jpg","contentUrl":"https:\/\/headwear.com.pl\/wp-content\/uploads\/2024\/05\/Headwear_COLOR_RGB_logo.jpg","width":1786,"height":1263,"caption":"Headwear Professionals"},"image":{"@id":"https:\/\/headwear.com.pl\/fr\/#\/schema\/logo\/image\/"},"sameAs":["https:\/\/www.facebook.com\/HeadwearPolska","https:\/\/www.linkedin.com\/company\/headwearpolska"]}]}},"_links":{"self":[{"href":"https:\/\/headwear.com.pl\/fr\/wp-json\/wp\/v2\/pages\/106122"}],"collection":[{"href":"https:\/\/headwear.com.pl\/fr\/wp-json\/wp\/v2\/pages"}],"about":[{"href":"https:\/\/headwear.com.pl\/fr\/wp-json\/wp\/v2\/types\/page"}],"author":[{"embeddable":true,"href":"https:\/\/headwear.com.pl\/fr\/wp-json\/wp\/v2\/users\/1"}],"replies":[{"embeddable":true,"href":"https:\/\/headwear.com.pl\/fr\/wp-json\/wp\/v2\/comments?post=106122"}],"version-history":[{"count":3,"href":"https:\/\/headwear.com.pl\/fr\/wp-json\/wp\/v2\/pages\/106122\/revisions"}],"predecessor-version":[{"id":108898,"href":"https:\/\/headwear.com.pl\/fr\/wp-json\/wp\/v2\/pages\/106122\/revisions\/108898"}],"wp:attachment":[{"href":"https:\/\/headwear.com.pl\/fr\/wp-json\/wp\/v2\/media?parent=106122"}],"curies":[{"name":"wp","href":"https:\/\/api.w.org\/{rel}","templated":true}]}}