{"id":9323,"date":"2018-06-01T06:56:22","date_gmt":"2018-06-01T06:56:22","guid":{"rendered":"https:\/\/hongo.themezaa.com\/?page_id=9323"},"modified":"2025-01-15T21:08:25","modified_gmt":"2025-01-15T20:08:25","slug":"contact","status":"publish","type":"page","link":"https:\/\/headwear.com.pl\/fr\/contact\/","title":{"rendered":"Contact"},"content":{"rendered":"<section data-vc-full-width=\"true\" data-vc-full-width-init=\"false\" data-vc-stretch-content=\"true\" class=\"vc_row wpb_row vc_row-fluid  vc_custom_1566281527873   hongo-stretch-content vc_row-no-padding hongo-stretch-content-fluid vc_row-o-equal-height vc_row-o-content-top vc_row-flex\"><div class=\"wpb_column vc_column_container vc_col-sm-12 vc_col-lg-8 vc_col-md-7 vc_col-xs-12\"><div class=\"vc_column-inner\"><div class=\"wpb_wrapper\"><div class=\"vc_row wpb_row vc_inner vc_row-fluid\"><div class=\"wpb_column vc_column_container vc_col-has-fill vc_col-sm-12 vc_col-xs-12\"><div class=\"vc_column-inner cover-background bg-position-center-top vc_custom_1605692780347  hongo_responsive_1605692780356\" style=\"z-index:1;  min-height: 850px;\"><div class=\"wpb_wrapper\"><\/div><\/div><\/div><\/div><div class=\"vc_row wpb_row vc_inner vc_row-fluid\"><div class=\"wpb_column vc_column_container col-xs-mobile-fullwidth vc_col-sm-12 sm-text-center xs-text-center\"><div class=\"vc_column-inner vc_custom_1564046653542  hongo_responsive_1564046653546\"><div class=\"wpb_wrapper\"><div class=\"alt-font heading-style-2 vc_custom_1605691280896  hongo_responsive_1605691280905 heading-1 hongo-section-heading hongo_font_1605691280893\">Contact<\/div><\/div><\/div><\/div><\/div><\/div><\/div><\/div><div class=\"wpb_column vc_column_container vc_col-has-fill col-xs-mobile-fullwidth vc_col-sm-12 vc_col-lg-4 vc_col-md-5\"><div class=\"vc_column-inner vc_custom_1563455875219  hongo_responsive_1563455875230\"><div class=\"wpb_wrapper\"><div class=\"separator-style-2 vc_custom_1563455975312  hongo_responsive_1563455975321 separator-style2-1\"><\/div><div class=\"alt-font heading-style-3 vc_custom_1605690914987  hongo_responsive_1605690914996 heading-2 hongo-section-heading hongo_font_1605690914983\">Avez-vous des questions ? Contactez-nous<\/div><div class=\"hongo-featurebox-wrap hongo-product-featurebox vc_custom_1605691023374  hongo_responsive_1605691023389 icon-text-style-4 equal_height_disable icon_text4-1\"><div class=\"hongo-featurebox-wrapper\"><div class=\"hongo-featurebox-img\"><i class=\"base-color ti-world icon-medium\"><\/i><\/div><div class=\"hongo-featurebox-text hongo_font_1605691023334 alt-font\">Adresse<\/div><div class=\"sub-title hongo_font_1605691023350\">S\u0142oneczna 4<br \/>06-100 Pu\u0142tusk<\/div><\/div><\/div><div class=\"hongo-featurebox-wrap hongo-product-featurebox vc_custom_1616676769725  hongo_responsive_1616676769728 icon-text-style-4 equal_height_disable icon_text4-2\"><div class=\"hongo-featurebox-wrapper\"><div class=\"hongo-featurebox-img\"><a href=\"mailto:france@headwear.com.pl\"><i class=\"base-color ti-email icon-medium\"><\/i><\/a><\/div><div class=\"hongo-featurebox-text hongo_font_1616676769718 alt-font\"><a href=\"mailto:france@headwear.com.pl\" class=\"hongo-title-link hongo_font_1616676769718 alt-font\">\u00c9crivez-nous<\/a><\/div><div class=\"sub-title hongo_font_1616676769721\">chokri@headwear.com.pl | france@headwear.com.pl<\/div><\/div><\/div><div class=\"hongo-featurebox-wrap hongo-product-featurebox vc_custom_1712226206206  hongo_responsive_1712226206208 icon-text-style-4 equal_height_disable icon_text4-3\"><div class=\"hongo-featurebox-wrapper\"><div class=\"hongo-featurebox-img\"><i class=\"base-color ti-headphone-alt icon-medium\"><\/i><\/div><div class=\"hongo-featurebox-text hongo_font_1712226206199 alt-font\">Appelez-nous<\/div><div class=\"sub-title hongo_font_1712226206201\">PL \/ EN : +48 23 657 22 54 <br \/> DE : +49 2154 884600 <br \/> FR : +48 513 665 876 <br \/> IT : +48 451 511 576<\/div><\/div><\/div><div class=\"hongo-featurebox-wrap hongo-product-featurebox vc_custom_1605691261506  hongo_responsive_1605691261521 icon-text-style-4 equal_height_disable icon_text4-4\"><div class=\"hongo-featurebox-wrapper\"><div class=\"hongo-featurebox-img\"><i class=\"base-color ti-timer icon-medium\"><\/i><\/div><div class=\"hongo-featurebox-text hongo_font_1605691261468 alt-font\">Appelez-nous<\/div><div class=\"sub-title hongo_font_1605691261482\">Du lundi au vendredi: 08:00 \u2013 16:00<\/div><\/div><\/div><div  class=\"hongo-social-links social-icon-style-14 social-icon-1 text-uppercase\"><ul class=\"very-small-icon\"><li><a class=\"facebook-f\" target=\"_blank\" href=\"https:\/\/www.facebook.com\/HeadwearPolska\"><span class=\"brand-icon fab fa-facebook-f\"><\/span><span class=\"brand-label alt-font\">Facebook<\/span><\/a><\/li><li><a class=\"linkedin-in\" target=\"_blank\" href=\"https:\/\/www.linkedin.com\/company\/headwearpolska\"><span class=\"brand-icon fab fa-linkedin-in\"><\/span><span class=\"brand-label alt-font\">LinkedIn<\/span><\/a><\/li><li><a class=\"youtube\" target=\"_blank\" href=\"https:\/\/www.youtube.com\/channel\/UC1sJ_RKvWZ9wvecnQfxRXMQ\"><span class=\"brand-icon fab fa-youtube\"><\/span><span class=\"brand-label alt-font\">Youtube<\/span><\/a><\/li><\/ul><\/div><\/div><\/div><\/div><\/section><div class=\"vc_row-full-width vc_clearfix\"><\/div><section data-vc-full-width=\"true\" data-vc-full-width-init=\"false\" data-vc-stretch-content=\"true\" class=\"vc_row wpb_row vc_row-fluid  vc_custom_1563976333004   hongo-stretch-content hongo-stretch-content-fluid vc_row-o-equal-height vc_row-o-content-bottom vc_row-flex  hongo_responsive_1563976333008\"><div class=\"wpb_column vc_column_container col-xs-mobile-fullwidth vc_col-sm-6 vc_col-md-1\/5 vc_col-sm-offset-0 wow fadeInRight\" data-wow-duration= \"1200ms\"><div class=\"vc_column-inner  hongo_responsive_1564393973674\"><div class=\"wpb_wrapper\"><div class=\"alt-font heading-style-3 heading-3 hongo-section-heading hongo_font_1605691667570 translation-block\">Nous soutenons les agences de publicit\u00e9 depuis plus de 45 ans.<\/div><\/div><\/div><\/div><div class=\"wpb_column vc_column_container col-xs-mobile-fullwidth vc_col-sm-6 vc_col-md-1\/5 wow fadeInRight xs-text-center\" data-wow-delay= \"200ms\" data-wow-duration= \"1200ms\"><div class=\"vc_column-inner  hongo_responsive_1564393991447\"><div class=\"wpb_wrapper\"><div class=\"separator-style-2 separator-style2-2\"><\/div><\/div><\/div><\/div><div class=\"wpb_column vc_column_container col-xs-mobile-fullwidth vc_col-sm-4 vc_col-md-1\/5 wow fadeInRight\" data-wow-delay= \"400ms\" data-wow-duration= \"1200ms\"><div class=\"vc_column-inner  hongo_responsive_1564394006684\"><div class=\"wpb_wrapper\"><div class=\"alt-font heading-style-5 vc_custom_1605691711780 heading-4 hongo-section-heading hongo_font_1605691711777\"><span>Coop\u00e9ration commerciale<\/span><\/div><div class=\"text-block-content hongo-text-block-1 last-paragraph-no-margin\"><p><a href=\"mailto:marcin@headwear.com.pl\">chokri@headwear.com.pl | france@headwear.com.pl<\/a><\/p>\n<\/div><\/div><\/div><\/div><div class=\"wpb_column vc_column_container col-xs-mobile-fullwidth vc_col-sm-4 vc_col-md-1\/5 wow fadeInRight\" data-wow-delay= \"600ms\" data-wow-duration= \"1200ms\"><div class=\"vc_column-inner  hongo_responsive_1564394030532\"><div class=\"wpb_wrapper\"><div class=\"alt-font heading-style-5 vc_custom_1605691731347 heading-5 hongo-section-heading hongo_font_1605691731344\"><span>Vente<\/span><\/div><div class=\"text-block-content hongo-text-block-2 last-paragraph-no-margin\"><p><a href=\"mailto:malgorzata.rabczewska@headwear.com.pl\">malgorzata@headwear.com.pl<\/a><\/p>\n<\/div><div class=\"text-block-content hongo-text-block-3 last-paragraph-no-margin\"><p><a href=\"mailto:julia@headwear.com.pl\">julia@headwear.com.pl<\/a><\/p>\n<\/div><div class=\"text-block-content hongo-text-block-4 last-paragraph-no-margin\"><p><a href=\"mailto:michal@headwear.com.pl\">michal@headwear.com.pl<\/a><\/p>\n<\/div><\/div><\/div><\/div><div class=\"wpb_column vc_column_container col-xs-mobile-fullwidth vc_col-sm-4 vc_col-md-1\/5 wow fadeInRight\" data-wow-delay= \"800ms\" data-wow-duration= \"1200ms\"><div class=\"vc_column-inner  hongo_responsive_1564394056764\"><div class=\"wpb_wrapper\"><div class=\"alt-font heading-style-5 vc_custom_1605691741380 heading-6 hongo-section-heading hongo_font_1605691741377\"><span>Marketing<\/span><\/div><div class=\"text-block-content hongo-text-block-5 last-paragraph-no-margin\"><p><a href=\"mailto:marcin.jedrzejczyk@headwear.com.pl\">marketing@headwear.com.pl<\/a><\/p>\n<\/div><\/div><\/div><\/div><\/section><div class=\"vc_row-full-width vc_clearfix\"><\/div><section data-vc-full-width=\"true\" data-vc-full-width-init=\"false\" class=\"vc_row wpb_row vc_row-fluid  vc_custom_1605693447507   fix-background hongo-row-min-height wow fadeIn vc_row-has-fill hongo-stretch-content hongo-stretch-row-container  hongo_responsive_1605693447518\" style=\"min-height: 650px;\"><div class=\"hongo-overlay\" style=\"opacity:0.7; background: #353535;z-index:0; \"><\/div><div class=\"wpb_column vc_column_container col-xs-mobile-fullwidth vc_col-sm-12\"><div class=\"vc_column-inner\"><div class=\"wpb_wrapper\"><\/div><\/div><\/div><\/section><div class=\"vc_row-full-width vc_clearfix\"><\/div><section data-vc-full-width=\"true\" data-vc-full-width-init=\"false\" data-vc-stretch-content=\"true\" class=\"vc_row wpb_row vc_row-fluid  vc_custom_1563778035559   hongo-stretch-content hongo-stretch-content-fluid vc_row-o-equal-height vc_row-o-content-middle vc_row-flex  hongo_responsive_1563778035566\"><div class=\"wpb_column vc_column_container vc_col-has-fill col-xs-mobile-fullwidth vc_col-sm-12 vc_col-lg-8 vc_col-md-12 wow fadeInLeft\" data-wow-duration= \"1200ms\"><div class=\"vc_column-inner vc_custom_1564394273294  hongo_responsive_1564394273297\"><div class=\"wpb_wrapper\"><div class=\"vc_row wpb_row vc_inner vc_row-fluid\"><div class=\"wpb_column vc_column_container col-xs-mobile-fullwidth vc_col-sm-5 wow fadeInLeft\" data-wow-duration= \"1200ms\"><div class=\"vc_column-inner\"><div class=\"wpb_wrapper\"><div class=\"separator-style-2 vc_custom_1560345658044 separator-style2-3\"><\/div><div class=\"alt-font heading-style-3 vc_custom_1605695151955  hongo_responsive_1605695151965 heading-7 hongo-section-heading hongo_font_1605695151952\">Avez-vous des questions ? Nous sommes \u00e0 votre disposition.<\/div><div class=\"alt-font heading-style-5 vc_custom_1605695194776  hongo_responsive_1605695194785 heading-8 hongo-section-heading hongo_font_1605695194773\"><span>Appelez-nous ou rendez-nous visite \u00e0 tout moment. Nous nous effor\u00e7ons de r\u00e9pondre \u00e0 toutes les demandes de renseignements dans un d\u00e9lai de 24 heures les jours ouvrables.<\/span><\/div><div class=\"alt-font heading-style-5 vc_custom_1614690131232  hongo_responsive_1614690131239 heading-9 hongo-section-heading hongo_font_1614690131229\"><a class=\"heading-title-link hongo_font_1614690131229\"  target=\"_blank\" href=\"mailto:france@headwear.com.pl\"><span class=\"hongo_font_1614690131229\">Courriel : hpl@headwear.com.pl <br \/>Tel : +48 (23) 657 22 54<\/span><\/a><\/div><div class=\"alt-font display-inline-block heading-style-3 vc_custom_1564394139208  hongo_responsive_1564394139213 heading-10 hongo-section-heading hongo_font_1564394139203\" data-wow-delay= \"500ms\" data-wow-duration= \"1500ms\">client<\/div><\/div><\/div><\/div><div class=\"wpb_column vc_column_container vc_col-has-fill col-xs-mobile-fullwidth vc_col-sm-7 wow fadeInLeft\" data-wow-duration= \"1200ms\"><div class=\"vc_column-inner vc_custom_1564394242151  hongo_responsive_1564394242158\"><div class=\"wpb_wrapper\"><div class=\"alt-font heading-style-1 vc_custom_1605693646494 heading-11 hongo-section-heading hongo_font_1605693646490\">Remplissez le formulaire et nous vous contacterons!<\/div>\n<div class=\"wpcf7 no-js\" id=\"wpcf7-f9658-o1\" lang=\"en-US\" dir=\"ltr\">\n<div class=\"screen-reader-response\"><p role=\"status\" aria-live=\"polite\" aria-atomic=\"true\"><\/p> <ul><\/ul><\/div>\n<form action=\"\/fr\/wp-json\/wp\/v2\/pages\/9323#wpcf7-f9658-o1\" method=\"post\" class=\"wpcf7-form init\" aria-label=\"Contact form\" novalidate=\"novalidate\" data-status=\"init\" data-trp-original-action=\"\/fr\/wp-json\/wp\/v2\/pages\/9323#wpcf7-f9658-o1\">\n<div style=\"display: none;\">\n<input type=\"hidden\" name=\"_wpcf7\" value=\"9658\" \/>\n<input type=\"hidden\" name=\"_wpcf7_version\" value=\"5.9.5\" \/>\n<input type=\"hidden\" name=\"_wpcf7_locale\" value=\"en_US\" \/>\n<input type=\"hidden\" name=\"_wpcf7_unit_tag\" value=\"wpcf7-f9658-o1\" \/>\n<input type=\"hidden\" name=\"_wpcf7_container_post\" value=\"0\" \/>\n<input type=\"hidden\" name=\"_wpcf7_posted_data_hash\" value=\"\" \/>\n<input type=\"hidden\" name=\"_wpcf7_recaptcha_response\" value=\"\" \/>\n<\/div>\n<div class=\"hongo-contact-form-style-1\">\n\t<p><span class=\"wpcf7-form-control-wrap\" data-name=\"contact-name\"><input size=\"40\" class=\"wpcf7-form-control wpcf7-text wpcf7-validates-as-required\" aria-required=\"true\" aria-invalid=\"false\" placeholder=\"Nom*\" value=\"\" type=\"text\" name=\"contact-name\" \/><\/span><br \/>\n<span class=\"wpcf7-form-control-wrap\" data-name=\"contact-email\"><input size=\"40\" class=\"wpcf7-form-control wpcf7-email wpcf7-validates-as-required wpcf7-text wpcf7-validates-as-email\" aria-required=\"true\" aria-invalid=\"false\" placeholder=\"E-mail*\" value=\"\" type=\"email\" name=\"contact-email\" \/><\/span><br \/>\n<span class=\"wpcf7-form-control-wrap\" data-name=\"contact-subject\"><input size=\"40\" class=\"wpcf7-form-control wpcf7-text\" aria-invalid=\"false\" placeholder=\"Sujet\" value=\"\" type=\"text\" name=\"contact-subject\" \/><\/span><br \/>\n<span class=\"wpcf7-form-control-wrap\" data-name=\"contact-message\"><textarea cols=\"40\" rows=\"3\" class=\"wpcf7-form-control wpcf7-textarea\" aria-invalid=\"false\" placeholder=\"Votre message\" name=\"contact-message\"><\/textarea><\/span><br \/>\n<input class=\"wpcf7-form-control wpcf7-submit has-spinner btn btn-small alt-font\" type=\"submit\" value=\"Envoyer\" \/>\n\t<\/p>\n<\/div><div class=\"wpcf7-response-output\" aria-hidden=\"true\"><\/div>\n<input type=\"hidden\" name=\"trp-form-language\" value=\"fr\"\/><\/form>\n<\/div>\n<\/div><\/div><\/div><\/div><\/div><\/div><\/div><div class=\"wpb_column vc_column_container vc_col-has-fill col-xs-mobile-fullwidth vc_col-sm-12 vc_col-lg-4 vc_col-md-12 wow fadeInRight\" data-wow-delay= \"300ms\" data-wow-duration= \"1200ms\"><div class=\"vc_column-inner vc_custom_1564394131461  hongo_responsive_1564394131463\"><div class=\"wpb_wrapper\"><div class=\"hongo-testimonial-1 testimonial-style-3\"><div class=\"testimonial-icon\"><i class=\"fas fa-quote-left base-color icon-small\" style=\"color:#232323;\"><\/i><\/div><div class=\"testimonial-content-title alt-font hongo_font_1605695620532\">Nous savons tout sur les couvre-chefs<\/div><div class=\"testimonial-content hongo_font_1605695620535\"><p>Nous nous occupons de couvre-chefs promotionnels depuis plus de 45 ans et nous savons tout, ou presque, \u00e0 leur sujet. Vous avez des doutes ou des questions ? Nous sommes \u00e0 votre disposition.<\/p>\n<\/div><div class=\"testimonial-meta\"><div class=\"testimonial-name hongo_font_1605695620525\">- Micha\u0142 Matwiejczyk<\/div><\/div><\/div><\/div><\/div><\/div><\/section><div class=\"vc_row-full-width vc_clearfix\"><\/div><section data-vc-full-width=\"true\" data-vc-full-width-init=\"false\" data-vc-stretch-content=\"true\" class=\"vc_row wpb_row vc_row-fluid  vc_custom_1563774681971   hongo-stretch-content hongo-stretch-content-fluid vc_row-o-equal-height vc_row-o-content-bottom vc_row-flex  hongo_responsive_1563774681979\"><div class=\"wpb_column vc_column_container col-xs-mobile-fullwidth vc_col-sm-2 vc_col-lg-4 vc_col-md-2 wow fadeInRight xs-display-none\" data-wow-delay= \"100ms\" data-wow-duration= \"1200ms\"><div class=\"vc_column-inner vc_custom_1564394158251\"><div class=\"wpb_wrapper\"><div class=\"separator-style-2 separator-style2-4\"><\/div><\/div><\/div><\/div><\/section><div class=\"vc_row-full-width vc_clearfix\"><\/div>","protected":false},"excerpt":{"rendered":"KontaktMasz pytania? Zapraszamy do kontaktuAdresul. S\u0142oneczna 406-100 Pu\u0142tuskNapiszhpl@headwear.com.plZadzwo\u0144PL \/ EN: +48 23 657 22 54 DE: +49 2154 884600 FR: +48 513 665 876 IT: +48 451 511 576Godziny pracyPoniedzia\u0142ek \u2013 Pi\u0105tek: 08:00 \u2013 16:00FacebookLinkedInYoutubeOd ponad 45 lat wspieramy agencje reklamoweWsp\u00f3\u0142praca biznesowahpl@headwear.com.pl Sprzeda\u017cmalgorzata@headwear.com.pl julia@headwear.com.pl michal@headwear.com.pl Marketingmarketing@headwear.com.pl Masz pytania? Jeste\u015bmy do Twojej dyspozycji.Zadzwo\u0144 do nas lub wpadnij w dowolnym momencie, staramy si\u0119 odpowiada\u0107 na wszystkie pytania w ci\u0105gu 24 godzin w dni robocze.Email: hpl@headwear.com.pl Tel: +48 (23) 657 22 54customerWype\u0142nij formularz, a wkr\u00f3tce skontaktujemy si\u0119 z Tob\u0105! O czapkach wiemy wszystkoCzapkami reklamowymi zajmujemy si\u0119 od ponad 45 lat i wiemy o nich wszystko albo prawie wszystko. Masz pytania, w\u0105tpliwo\u015bci? Jeste\u015bmy ca\u0142y czas do Twojej dyspozycji. - Micha\u0142 Matwiejczyk","protected":false},"author":1,"featured_media":0,"parent":0,"menu_order":0,"comment_status":"closed","ping_status":"closed","template":"","meta":{"footnotes":""},"yoast_head":"<!-- This site is optimized with the Yoast SEO plugin v22.7 - https:\/\/yoast.com\/wordpress\/plugins\/seo\/ -->\n<title>Kontakt - Headwear Professionals<\/title>\n<meta name=\"description\" content=\"Prowadzisz agencj\u0119 reklamow\u0105? Masz pytania odno\u015bnie czapek reklamowych? Chcesz porozmawia\u0107 o technikach znakowania? Zapraszamy do kontaktu!\" \/>\n<meta name=\"robots\" content=\"index, follow, max-snippet:-1, max-image-preview:large, max-video-preview:-1\" \/>\n<link rel=\"canonical\" href=\"https:\/\/headwear.com.pl\/fr\/contact\/\" \/>\n<meta property=\"og:locale\" content=\"fr_FR\" \/>\n<meta property=\"og:type\" content=\"article\" \/>\n<meta property=\"og:title\" content=\"Kontakt - Headwear Professionals\" \/>\n<meta property=\"og:description\" content=\"Prowadzisz agencj\u0119 reklamow\u0105? Masz pytania odno\u015bnie czapek reklamowych? Chcesz porozmawia\u0107 o technikach znakowania? Zapraszamy do kontaktu!\" \/>\n<meta property=\"og:url\" content=\"https:\/\/headwear.com.pl\/fr\/contact\/\" \/>\n<meta property=\"og:site_name\" content=\"Headwear Professionals\" \/>\n<meta property=\"article:publisher\" content=\"https:\/\/www.facebook.com\/HeadwearPolska\" \/>\n<meta property=\"article:modified_time\" content=\"2025-01-15T20:08:25+00:00\" \/>\n<meta name=\"twitter:card\" content=\"summary_large_image\" \/>\n<meta name=\"twitter:label1\" content=\"Dur\u00e9e de lecture estim\u00e9e\" \/>\n\t<meta name=\"twitter:data1\" content=\"4 minutes\" \/>\n<script type=\"application\/ld+json\" class=\"yoast-schema-graph\">{\"@context\":\"https:\/\/schema.org\",\"@graph\":[{\"@type\":\"WebPage\",\"@id\":\"https:\/\/headwear.com.pl\/kontakt\/\",\"url\":\"https:\/\/headwear.com.pl\/kontakt\/\",\"name\":\"Kontakt - Headwear Professionals\",\"isPartOf\":{\"@id\":\"https:\/\/headwear.com.pl\/fr\/#website\"},\"datePublished\":\"2018-06-01T06:56:22+00:00\",\"dateModified\":\"2025-01-15T20:08:25+00:00\",\"description\":\"Prowadzisz agencj\u0119 reklamow\u0105? Masz pytania odno\u015bnie czapek reklamowych? Chcesz porozmawia\u0107 o technikach znakowania? Zapraszamy do kontaktu!\",\"breadcrumb\":{\"@id\":\"https:\/\/headwear.com.pl\/kontakt\/#breadcrumb\"},\"inLanguage\":\"fr-FR\",\"potentialAction\":[{\"@type\":\"ReadAction\",\"target\":[\"https:\/\/headwear.com.pl\/kontakt\/\"]}]},{\"@type\":\"BreadcrumbList\",\"@id\":\"https:\/\/headwear.com.pl\/kontakt\/#breadcrumb\",\"itemListElement\":[{\"@type\":\"ListItem\",\"position\":1,\"name\":\"Strona g\u0142\u00f3wna\",\"item\":\"https:\/\/headwear.com.pl\/\"},{\"@type\":\"ListItem\",\"position\":2,\"name\":\"Kontakt\"}]},{\"@type\":\"WebSite\",\"@id\":\"https:\/\/headwear.com.pl\/fr\/#website\",\"url\":\"https:\/\/headwear.com.pl\/fr\/\",\"name\":\"Headwear Professionals\",\"description\":\"Produkcj\u0105 czapek reklamowych zajmujemy si\u0119 od 1974 roku. Pracujemy tylko z agencjami reklamowymi\",\"publisher\":{\"@id\":\"https:\/\/headwear.com.pl\/fr\/#organization\"},\"potentialAction\":[{\"@type\":\"SearchAction\",\"target\":{\"@type\":\"EntryPoint\",\"urlTemplate\":\"https:\/\/headwear.com.pl\/fr\/?s={search_term_string}\"},\"query-input\":\"required name=search_term_string\"}],\"inLanguage\":\"fr-FR\"},{\"@type\":\"Organization\",\"@id\":\"https:\/\/headwear.com.pl\/fr\/#organization\",\"name\":\"Headwear Professionals\",\"url\":\"https:\/\/headwear.com.pl\/fr\/\",\"logo\":{\"@type\":\"ImageObject\",\"inLanguage\":\"fr-FR\",\"@id\":\"https:\/\/headwear.com.pl\/fr\/#\/schema\/logo\/image\/\",\"url\":\"https:\/\/headwear.com.pl\/wp-content\/uploads\/2024\/05\/Headwear_COLOR_RGB_logo.jpg\",\"contentUrl\":\"https:\/\/headwear.com.pl\/wp-content\/uploads\/2024\/05\/Headwear_COLOR_RGB_logo.jpg\",\"width\":1786,\"height\":1263,\"caption\":\"Headwear Professionals\"},\"image\":{\"@id\":\"https:\/\/headwear.com.pl\/fr\/#\/schema\/logo\/image\/\"},\"sameAs\":[\"https:\/\/www.facebook.com\/HeadwearPolska\",\"https:\/\/www.linkedin.com\/company\/headwearpolska\"]}]}<\/script>\n<!-- \/ Yoast SEO plugin. -->","yoast_head_json":{"title":"Contact - Headwear Professionals","description":"Vous dirigez une agence de publicit\u00e9 ? Vous avez des questions sur les casquettes publicitaires ? Vous souhaitez parler des techniques de marquage ? Contactez nous s'il vous plait!","robots":{"index":"index","follow":"follow","max-snippet":"max-snippet:-1","max-image-preview":"max-image-preview:large","max-video-preview":"max-video-preview:-1"},"canonical":"https:\/\/headwear.com.pl\/fr\/contact\/","og_locale":"fr_FR","og_type":"article","og_title":"Kontakt - Headwear Professionals","og_description":"Prowadzisz agencj\u0119 reklamow\u0105? Masz pytania odno\u015bnie czapek reklamowych? Chcesz porozmawia\u0107 o technikach znakowania? Zapraszamy do kontaktu!","og_url":"https:\/\/headwear.com.pl\/fr\/contact\/","og_site_name":"Headwear Professionals","article_publisher":"https:\/\/www.facebook.com\/HeadwearPolska","article_modified_time":"2025-01-15T20:08:25+00:00","twitter_card":"summary_large_image","twitter_misc":{"Dur\u00e9e de lecture estim\u00e9e":"4 minutes"},"schema":{"@context":"https:\/\/schema.org","@graph":[{"@type":"WebPage","@id":"https:\/\/headwear.com.pl\/kontakt\/","url":"https:\/\/headwear.com.pl\/kontakt\/","name":"Contact - Headwear Professionals","isPartOf":{"@id":"https:\/\/headwear.com.pl\/fr\/#website"},"datePublished":"2018-06-01T06:56:22+00:00","dateModified":"2025-01-15T20:08:25+00:00","description":"Vous dirigez une agence de publicit\u00e9 ? Vous avez des questions sur les casquettes publicitaires ? Vous souhaitez parler des techniques de marquage ? Contactez nous s'il vous plait!","breadcrumb":{"@id":"https:\/\/headwear.com.pl\/kontakt\/#breadcrumb"},"inLanguage":"fr-FR","potentialAction":[{"@type":"ReadAction","target":["https:\/\/headwear.com.pl\/kontakt\/"]}]},{"@type":"BreadcrumbList","@id":"https:\/\/headwear.com.pl\/kontakt\/#breadcrumb","itemListElement":[{"@type":"ListItem","position":1,"name":"Strona g\u0142\u00f3wna","item":"https:\/\/headwear.com.pl\/"},{"@type":"ListItem","position":2,"name":"Kontakt"}]},{"@type":"WebSite","@id":"https:\/\/headwear.com.pl\/fr\/#website","url":"https:\/\/headwear.com.pl\/fr\/","name":"Headwear Professionals","description":"Nous fabriquons des casquettes publicitaires depuis 1974. Nous travaillons uniquement avec des agences de publicit\u00e9","publisher":{"@id":"https:\/\/headwear.com.pl\/fr\/#organization"},"potentialAction":[{"@type":"SearchAction","target":{"@type":"EntryPoint","urlTemplate":"https:\/\/headwear.com.pl\/fr\/?s={search_term_string}"},"query-input":"required name=search_term_string"}],"inLanguage":"fr-FR"},{"@type":"Organization","@id":"https:\/\/headwear.com.pl\/fr\/#organization","name":"Headwear Professionals","url":"https:\/\/headwear.com.pl\/fr\/","logo":{"@type":"ImageObject","inLanguage":"fr-FR","@id":"https:\/\/headwear.com.pl\/fr\/#\/schema\/logo\/image\/","url":"https:\/\/headwear.com.pl\/wp-content\/uploads\/2024\/05\/Headwear_COLOR_RGB_logo.jpg","contentUrl":"https:\/\/headwear.com.pl\/wp-content\/uploads\/2024\/05\/Headwear_COLOR_RGB_logo.jpg","width":1786,"height":1263,"caption":"Headwear Professionals"},"image":{"@id":"https:\/\/headwear.com.pl\/fr\/#\/schema\/logo\/image\/"},"sameAs":["https:\/\/www.facebook.com\/HeadwearPolska","https:\/\/www.linkedin.com\/company\/headwearpolska"]}]}},"_links":{"self":[{"href":"https:\/\/headwear.com.pl\/fr\/wp-json\/wp\/v2\/pages\/9323"}],"collection":[{"href":"https:\/\/headwear.com.pl\/fr\/wp-json\/wp\/v2\/pages"}],"about":[{"href":"https:\/\/headwear.com.pl\/fr\/wp-json\/wp\/v2\/types\/page"}],"author":[{"embeddable":true,"href":"https:\/\/headwear.com.pl\/fr\/wp-json\/wp\/v2\/users\/1"}],"replies":[{"embeddable":true,"href":"https:\/\/headwear.com.pl\/fr\/wp-json\/wp\/v2\/comments?post=9323"}],"version-history":[{"count":6,"href":"https:\/\/headwear.com.pl\/fr\/wp-json\/wp\/v2\/pages\/9323\/revisions"}],"predecessor-version":[{"id":109371,"href":"https:\/\/headwear.com.pl\/fr\/wp-json\/wp\/v2\/pages\/9323\/revisions\/109371"}],"wp:attachment":[{"href":"https:\/\/headwear.com.pl\/fr\/wp-json\/wp\/v2\/media?parent=9323"}],"curies":[{"name":"wp","href":"https:\/\/api.w.org\/{rel}","templated":true}]}}