{"id":103338,"date":"2021-01-28T14:08:03","date_gmt":"2021-01-28T13:08:03","guid":{"rendered":"https:\/\/headwear.com.pl\/produkt\/truckers-bawelna-drapana-chino\/"},"modified":"2026-04-20T04:15:45","modified_gmt":"2026-04-20T02:15:45","slug":"4123","status":"publish","type":"product","link":"https:\/\/headwear.com.pl\/fr\/produits\/4123\/","title":{"rendered":"4123 - casquette de baseball"},"content":{"rendered":"<p>La casquette 4123 est fabriqu\u00e9e en coton chino gratt\u00e9, ce qui la rend adapt\u00e9e \u00e0 diverses utilisations, tant au quotidien que lors d'activit\u00e9s de plein air. Le produit se caract\u00e9rise par une construction solide, gr\u00e2ce \u00e0 l'utilisation de six panneaux et d'une visi\u00e8re profil\u00e9e, qui garantissent durabilit\u00e9 et confort.<\/p>\n<p>Ce produit convient \u00e0 de nombreuses situations, telles que les promenades, les excursions ou les activit\u00e9s sportives. Gr\u00e2ce \u00e0 sa structure rigide, la casquette conserve sa forme m\u00eame apr\u00e8s une utilisation prolong\u00e9e. Le coton garantit une bonne ventilation et un confort thermique, ce qui est important lors des journ\u00e9es chaudes. La fermeture \u00e0 velcro permet d'ajuster facilement la taille aux besoins individuels de l'utilisateur.<\/p>\n<p>Le coton gratt\u00e9 chino utilis\u00e9 pour la fabrication de la casquette garantit la douceur et la r\u00e9sistance du tissu. Son grammage de 290 g\/m\u00b2 t\u00e9moigne de la haute qualit\u00e9 du tissu, qui est r\u00e9sistant \u00e0 l'abrasion et aux autres dommages m\u00e9caniques. Le produit est disponible en plusieurs coloris, ce qui permet de choisir le mod\u00e8le qui correspond le mieux \u00e0 vos pr\u00e9f\u00e9rences esth\u00e9tiques personnelles.<\/p>\n<h3>Caract\u00e9ristiques principales<\/h3>\n<ul>\n<li><strong>Usztywniana konstrukcja:<\/strong> La casquette comporte six panneaux et une visi\u00e8re profil\u00e9e, ce qui garantit sa durabilit\u00e9 et la stabilit\u00e9 de sa forme, m\u00eame en cas d'utilisation intensive.<\/li>\n<li><strong>Zapi\u0119cie na rzep:<\/strong> Permet d'ajuster facilement la taille de la casquette au tour de t\u00eate de l'utilisateur, ce qui augmente le confort.<\/li>\n<li><strong>Tissu en coton :<\/strong> Le coton gratt\u00e9 Chino se caract\u00e9rise par un grammage \u00e9lev\u00e9 de 290 g\/m2, garantissant douceur et r\u00e9sistance \u00e0 l'usure.<\/li>\n<li><strong>Wielofunkcyjno\u015b\u0107:<\/strong> Ce produit convient aussi bien \u00e0 un usage quotidien qu'aux activit\u00e9s sportives ou r\u00e9cr\u00e9atives.<\/li>\n<li><strong>Dost\u0119pno\u015b\u0107 kolor\u00f3w:<\/strong> Une palette de couleurs vari\u00e9e permet de choisir un bonnet en fonction de ses pr\u00e9f\u00e9rences esth\u00e9tiques personnelles.<\/li>\n<\/ul>\n<p>Afin de pr\u00e9server la qualit\u00e9 et l'apparence du bonnet pendant longtemps, il est recommand\u00e9 de le laver \u00e0 la main \u00e0 l'eau ti\u00e8de avec un d\u00e9tergent doux. \u00c9vitez le s\u00e9chage m\u00e9canique et le repassage directement sur le tissu. Conservez-le dans un endroit sec, \u00e0 l'abri de la lumi\u00e8re directe du soleil.<\/p>\n<h3>D\u00e9tails techniques<\/h3>\n<ul>\n<li><strong>Mati\u00e8re :<\/strong> Coton gratt\u00e9 chino d'un grammage de 290 g\/m2<\/li>\n<li><strong>Dimensions :<\/strong> Uniwersalny rozmiar z regulacj\u0105 na rzep<\/li>\n<li><strong>Couleurs :<\/strong> Dost\u0119pne r\u00f3\u017cne warianty kolorystyczne<\/li>\n<li><strong>Kraj produkcji:<\/strong> Informacja niedost\u0119pna<\/li>\n<\/ul>\n<p>La casquette 4123 est un produit fabriqu\u00e9 \u00e0 partir de mat\u00e9riaux durables et dot\u00e9 d'une conception bien pens\u00e9e, ce qui la rend id\u00e9ale pour les personnes \u00e0 la recherche d'accessoires vestimentaires fonctionnels et esth\u00e9tiques.<\/p>","protected":false},"excerpt":{"rendered":"<p>Casquette de baseball publicitaire en coton gratt\u00e9 Chino. Renforc\u00e9e avec 6 panneaux et une visi\u00e8re profil\u00e9e.<\/p>","protected":false},"featured_media":104192,"template":"","meta":[],"product_cat":[152,429,425,422,419],"product_tag":[],"yoast_head":"<!-- This site is optimized with the Yoast SEO plugin v22.7 - https:\/\/yoast.com\/wordpress\/plugins\/seo\/ -->\n<title>4123 - czapka z daszkiem - Headwear Professionals<\/title>\n<meta name=\"description\" content=\"Czapka z daszkiem 4123 z bawe\u0142ny drapanej Chino to trwa\u0142o\u015b\u0107 i komfort termiczny. Idealna na spacery i sport. Sprawd\u017a szczeg\u00f3\u0142y.\" \/>\n<meta name=\"robots\" content=\"index, follow, max-snippet:-1, max-image-preview:large, max-video-preview:-1\" \/>\n<link rel=\"canonical\" href=\"https:\/\/headwear.com.pl\/fr\/produits\/4123\/\" \/>\n<meta property=\"og:locale\" content=\"fr_FR\" \/>\n<meta property=\"og:type\" content=\"article\" \/>\n<meta property=\"og:title\" content=\"4123 - czapka z daszkiem - Headwear Professionals\" \/>\n<meta property=\"og:description\" content=\"Czapka z daszkiem 4123 z bawe\u0142ny drapanej Chino to trwa\u0142o\u015b\u0107 i komfort termiczny. Idealna na spacery i sport. Sprawd\u017a szczeg\u00f3\u0142y.\" \/>\n<meta property=\"og:url\" content=\"https:\/\/headwear.com.pl\/fr\/produits\/4123\/\" \/>\n<meta property=\"og:site_name\" content=\"Headwear Professionals\" \/>\n<meta property=\"article:publisher\" content=\"https:\/\/www.facebook.com\/HeadwearPolska\" \/>\n<meta property=\"article:modified_time\" content=\"2026-04-20T02:15:45+00:00\" \/>\n<meta property=\"og:image\" content=\"https:\/\/headwear.com.pl\/wp-content\/uploads\/2021\/01\/4123-czapka-z-daszkiem-Headwear-Professionals-6.jpg\" \/>\n\t<meta property=\"og:image:width\" content=\"800\" \/>\n\t<meta property=\"og:image:height\" content=\"1020\" \/>\n\t<meta property=\"og:image:type\" content=\"image\/jpeg\" \/>\n<meta name=\"twitter:card\" content=\"summary_large_image\" \/>\n<meta name=\"twitter:label1\" content=\"Dur\u00e9e de lecture estim\u00e9e\" \/>\n\t<meta name=\"twitter:data1\" content=\"2 minutes\" \/>\n<script type=\"application\/ld+json\" class=\"yoast-schema-graph\">{\"@context\":\"https:\/\/schema.org\",\"@graph\":[{\"@type\":\"WebPage\",\"@id\":\"https:\/\/headwear.com.pl\/oferta\/4123-czapka-z-daszkiem\/\",\"url\":\"https:\/\/headwear.com.pl\/oferta\/4123-czapka-z-daszkiem\/\",\"name\":\"4123 - czapka z daszkiem - Headwear Professionals\",\"isPartOf\":{\"@id\":\"https:\/\/headwear.com.pl\/fr\/#website\"},\"primaryImageOfPage\":{\"@id\":\"https:\/\/headwear.com.pl\/oferta\/4123-czapka-z-daszkiem\/#primaryimage\"},\"image\":{\"@id\":\"https:\/\/headwear.com.pl\/oferta\/4123-czapka-z-daszkiem\/#primaryimage\"},\"thumbnailUrl\":\"https:\/\/headwear.com.pl\/wp-content\/uploads\/2021\/01\/4123-czapka-z-daszkiem-Headwear-Professionals-6.jpg\",\"datePublished\":\"2021-01-28T13:08:03+00:00\",\"dateModified\":\"2026-04-20T02:15:45+00:00\",\"description\":\"Czapka z daszkiem 4123 z bawe\u0142ny drapanej Chino to trwa\u0142o\u015b\u0107 i komfort termiczny. Idealna na spacery i sport. Sprawd\u017a szczeg\u00f3\u0142y.\",\"breadcrumb\":{\"@id\":\"https:\/\/headwear.com.pl\/oferta\/4123-czapka-z-daszkiem\/#breadcrumb\"},\"inLanguage\":\"fr-FR\",\"potentialAction\":[{\"@type\":\"ReadAction\",\"target\":[\"https:\/\/headwear.com.pl\/oferta\/4123-czapka-z-daszkiem\/\"]}]},{\"@type\":\"ImageObject\",\"inLanguage\":\"fr-FR\",\"@id\":\"https:\/\/headwear.com.pl\/oferta\/4123-czapka-z-daszkiem\/#primaryimage\",\"url\":\"https:\/\/headwear.com.pl\/wp-content\/uploads\/2021\/01\/4123-czapka-z-daszkiem-Headwear-Professionals-6.jpg\",\"contentUrl\":\"https:\/\/headwear.com.pl\/wp-content\/uploads\/2021\/01\/4123-czapka-z-daszkiem-Headwear-Professionals-6.jpg\",\"width\":800,\"height\":1020,\"caption\":\"4123-czapka-z-daszkiem-Headwear-Professionals\"},{\"@type\":\"BreadcrumbList\",\"@id\":\"https:\/\/headwear.com.pl\/oferta\/4123-czapka-z-daszkiem\/#breadcrumb\",\"itemListElement\":[{\"@type\":\"ListItem\",\"position\":1,\"name\":\"Strona g\u0142\u00f3wna\",\"item\":\"https:\/\/headwear.com.pl\/\"},{\"@type\":\"ListItem\",\"position\":2,\"name\":\"Oferta &#8211; Headwear Professionals\",\"item\":\"https:\/\/headwear.com.pl\/fr\/oferta\/\"},{\"@type\":\"ListItem\",\"position\":3,\"name\":\"4123 &#8211; czapka z daszkiem\"}]},{\"@type\":\"WebSite\",\"@id\":\"https:\/\/headwear.com.pl\/fr\/#website\",\"url\":\"https:\/\/headwear.com.pl\/fr\/\",\"name\":\"Headwear Professionals\",\"description\":\"Produkcj\u0105 czapek reklamowych zajmujemy si\u0119 od 1974 roku. Pracujemy tylko z agencjami reklamowymi\",\"publisher\":{\"@id\":\"https:\/\/headwear.com.pl\/fr\/#organization\"},\"potentialAction\":[{\"@type\":\"SearchAction\",\"target\":{\"@type\":\"EntryPoint\",\"urlTemplate\":\"https:\/\/headwear.com.pl\/fr\/?s={search_term_string}\"},\"query-input\":\"required name=search_term_string\"}],\"inLanguage\":\"fr-FR\"},{\"@type\":\"Organization\",\"@id\":\"https:\/\/headwear.com.pl\/fr\/#organization\",\"name\":\"Headwear Professionals\",\"url\":\"https:\/\/headwear.com.pl\/fr\/\",\"logo\":{\"@type\":\"ImageObject\",\"inLanguage\":\"fr-FR\",\"@id\":\"https:\/\/headwear.com.pl\/fr\/#\/schema\/logo\/image\/\",\"url\":\"https:\/\/headwear.com.pl\/wp-content\/uploads\/2024\/05\/Headwear_COLOR_RGB_logo.jpg\",\"contentUrl\":\"https:\/\/headwear.com.pl\/wp-content\/uploads\/2024\/05\/Headwear_COLOR_RGB_logo.jpg\",\"width\":1786,\"height\":1263,\"caption\":\"Headwear Professionals\"},\"image\":{\"@id\":\"https:\/\/headwear.com.pl\/fr\/#\/schema\/logo\/image\/\"},\"sameAs\":[\"https:\/\/www.facebook.com\/HeadwearPolska\",\"https:\/\/www.linkedin.com\/company\/headwearpolska\"]}]}<\/script>\n<!-- \/ Yoast SEO plugin. -->","yoast_head_json":{"title":"4123 -casquette de baseball - Headwear Professionals","description":"La casquette 4123 en coton chin\u00e9 gratt\u00e9 est synonyme de durabilit\u00e9 et de confort thermique. Id\u00e9ale pour les promenades et le sport. D\u00e9couvrez les d\u00e9tails.","robots":{"index":"index","follow":"follow","max-snippet":"max-snippet:-1","max-image-preview":"max-image-preview:large","max-video-preview":"max-video-preview:-1"},"canonical":"https:\/\/headwear.com.pl\/fr\/produits\/4123\/","og_locale":"fr_FR","og_type":"article","og_title":"4123 - czapka z daszkiem - Headwear Professionals","og_description":"Czapka z daszkiem 4123 z bawe\u0142ny drapanej Chino to trwa\u0142o\u015b\u0107 i komfort termiczny. Idealna na spacery i sport. Sprawd\u017a szczeg\u00f3\u0142y.","og_url":"https:\/\/headwear.com.pl\/fr\/produits\/4123\/","og_site_name":"Headwear Professionals","article_publisher":"https:\/\/www.facebook.com\/HeadwearPolska","article_modified_time":"2026-04-20T02:15:45+00:00","og_image":[{"width":800,"height":1020,"url":"https:\/\/headwear.com.pl\/wp-content\/uploads\/2021\/01\/4123-czapka-z-daszkiem-Headwear-Professionals-6.jpg","type":"image\/jpeg"}],"twitter_card":"summary_large_image","twitter_misc":{"Dur\u00e9e de lecture estim\u00e9e":"2 minutes"},"schema":{"@context":"https:\/\/schema.org","@graph":[{"@type":"WebPage","@id":"https:\/\/headwear.com.pl\/oferta\/4123-czapka-z-daszkiem\/","url":"https:\/\/headwear.com.pl\/oferta\/4123-czapka-z-daszkiem\/","name":"4123 -casquette de baseball - Headwear Professionals","isPartOf":{"@id":"https:\/\/headwear.com.pl\/fr\/#website"},"primaryImageOfPage":{"@id":"https:\/\/headwear.com.pl\/oferta\/4123-czapka-z-daszkiem\/#primaryimage"},"image":{"@id":"https:\/\/headwear.com.pl\/oferta\/4123-czapka-z-daszkiem\/#primaryimage"},"thumbnailUrl":"https:\/\/headwear.com.pl\/wp-content\/uploads\/2021\/01\/4123-czapka-z-daszkiem-Headwear-Professionals-6.jpg","datePublished":"2021-01-28T13:08:03+00:00","dateModified":"2026-04-20T02:15:45+00:00","description":"La casquette 4123 en coton chin\u00e9 gratt\u00e9 est synonyme de durabilit\u00e9 et de confort thermique. Id\u00e9ale pour les promenades et le sport. D\u00e9couvrez les d\u00e9tails.","breadcrumb":{"@id":"https:\/\/headwear.com.pl\/oferta\/4123-czapka-z-daszkiem\/#breadcrumb"},"inLanguage":"fr-FR","potentialAction":[{"@type":"ReadAction","target":["https:\/\/headwear.com.pl\/oferta\/4123-czapka-z-daszkiem\/"]}]},{"@type":"ImageObject","inLanguage":"fr-FR","@id":"https:\/\/headwear.com.pl\/oferta\/4123-czapka-z-daszkiem\/#primaryimage","url":"https:\/\/headwear.com.pl\/wp-content\/uploads\/2021\/01\/4123-czapka-z-daszkiem-Headwear-Professionals-6.jpg","contentUrl":"https:\/\/headwear.com.pl\/wp-content\/uploads\/2021\/01\/4123-czapka-z-daszkiem-Headwear-Professionals-6.jpg","width":800,"height":1020,"caption":"4123-czapka-z-daszkiem-Headwear-Professionals"},{"@type":"BreadcrumbList","@id":"https:\/\/headwear.com.pl\/oferta\/4123-czapka-z-daszkiem\/#breadcrumb","itemListElement":[{"@type":"ListItem","position":1,"name":"Strona g\u0142\u00f3wna","item":"https:\/\/headwear.com.pl\/"},{"@type":"ListItem","position":2,"name":"Oferta &#8211; Headwear Professionals","item":"https:\/\/headwear.com.pl\/fr\/oferta\/"},{"@type":"ListItem","position":3,"name":"4123 &#8211; czapka z daszkiem"}]},{"@type":"WebSite","@id":"https:\/\/headwear.com.pl\/fr\/#website","url":"https:\/\/headwear.com.pl\/fr\/","name":"Headwear Professionals","description":"Nous fabriquons des casquettes publicitaires depuis 1974. Nous travaillons uniquement avec des agences de publicit\u00e9","publisher":{"@id":"https:\/\/headwear.com.pl\/fr\/#organization"},"potentialAction":[{"@type":"SearchAction","target":{"@type":"EntryPoint","urlTemplate":"https:\/\/headwear.com.pl\/fr\/?s={search_term_string}"},"query-input":"required name=search_term_string"}],"inLanguage":"fr-FR"},{"@type":"Organization","@id":"https:\/\/headwear.com.pl\/fr\/#organization","name":"Headwear Professionals","url":"https:\/\/headwear.com.pl\/fr\/","logo":{"@type":"ImageObject","inLanguage":"fr-FR","@id":"https:\/\/headwear.com.pl\/fr\/#\/schema\/logo\/image\/","url":"https:\/\/headwear.com.pl\/wp-content\/uploads\/2024\/05\/Headwear_COLOR_RGB_logo.jpg","contentUrl":"https:\/\/headwear.com.pl\/wp-content\/uploads\/2024\/05\/Headwear_COLOR_RGB_logo.jpg","width":1786,"height":1263,"caption":"Headwear Professionals"},"image":{"@id":"https:\/\/headwear.com.pl\/fr\/#\/schema\/logo\/image\/"},"sameAs":["https:\/\/www.facebook.com\/HeadwearPolska","https:\/\/www.linkedin.com\/company\/headwearpolska"]}]}},"_links":{"self":[{"href":"https:\/\/headwear.com.pl\/fr\/wp-json\/wp\/v2\/product\/103338"}],"collection":[{"href":"https:\/\/headwear.com.pl\/fr\/wp-json\/wp\/v2\/product"}],"about":[{"href":"https:\/\/headwear.com.pl\/fr\/wp-json\/wp\/v2\/types\/product"}],"wp:featuredmedia":[{"embeddable":true,"href":"https:\/\/headwear.com.pl\/fr\/wp-json\/wp\/v2\/media\/104192"}],"wp:attachment":[{"href":"https:\/\/headwear.com.pl\/fr\/wp-json\/wp\/v2\/media?parent=103338"}],"wp:term":[{"taxonomy":"product_cat","embeddable":true,"href":"https:\/\/headwear.com.pl\/fr\/wp-json\/wp\/v2\/product_cat?post=103338"},{"taxonomy":"product_tag","embeddable":true,"href":"https:\/\/headwear.com.pl\/fr\/wp-json\/wp\/v2\/product_tag?post=103338"}],"curies":[{"name":"wp","href":"https:\/\/api.w.org\/{rel}","templated":true}]}}