{"id":103786,"date":"2021-01-28T14:13:09","date_gmt":"2021-01-28T13:13:09","guid":{"rendered":"https:\/\/headwear.com.pl\/produkt\/bawelna-drapana-4\/"},"modified":"2026-04-30T04:05:44","modified_gmt":"2026-04-30T02:05:44","slug":"4242","status":"publish","type":"product","link":"https:\/\/headwear.com.pl\/fr\/produits\/4242\/","title":{"rendered":"4242 - casquette de baseball"},"content":{"rendered":"<p>La casquette 4242 est fabriqu\u00e9e en coton gratt\u00e9 de haute qualit\u00e9, ce qui la rend id\u00e9ale pour ceux qui recherchent des accessoires durables et fonctionnels. Ce produit se caract\u00e9rise par une structure rigide \u00e0 six panneaux et une visi\u00e8re profil\u00e9e, ce qui garantit un confort optimal dans diff\u00e9rentes conditions m\u00e9t\u00e9orologiques. La bande Velcro permet de r\u00e9gler facilement la taille, ce qui rend la casquette polyvalente.<\/p>\n<p>Ce produit peut \u00eatre utilis\u00e9 aussi bien au quotidien que lors d'activit\u00e9s en plein air. La casquette 4242 est id\u00e9ale pour se prot\u00e9ger du soleil lors de promenades, d'excursions ou de la pratique de sports de plein air. Le coton assure une bonne ventilation, ce qui est important lors d'un port prolong\u00e9. La conception de la casquette permet de l'assortir facilement \u00e0 diff\u00e9rents styles.<\/p>\n<p>La fabrication de la casquette en coton gratt\u00e9 d'un grammage de 190 g\/m\u00b2 garantit sa r\u00e9sistance et sa r\u00e9sistance aux dommages m\u00e9caniques. La visi\u00e8re profil\u00e9e prot\u00e8ge non seulement du soleil, mais ajoute \u00e9galement une fonctionnalit\u00e9 suppl\u00e9mentaire en limitant la lumi\u00e8re \u00e9blouissante. La structure rigide \u00e0 six panneaux assure la stabilit\u00e9 de la forme, m\u00eame apr\u00e8s une utilisation prolong\u00e9e.<\/p>\n<h3>Caract\u00e9ristiques principales<\/h3>\n<ul>\n<li><strong>Usztywniana konstrukcja:<\/strong> La casquette comporte six panneaux qui lui conf\u00e8rent stabilit\u00e9 et durabilit\u00e9, ce qui est important pour un usage quotidien.<\/li>\n<li><strong>Profilowany daszek:<\/strong> Il offre une protection efficace contre les rayons solaires et minimise l'effet \u00e9blouissant de la lumi\u00e8re.<\/li>\n<li><strong>Regulowane zapi\u0119cie:<\/strong> La bande velcro permet d'ajuster facilement la taille aux besoins individuels de l'utilisateur.<\/li>\n<li><strong>Tissu en coton :<\/strong> Le coton gratt\u00e9 assure un confort optimal et une bonne circulation de l'air.<\/li>\n<li><strong>Uniwersalne zastosowanie:<\/strong> Convient aussi bien \u00e0 un usage quotidien qu'aux activit\u00e9s de plein air.<\/li>\n<\/ul>\n<p>L'entretien de la casquette 4242 est simple : il suffit de la laver r\u00e9guli\u00e8rement \u00e0 la main ou en machine \u00e0 basse temp\u00e9rature, en utilisant un programme d\u00e9licat. \u00c9vitez d'utiliser des produits chimiques agressifs et de la s\u00e9cher au s\u00e8che-linge afin de pr\u00e9server sa forme et sa couleur d'origine.<\/p>\n<h3>D\u00e9tails techniques<\/h3>\n<ul>\n<li><strong>Mati\u00e8re :<\/strong> Coton gratt\u00e9 100%<\/li>\n<li><strong>Dimensions :<\/strong> Uniwersalny rozmiar z regulacj\u0105<\/li>\n<li><strong>Couleurs :<\/strong> Dost\u0119pny w r\u00f3\u017cnych wariantach kolorystycznych<\/li>\n<li><strong>Kraj produkcji:<\/strong> Informacje niedost\u0119pne<\/li>\n<\/ul>\n<p>La casquette 4242 est un produit con\u00e7u pour \u00eatre durable et fonctionnel. Elle se caract\u00e9rise par sa polyvalence et la haute qualit\u00e9 de ses mat\u00e9riaux.<\/p>","protected":false},"excerpt":{"rendered":"<p>Casquette de baseball publicitaire en coton gratt\u00e9. Renforc\u00e9e avec 6 panneaux et une visi\u00e8re profil\u00e9e.<\/p>","protected":false},"featured_media":105196,"template":"","meta":[],"product_cat":[152,429,425],"product_tag":[],"yoast_head":"<!-- This site is optimized with the Yoast SEO plugin v22.7 - https:\/\/yoast.com\/wordpress\/plugins\/seo\/ -->\n<title>4242 - czapka z daszkiem - Headwear Professionals<\/title>\n<meta name=\"description\" content=\"Czapka z daszkiem 4242 z bawe\u0142ny drapanej oferuje trwa\u0142o\u015b\u0107 i komfort dzi\u0119ki usztywnianej konstrukcji. Idealna na codzie\u0144 i aktywno\u015b\u0107 na \u015bwie\u017cym powietrzu. Sp...\" \/>\n<meta name=\"robots\" content=\"index, follow, max-snippet:-1, max-image-preview:large, max-video-preview:-1\" \/>\n<link rel=\"canonical\" href=\"https:\/\/headwear.com.pl\/fr\/produits\/4242\/\" \/>\n<meta property=\"og:locale\" content=\"fr_FR\" \/>\n<meta property=\"og:type\" content=\"article\" \/>\n<meta property=\"og:title\" content=\"4242 - czapka z daszkiem - Headwear Professionals\" \/>\n<meta property=\"og:description\" content=\"Czapka z daszkiem 4242 z bawe\u0142ny drapanej oferuje trwa\u0142o\u015b\u0107 i komfort dzi\u0119ki usztywnianej konstrukcji. Idealna na codzie\u0144 i aktywno\u015b\u0107 na \u015bwie\u017cym powietrzu. Sp...\" \/>\n<meta property=\"og:url\" content=\"https:\/\/headwear.com.pl\/fr\/produits\/4242\/\" \/>\n<meta property=\"og:site_name\" content=\"Headwear Professionals\" \/>\n<meta property=\"article:publisher\" content=\"https:\/\/www.facebook.com\/HeadwearPolska\" \/>\n<meta property=\"article:modified_time\" content=\"2026-04-30T02:05:44+00:00\" \/>\n<meta property=\"og:image\" content=\"https:\/\/headwear.com.pl\/wp-content\/uploads\/2021\/01\/4242-czapka-headwear-6.jpg\" \/>\n\t<meta property=\"og:image:width\" content=\"800\" \/>\n\t<meta property=\"og:image:height\" content=\"1020\" \/>\n\t<meta property=\"og:image:type\" content=\"image\/jpeg\" \/>\n<meta name=\"twitter:card\" content=\"summary_large_image\" \/>\n<meta name=\"twitter:label1\" content=\"Dur\u00e9e de lecture estim\u00e9e\" \/>\n\t<meta name=\"twitter:data1\" content=\"1 minute\" \/>\n<script type=\"application\/ld+json\" class=\"yoast-schema-graph\">{\"@context\":\"https:\/\/schema.org\",\"@graph\":[{\"@type\":\"WebPage\",\"@id\":\"https:\/\/headwear.com.pl\/oferta\/4242-czapka-reklamowa\/\",\"url\":\"https:\/\/headwear.com.pl\/oferta\/4242-czapka-reklamowa\/\",\"name\":\"4242 - czapka z daszkiem - Headwear Professionals\",\"isPartOf\":{\"@id\":\"https:\/\/headwear.com.pl\/fr\/#website\"},\"primaryImageOfPage\":{\"@id\":\"https:\/\/headwear.com.pl\/oferta\/4242-czapka-reklamowa\/#primaryimage\"},\"image\":{\"@id\":\"https:\/\/headwear.com.pl\/oferta\/4242-czapka-reklamowa\/#primaryimage\"},\"thumbnailUrl\":\"https:\/\/headwear.com.pl\/wp-content\/uploads\/2021\/01\/4242-czapka-headwear-6.jpg\",\"datePublished\":\"2021-01-28T13:13:09+00:00\",\"dateModified\":\"2026-04-30T02:05:44+00:00\",\"description\":\"Czapka z daszkiem 4242 z bawe\u0142ny drapanej oferuje trwa\u0142o\u015b\u0107 i komfort dzi\u0119ki usztywnianej konstrukcji. Idealna na codzie\u0144 i aktywno\u015b\u0107 na \u015bwie\u017cym powietrzu. Sp...\",\"breadcrumb\":{\"@id\":\"https:\/\/headwear.com.pl\/oferta\/4242-czapka-reklamowa\/#breadcrumb\"},\"inLanguage\":\"fr-FR\",\"potentialAction\":[{\"@type\":\"ReadAction\",\"target\":[\"https:\/\/headwear.com.pl\/oferta\/4242-czapka-reklamowa\/\"]}]},{\"@type\":\"ImageObject\",\"inLanguage\":\"fr-FR\",\"@id\":\"https:\/\/headwear.com.pl\/oferta\/4242-czapka-reklamowa\/#primaryimage\",\"url\":\"https:\/\/headwear.com.pl\/wp-content\/uploads\/2021\/01\/4242-czapka-headwear-6.jpg\",\"contentUrl\":\"https:\/\/headwear.com.pl\/wp-content\/uploads\/2021\/01\/4242-czapka-headwear-6.jpg\",\"width\":800,\"height\":1020,\"caption\":\"4242-czapka-headwear\"},{\"@type\":\"BreadcrumbList\",\"@id\":\"https:\/\/headwear.com.pl\/oferta\/4242-czapka-reklamowa\/#breadcrumb\",\"itemListElement\":[{\"@type\":\"ListItem\",\"position\":1,\"name\":\"Strona g\u0142\u00f3wna\",\"item\":\"https:\/\/headwear.com.pl\/\"},{\"@type\":\"ListItem\",\"position\":2,\"name\":\"Oferta &#8211; Headwear Professionals\",\"item\":\"https:\/\/headwear.com.pl\/fr\/oferta\/\"},{\"@type\":\"ListItem\",\"position\":3,\"name\":\"4242 &#8211; czapka z daszkiem\"}]},{\"@type\":\"WebSite\",\"@id\":\"https:\/\/headwear.com.pl\/fr\/#website\",\"url\":\"https:\/\/headwear.com.pl\/fr\/\",\"name\":\"Headwear Professionals\",\"description\":\"Produkcj\u0105 czapek reklamowych zajmujemy si\u0119 od 1974 roku. Pracujemy tylko z agencjami reklamowymi\",\"publisher\":{\"@id\":\"https:\/\/headwear.com.pl\/fr\/#organization\"},\"potentialAction\":[{\"@type\":\"SearchAction\",\"target\":{\"@type\":\"EntryPoint\",\"urlTemplate\":\"https:\/\/headwear.com.pl\/fr\/?s={search_term_string}\"},\"query-input\":\"required name=search_term_string\"}],\"inLanguage\":\"fr-FR\"},{\"@type\":\"Organization\",\"@id\":\"https:\/\/headwear.com.pl\/fr\/#organization\",\"name\":\"Headwear Professionals\",\"url\":\"https:\/\/headwear.com.pl\/fr\/\",\"logo\":{\"@type\":\"ImageObject\",\"inLanguage\":\"fr-FR\",\"@id\":\"https:\/\/headwear.com.pl\/fr\/#\/schema\/logo\/image\/\",\"url\":\"https:\/\/headwear.com.pl\/wp-content\/uploads\/2024\/05\/Headwear_COLOR_RGB_logo.jpg\",\"contentUrl\":\"https:\/\/headwear.com.pl\/wp-content\/uploads\/2024\/05\/Headwear_COLOR_RGB_logo.jpg\",\"width\":1786,\"height\":1263,\"caption\":\"Headwear Professionals\"},\"image\":{\"@id\":\"https:\/\/headwear.com.pl\/fr\/#\/schema\/logo\/image\/\"},\"sameAs\":[\"https:\/\/www.facebook.com\/HeadwearPolska\",\"https:\/\/www.linkedin.com\/company\/headwearpolska\"]}]}<\/script>\n<!-- \/ Yoast SEO plugin. -->","yoast_head_json":{"title":"4242 -casquette de baseball - Headwear Professionals","description":"La casquette 4242 en coton froiss\u00e9 offre durabilit\u00e9 et confort gr\u00e2ce \u00e0 sa structure rigide. Id\u00e9ale pour un usage quotidien et les activit\u00e9s de plein air. Sp...","robots":{"index":"index","follow":"follow","max-snippet":"max-snippet:-1","max-image-preview":"max-image-preview:large","max-video-preview":"max-video-preview:-1"},"canonical":"https:\/\/headwear.com.pl\/fr\/produits\/4242\/","og_locale":"fr_FR","og_type":"article","og_title":"4242 - czapka z daszkiem - Headwear Professionals","og_description":"Czapka z daszkiem 4242 z bawe\u0142ny drapanej oferuje trwa\u0142o\u015b\u0107 i komfort dzi\u0119ki usztywnianej konstrukcji. Idealna na codzie\u0144 i aktywno\u015b\u0107 na \u015bwie\u017cym powietrzu. Sp...","og_url":"https:\/\/headwear.com.pl\/fr\/produits\/4242\/","og_site_name":"Headwear Professionals","article_publisher":"https:\/\/www.facebook.com\/HeadwearPolska","article_modified_time":"2026-04-30T02:05:44+00:00","og_image":[{"width":800,"height":1020,"url":"https:\/\/headwear.com.pl\/wp-content\/uploads\/2021\/01\/4242-czapka-headwear-6.jpg","type":"image\/jpeg"}],"twitter_card":"summary_large_image","twitter_misc":{"Dur\u00e9e de lecture estim\u00e9e":"1 minute"},"schema":{"@context":"https:\/\/schema.org","@graph":[{"@type":"WebPage","@id":"https:\/\/headwear.com.pl\/oferta\/4242-czapka-reklamowa\/","url":"https:\/\/headwear.com.pl\/oferta\/4242-czapka-reklamowa\/","name":"4242 -casquette de baseball - Headwear Professionals","isPartOf":{"@id":"https:\/\/headwear.com.pl\/fr\/#website"},"primaryImageOfPage":{"@id":"https:\/\/headwear.com.pl\/oferta\/4242-czapka-reklamowa\/#primaryimage"},"image":{"@id":"https:\/\/headwear.com.pl\/oferta\/4242-czapka-reklamowa\/#primaryimage"},"thumbnailUrl":"https:\/\/headwear.com.pl\/wp-content\/uploads\/2021\/01\/4242-czapka-headwear-6.jpg","datePublished":"2021-01-28T13:13:09+00:00","dateModified":"2026-04-30T02:05:44+00:00","description":"La casquette 4242 en coton froiss\u00e9 offre durabilit\u00e9 et confort gr\u00e2ce \u00e0 sa structure rigide. Id\u00e9ale pour un usage quotidien et les activit\u00e9s de plein air. Sp...","breadcrumb":{"@id":"https:\/\/headwear.com.pl\/oferta\/4242-czapka-reklamowa\/#breadcrumb"},"inLanguage":"fr-FR","potentialAction":[{"@type":"ReadAction","target":["https:\/\/headwear.com.pl\/oferta\/4242-czapka-reklamowa\/"]}]},{"@type":"ImageObject","inLanguage":"fr-FR","@id":"https:\/\/headwear.com.pl\/oferta\/4242-czapka-reklamowa\/#primaryimage","url":"https:\/\/headwear.com.pl\/wp-content\/uploads\/2021\/01\/4242-czapka-headwear-6.jpg","contentUrl":"https:\/\/headwear.com.pl\/wp-content\/uploads\/2021\/01\/4242-czapka-headwear-6.jpg","width":800,"height":1020,"caption":"4242-czapka-headwear"},{"@type":"BreadcrumbList","@id":"https:\/\/headwear.com.pl\/oferta\/4242-czapka-reklamowa\/#breadcrumb","itemListElement":[{"@type":"ListItem","position":1,"name":"Strona g\u0142\u00f3wna","item":"https:\/\/headwear.com.pl\/"},{"@type":"ListItem","position":2,"name":"Oferta &#8211; Headwear Professionals","item":"https:\/\/headwear.com.pl\/fr\/oferta\/"},{"@type":"ListItem","position":3,"name":"4242 &#8211; czapka z daszkiem"}]},{"@type":"WebSite","@id":"https:\/\/headwear.com.pl\/fr\/#website","url":"https:\/\/headwear.com.pl\/fr\/","name":"Headwear Professionals","description":"Nous fabriquons des casquettes publicitaires depuis 1974. Nous travaillons uniquement avec des agences de publicit\u00e9","publisher":{"@id":"https:\/\/headwear.com.pl\/fr\/#organization"},"potentialAction":[{"@type":"SearchAction","target":{"@type":"EntryPoint","urlTemplate":"https:\/\/headwear.com.pl\/fr\/?s={search_term_string}"},"query-input":"required name=search_term_string"}],"inLanguage":"fr-FR"},{"@type":"Organization","@id":"https:\/\/headwear.com.pl\/fr\/#organization","name":"Headwear Professionals","url":"https:\/\/headwear.com.pl\/fr\/","logo":{"@type":"ImageObject","inLanguage":"fr-FR","@id":"https:\/\/headwear.com.pl\/fr\/#\/schema\/logo\/image\/","url":"https:\/\/headwear.com.pl\/wp-content\/uploads\/2024\/05\/Headwear_COLOR_RGB_logo.jpg","contentUrl":"https:\/\/headwear.com.pl\/wp-content\/uploads\/2024\/05\/Headwear_COLOR_RGB_logo.jpg","width":1786,"height":1263,"caption":"Headwear Professionals"},"image":{"@id":"https:\/\/headwear.com.pl\/fr\/#\/schema\/logo\/image\/"},"sameAs":["https:\/\/www.facebook.com\/HeadwearPolska","https:\/\/www.linkedin.com\/company\/headwearpolska"]}]}},"_links":{"self":[{"href":"https:\/\/headwear.com.pl\/fr\/wp-json\/wp\/v2\/product\/103786"}],"collection":[{"href":"https:\/\/headwear.com.pl\/fr\/wp-json\/wp\/v2\/product"}],"about":[{"href":"https:\/\/headwear.com.pl\/fr\/wp-json\/wp\/v2\/types\/product"}],"wp:featuredmedia":[{"embeddable":true,"href":"https:\/\/headwear.com.pl\/fr\/wp-json\/wp\/v2\/media\/105196"}],"wp:attachment":[{"href":"https:\/\/headwear.com.pl\/fr\/wp-json\/wp\/v2\/media?parent=103786"}],"wp:term":[{"taxonomy":"product_cat","embeddable":true,"href":"https:\/\/headwear.com.pl\/fr\/wp-json\/wp\/v2\/product_cat?post=103786"},{"taxonomy":"product_tag","embeddable":true,"href":"https:\/\/headwear.com.pl\/fr\/wp-json\/wp\/v2\/product_tag?post=103786"}],"curies":[{"name":"wp","href":"https:\/\/api.w.org\/{rel}","templated":true}]}}