{"id":107430,"date":"2022-03-30T09:19:44","date_gmt":"2022-03-30T07:19:44","guid":{"rendered":"https:\/\/headwear.com.pl\/?post_type=product&#038;p=107430"},"modified":"2026-05-13T16:05:44","modified_gmt":"2026-05-13T14:05:44","slug":"3982","status":"publish","type":"product","link":"https:\/\/headwear.com.pl\/fr\/produits\/3982\/","title":{"rendered":"3982 \u2013 casquette de baseball (ECO)"},"content":{"rendered":"<p>La casquette 3982 est un produit fabriqu\u00e9 \u00e0 partir de mat\u00e9riaux recycl\u00e9s, ce qui la rend \u00e9ligible \u00e0 la gamme EcoRange. Ce produit se caract\u00e9rise par une structure rigide \u00e0 six panneaux et une visi\u00e8re profil\u00e9e, ce qui le rend id\u00e9al pour les personnes \u00e0 la recherche de solutions \u00e9cologiques dans le domaine de la mode. Dot\u00e9e d'une double fermeture en plastique, cette casquette offre un grand confort d'utilisation.<\/p>\n<p>La casquette 3982 peut \u00eatre utilis\u00e9e dans diverses situations, des promenades quotidiennes aux activit\u00e9s de plein air. Gr\u00e2ce \u00e0 son style universel et \u00e0 sa fonctionnalit\u00e9, elle convient \u00e0 de nombreux sc\u00e9narios, tels que les randonn\u00e9es \u00e0 v\u00e9lo ou les r\u00e9unions entre amis. Le mat\u00e9riau utilis\u00e9 pour sa fabrication est issu \u00e0 100 % du recyclage, ce qui constitue un atout important pour les personnes soucieuses de l'environnement.<\/p>\n<p>Ce produit est fabriqu\u00e9 en rPET et en polyester, ce qui lui conf\u00e8re durabilit\u00e9 et r\u00e9sistance aux intemp\u00e9ries. Sa structure rigide \u00e0 six panneaux garantit stabilit\u00e9 et confort, tandis que sa visi\u00e8re profil\u00e9e prot\u00e8ge du soleil. La double fermeture en plastique permet d'ajuster facilement la casquette \u00e0 diff\u00e9rentes tailles de t\u00eate.<\/p>\n<h3>Caract\u00e9ristiques principales<\/h3>\n<ul>\n<li><strong>Mat\u00e9riaux \u00e9cologiques :<\/strong> La casquette est enti\u00e8rement fabriqu\u00e9e \u00e0 partir de mat\u00e9riaux recycl\u00e9s, ce qui contribue \u00e0 la protection de l'environnement.<\/li>\n<li><strong>Usztywniana konstrukcja:<\/strong> La structure \u00e0 six panneaux assure la stabilit\u00e9 et un ajustement parfait \u00e0 la forme de la t\u00eate.<\/li>\n<li><strong>Profilowany daszek:<\/strong> Prot\u00e8ge les yeux contre les rayons solaires sans limiter la visibilit\u00e9.<\/li>\n<li><strong>Podw\u00f3jne plastikowe zapi\u0119cie:<\/strong> Permet d'ajuster la taille de la casquette, ce qui augmente le confort d'utilisation.<\/li>\n<li><strong>Large gamme d'applications :<\/strong> Convient aussi bien pour un usage quotidien que pour les activit\u00e9s de plein air.<\/li>\n<\/ul>\n<p>Pour entretenir votre casquette, lavez-la d\u00e9licatement \u00e0 la main \u00e0 l'eau ti\u00e8de et \u00e9vitez de la s\u00e9cher \u00e0 la lumi\u00e8re directe du soleil. Il est recommand\u00e9 de conserver le produit dans un endroit sec afin de pr\u00e9server ses propri\u00e9t\u00e9s plus longtemps.<\/p>\n<h3>D\u00e9tails techniques<\/h3>\n<ul>\n<li><strong>Mati\u00e8re :<\/strong> rPET \/ polyester (maille)<\/li>\n<li><strong>Dimensions :<\/strong> Taille universelle gr\u00e2ce \u00e0 la fermeture r\u00e9glable<\/li>\n<li><strong>Couleurs :<\/strong> La palette de couleurs disponible comprend une grande vari\u00e9t\u00e9 de nuances.<\/li>\n<li><strong>Kraj produkcji:<\/strong> Informacje o kraju produkcji nie s\u0105 dost\u0119pne<\/li>\n<\/ul>\n<p>La casquette 3982 est un produit qui allie un design moderne \u00e0 une approche \u00e9cologique de la mode. Elle se caract\u00e9rise par une fabrication de haute qualit\u00e9 et une grande fonctionnalit\u00e9, ce qui en fait un \u00e9l\u00e9ment pr\u00e9cieux de la garde-robe des personnes soucieuses de la protection de l'environnement.<\/p>","protected":false},"excerpt":{"rendered":"<p class=\"translation-block\">Casquette de baseball publicitaire en mati\u00e8re recycl\u00e9e avec filet (casquette de camionneur). Structur\u00e9 avec 6 panneaux et une visi\u00e8re incurv\u00e9e. Double fermoir en plastique. 210g\/m2. Composition : rPET \/ polyester (filet).<\/p>","protected":false},"featured_media":107435,"template":"","meta":[],"product_cat":[152,429,417,425,422],"product_tag":[],"yoast_head":"<!-- This site is optimized with the Yoast SEO plugin v22.7 - https:\/\/yoast.com\/wordpress\/plugins\/seo\/ -->\n<title>3982 \u2013 czapka z daszkiem (ECO) - Headwear Professionals<\/title>\n<meta name=\"description\" content=\"Czapka z daszkiem 3982 z materia\u0142\u00f3w z recyklingu oferuje ekologiczn\u0105 mod\u0119 z komfortem dzi\u0119ki podw\u00f3jnemu zapi\u0119ciu. Sprawd\u017a szczeg\u00f3\u0142y.\" \/>\n<meta name=\"robots\" content=\"index, follow, max-snippet:-1, max-image-preview:large, max-video-preview:-1\" \/>\n<link rel=\"canonical\" href=\"https:\/\/headwear.com.pl\/fr\/produits\/3982\/\" \/>\n<meta property=\"og:locale\" content=\"fr_FR\" \/>\n<meta property=\"og:type\" content=\"article\" \/>\n<meta property=\"og:title\" content=\"3982 \u2013 czapka z daszkiem (ECO) - Headwear Professionals\" \/>\n<meta property=\"og:description\" content=\"Czapka z daszkiem 3982 z materia\u0142\u00f3w z recyklingu oferuje ekologiczn\u0105 mod\u0119 z komfortem dzi\u0119ki podw\u00f3jnemu zapi\u0119ciu. Sprawd\u017a szczeg\u00f3\u0142y.\" \/>\n<meta property=\"og:url\" content=\"https:\/\/headwear.com.pl\/fr\/produits\/3982\/\" \/>\n<meta property=\"og:site_name\" content=\"Headwear Professionals\" \/>\n<meta property=\"article:publisher\" content=\"https:\/\/www.facebook.com\/HeadwearPolska\" \/>\n<meta property=\"article:modified_time\" content=\"2026-05-13T14:05:44+00:00\" \/>\n<meta property=\"og:image\" content=\"https:\/\/headwear.com.pl\/wp-content\/uploads\/2022\/03\/HW-3982-2.jpg\" \/>\n\t<meta property=\"og:image:width\" content=\"800\" \/>\n\t<meta property=\"og:image:height\" content=\"1020\" \/>\n\t<meta property=\"og:image:type\" content=\"image\/jpeg\" \/>\n<meta name=\"twitter:card\" content=\"summary_large_image\" \/>\n<meta name=\"twitter:label1\" content=\"Dur\u00e9e de lecture estim\u00e9e\" \/>\n\t<meta name=\"twitter:data1\" content=\"1 minute\" \/>\n<script type=\"application\/ld+json\" class=\"yoast-schema-graph\">{\"@context\":\"https:\/\/schema.org\",\"@graph\":[{\"@type\":\"WebPage\",\"@id\":\"https:\/\/headwear.com.pl\/oferta\/3982\/\",\"url\":\"https:\/\/headwear.com.pl\/oferta\/3982\/\",\"name\":\"3982 \u2013 czapka z daszkiem (ECO) - Headwear Professionals\",\"isPartOf\":{\"@id\":\"https:\/\/headwear.com.pl\/fr\/#website\"},\"primaryImageOfPage\":{\"@id\":\"https:\/\/headwear.com.pl\/oferta\/3982\/#primaryimage\"},\"image\":{\"@id\":\"https:\/\/headwear.com.pl\/oferta\/3982\/#primaryimage\"},\"thumbnailUrl\":\"https:\/\/headwear.com.pl\/wp-content\/uploads\/2022\/03\/HW-3982-2.jpg\",\"datePublished\":\"2022-03-30T07:19:44+00:00\",\"dateModified\":\"2026-05-13T14:05:44+00:00\",\"description\":\"Czapka z daszkiem 3982 z materia\u0142\u00f3w z recyklingu oferuje ekologiczn\u0105 mod\u0119 z komfortem dzi\u0119ki podw\u00f3jnemu zapi\u0119ciu. Sprawd\u017a szczeg\u00f3\u0142y.\",\"breadcrumb\":{\"@id\":\"https:\/\/headwear.com.pl\/oferta\/3982\/#breadcrumb\"},\"inLanguage\":\"fr-FR\",\"potentialAction\":[{\"@type\":\"ReadAction\",\"target\":[\"https:\/\/headwear.com.pl\/oferta\/3982\/\"]}]},{\"@type\":\"ImageObject\",\"inLanguage\":\"fr-FR\",\"@id\":\"https:\/\/headwear.com.pl\/oferta\/3982\/#primaryimage\",\"url\":\"https:\/\/headwear.com.pl\/wp-content\/uploads\/2022\/03\/HW-3982-2.jpg\",\"contentUrl\":\"https:\/\/headwear.com.pl\/wp-content\/uploads\/2022\/03\/HW-3982-2.jpg\",\"width\":800,\"height\":1020},{\"@type\":\"BreadcrumbList\",\"@id\":\"https:\/\/headwear.com.pl\/oferta\/3982\/#breadcrumb\",\"itemListElement\":[{\"@type\":\"ListItem\",\"position\":1,\"name\":\"Strona g\u0142\u00f3wna\",\"item\":\"https:\/\/headwear.com.pl\/\"},{\"@type\":\"ListItem\",\"position\":2,\"name\":\"Oferta &#8211; Headwear Professionals\",\"item\":\"https:\/\/headwear.com.pl\/fr\/oferta\/\"},{\"@type\":\"ListItem\",\"position\":3,\"name\":\"3982 \u2013 czapka z daszkiem (ECO)\"}]},{\"@type\":\"WebSite\",\"@id\":\"https:\/\/headwear.com.pl\/fr\/#website\",\"url\":\"https:\/\/headwear.com.pl\/fr\/\",\"name\":\"Headwear Professionals\",\"description\":\"Produkcj\u0105 czapek reklamowych zajmujemy si\u0119 od 1974 roku. Pracujemy tylko z agencjami reklamowymi\",\"publisher\":{\"@id\":\"https:\/\/headwear.com.pl\/fr\/#organization\"},\"potentialAction\":[{\"@type\":\"SearchAction\",\"target\":{\"@type\":\"EntryPoint\",\"urlTemplate\":\"https:\/\/headwear.com.pl\/fr\/?s={search_term_string}\"},\"query-input\":\"required name=search_term_string\"}],\"inLanguage\":\"fr-FR\"},{\"@type\":\"Organization\",\"@id\":\"https:\/\/headwear.com.pl\/fr\/#organization\",\"name\":\"Headwear Professionals\",\"url\":\"https:\/\/headwear.com.pl\/fr\/\",\"logo\":{\"@type\":\"ImageObject\",\"inLanguage\":\"fr-FR\",\"@id\":\"https:\/\/headwear.com.pl\/fr\/#\/schema\/logo\/image\/\",\"url\":\"https:\/\/headwear.com.pl\/wp-content\/uploads\/2024\/05\/Headwear_COLOR_RGB_logo.jpg\",\"contentUrl\":\"https:\/\/headwear.com.pl\/wp-content\/uploads\/2024\/05\/Headwear_COLOR_RGB_logo.jpg\",\"width\":1786,\"height\":1263,\"caption\":\"Headwear Professionals\"},\"image\":{\"@id\":\"https:\/\/headwear.com.pl\/fr\/#\/schema\/logo\/image\/\"},\"sameAs\":[\"https:\/\/www.facebook.com\/HeadwearPolska\",\"https:\/\/www.linkedin.com\/company\/headwearpolska\"]}]}<\/script>\n<!-- \/ Yoast SEO plugin. -->","yoast_head_json":{"title":"3982 (ECO) - Headwear Professionals","description":"La casquette 3982 en mat\u00e9riaux recycl\u00e9s offre une mode \u00e9cologique et confortable gr\u00e2ce \u00e0 sa double fermeture. D\u00e9couvrez les d\u00e9tails.","robots":{"index":"index","follow":"follow","max-snippet":"max-snippet:-1","max-image-preview":"max-image-preview:large","max-video-preview":"max-video-preview:-1"},"canonical":"https:\/\/headwear.com.pl\/fr\/produits\/3982\/","og_locale":"fr_FR","og_type":"article","og_title":"3982 \u2013 czapka z daszkiem (ECO) - Headwear Professionals","og_description":"Czapka z daszkiem 3982 z materia\u0142\u00f3w z recyklingu oferuje ekologiczn\u0105 mod\u0119 z komfortem dzi\u0119ki podw\u00f3jnemu zapi\u0119ciu. Sprawd\u017a szczeg\u00f3\u0142y.","og_url":"https:\/\/headwear.com.pl\/fr\/produits\/3982\/","og_site_name":"Headwear Professionals","article_publisher":"https:\/\/www.facebook.com\/HeadwearPolska","article_modified_time":"2026-05-13T14:05:44+00:00","og_image":[{"width":800,"height":1020,"url":"https:\/\/headwear.com.pl\/wp-content\/uploads\/2022\/03\/HW-3982-2.jpg","type":"image\/jpeg"}],"twitter_card":"summary_large_image","twitter_misc":{"Dur\u00e9e de lecture estim\u00e9e":"1 minute"},"schema":{"@context":"https:\/\/schema.org","@graph":[{"@type":"WebPage","@id":"https:\/\/headwear.com.pl\/oferta\/3982\/","url":"https:\/\/headwear.com.pl\/oferta\/3982\/","name":"3982 (ECO) - Headwear Professionals","isPartOf":{"@id":"https:\/\/headwear.com.pl\/fr\/#website"},"primaryImageOfPage":{"@id":"https:\/\/headwear.com.pl\/oferta\/3982\/#primaryimage"},"image":{"@id":"https:\/\/headwear.com.pl\/oferta\/3982\/#primaryimage"},"thumbnailUrl":"https:\/\/headwear.com.pl\/wp-content\/uploads\/2022\/03\/HW-3982-2.jpg","datePublished":"2022-03-30T07:19:44+00:00","dateModified":"2026-05-13T14:05:44+00:00","description":"La casquette 3982 en mat\u00e9riaux recycl\u00e9s offre une mode \u00e9cologique et confortable gr\u00e2ce \u00e0 sa double fermeture. D\u00e9couvrez les d\u00e9tails.","breadcrumb":{"@id":"https:\/\/headwear.com.pl\/oferta\/3982\/#breadcrumb"},"inLanguage":"fr-FR","potentialAction":[{"@type":"ReadAction","target":["https:\/\/headwear.com.pl\/oferta\/3982\/"]}]},{"@type":"ImageObject","inLanguage":"fr-FR","@id":"https:\/\/headwear.com.pl\/oferta\/3982\/#primaryimage","url":"https:\/\/headwear.com.pl\/wp-content\/uploads\/2022\/03\/HW-3982-2.jpg","contentUrl":"https:\/\/headwear.com.pl\/wp-content\/uploads\/2022\/03\/HW-3982-2.jpg","width":800,"height":1020},{"@type":"BreadcrumbList","@id":"https:\/\/headwear.com.pl\/oferta\/3982\/#breadcrumb","itemListElement":[{"@type":"ListItem","position":1,"name":"Strona g\u0142\u00f3wna","item":"https:\/\/headwear.com.pl\/"},{"@type":"ListItem","position":2,"name":"Oferta &#8211; Headwear Professionals","item":"https:\/\/headwear.com.pl\/fr\/oferta\/"},{"@type":"ListItem","position":3,"name":"3982 \u2013 czapka z daszkiem (ECO)"}]},{"@type":"WebSite","@id":"https:\/\/headwear.com.pl\/fr\/#website","url":"https:\/\/headwear.com.pl\/fr\/","name":"Headwear Professionals","description":"Nous fabriquons des casquettes publicitaires depuis 1974. Nous travaillons uniquement avec des agences de publicit\u00e9","publisher":{"@id":"https:\/\/headwear.com.pl\/fr\/#organization"},"potentialAction":[{"@type":"SearchAction","target":{"@type":"EntryPoint","urlTemplate":"https:\/\/headwear.com.pl\/fr\/?s={search_term_string}"},"query-input":"required name=search_term_string"}],"inLanguage":"fr-FR"},{"@type":"Organization","@id":"https:\/\/headwear.com.pl\/fr\/#organization","name":"Headwear Professionals","url":"https:\/\/headwear.com.pl\/fr\/","logo":{"@type":"ImageObject","inLanguage":"fr-FR","@id":"https:\/\/headwear.com.pl\/fr\/#\/schema\/logo\/image\/","url":"https:\/\/headwear.com.pl\/wp-content\/uploads\/2024\/05\/Headwear_COLOR_RGB_logo.jpg","contentUrl":"https:\/\/headwear.com.pl\/wp-content\/uploads\/2024\/05\/Headwear_COLOR_RGB_logo.jpg","width":1786,"height":1263,"caption":"Headwear Professionals"},"image":{"@id":"https:\/\/headwear.com.pl\/fr\/#\/schema\/logo\/image\/"},"sameAs":["https:\/\/www.facebook.com\/HeadwearPolska","https:\/\/www.linkedin.com\/company\/headwearpolska"]}]}},"_links":{"self":[{"href":"https:\/\/headwear.com.pl\/fr\/wp-json\/wp\/v2\/product\/107430"}],"collection":[{"href":"https:\/\/headwear.com.pl\/fr\/wp-json\/wp\/v2\/product"}],"about":[{"href":"https:\/\/headwear.com.pl\/fr\/wp-json\/wp\/v2\/types\/product"}],"wp:featuredmedia":[{"embeddable":true,"href":"https:\/\/headwear.com.pl\/fr\/wp-json\/wp\/v2\/media\/107435"}],"wp:attachment":[{"href":"https:\/\/headwear.com.pl\/fr\/wp-json\/wp\/v2\/media?parent=107430"}],"wp:term":[{"taxonomy":"product_cat","embeddable":true,"href":"https:\/\/headwear.com.pl\/fr\/wp-json\/wp\/v2\/product_cat?post=107430"},{"taxonomy":"product_tag","embeddable":true,"href":"https:\/\/headwear.com.pl\/fr\/wp-json\/wp\/v2\/product_tag?post=107430"}],"curies":[{"name":"wp","href":"https:\/\/api.w.org\/{rel}","templated":true}]}}