{"id":108481,"date":"2023-06-12T13:06:11","date_gmt":"2023-06-12T11:06:11","guid":{"rendered":"https:\/\/headwear.com.pl\/?post_type=product&#038;p=108481"},"modified":"2026-04-30T00:15:42","modified_gmt":"2026-04-29T22:15:42","slug":"3024-2","status":"publish","type":"product","link":"https:\/\/headwear.com.pl\/fr\/produits\/3024-2\/","title":{"rendered":"1010 - chapeau d'hiver"},"content":{"rendered":"<p>La casquette d'hiver 1010 en micromodal est un produit destin\u00e9 \u00e0 diverses activit\u00e9s de plein air. Le tissu dans lequel elle est fabriqu\u00e9e est respirant et s\u00e8che rapidement, ce qui la rend id\u00e9ale pour ceux qui recherchent le confort par temps froid. Disponible en noir et en bleu marine, ce bonnet pr\u00e9sente des coutures contrast\u00e9es qui lui conf\u00e8rent un look unique.<\/p>\n<p>Ce produit est id\u00e9al pour les promenades, la course \u00e0 pied ou d'autres activit\u00e9s de plein air. Gr\u00e2ce aux propri\u00e9t\u00e9s du micromodal, cette casquette assure une r\u00e9gulation optimale de l'humidit\u00e9, ce qui est important lors d'un effort physique intense. Le micromodal est un mat\u00e9riau respectueux de l'environnement et sa production est neutre en termes d'\u00e9missions de CO2.<\/p>\n<p>La fabrication en micromodal rend le bonnet d'hiver 1010 non seulement esth\u00e9tique, mais aussi fonctionnel. Ce mat\u00e9riau se caract\u00e9rise par une grande hygroscopicit\u00e9 et une r\u00e9sistance au r\u00e9tr\u00e9cissement et \u00e0 la d\u00e9coloration. Il est \u00e9galement r\u00e9sistant au froissement, ce qui facilite son rangement et son utilisation quotidienne.<\/p>\n<h3>Caract\u00e9ristiques principales<\/h3>\n<ul>\n<li><strong>Cecha 1:<\/strong> Sa forte hygroscopicit\u00e9 assure une \u00e9vacuation efficace de l'humidit\u00e9, ce qui est particuli\u00e8rement important lors d'un effort physique intense.<\/li>\n<li><strong>Cecha 2:<\/strong> Ce mat\u00e9riau d'origine v\u00e9g\u00e9tale se caract\u00e9rise par un \u00e9clat satin\u00e9 et un toucher agr\u00e9able et frais.<\/li>\n<li><strong>Cecha 3:<\/strong> La r\u00e9sistance au r\u00e9tr\u00e9cissement et \u00e0 la d\u00e9coloration garantit la pr\u00e9servation durable de l'esth\u00e9tique du produit.<\/li>\n<li><strong>Cecha 4:<\/strong> Sa compatibilit\u00e9 avec les personnes allergiques rend ce produit adapt\u00e9 aux personnes \u00e0 la peau sensible.<\/li>\n<\/ul>\n<p>L'entretien du bonnet d'hiver 1010 est facile gr\u00e2ce \u00e0 la r\u00e9sistance du tissu au froissement. Il est recommand\u00e9 de le laver \u00e0 basse temp\u00e9rature et d'\u00e9viter les produits chimiques agressifs afin de pr\u00e9server ses propri\u00e9t\u00e9s pendant longtemps.<\/p>\n<h3>D\u00e9tails techniques<\/h3>\n<ul>\n<li><strong>Mati\u00e8re :<\/strong> 100% micromodal<\/li>\n<li><strong>Dimensions :<\/strong> Uniwersalny rozmiar<\/li>\n<li><strong>Couleurs :<\/strong> Noir, bleu marine<\/li>\n<li><strong>Kraj produkcji:<\/strong> Fabriqu\u00e9 dans l'UE<\/li>\n<\/ul>\n<p>La casquette d'hiver 1010 est un produit fabriqu\u00e9 \u00e0 partir d'un tissu micromodal moderne, qui se caract\u00e9rise par une fonctionnalit\u00e9 et une esth\u00e9tique \u00e9lev\u00e9es. Elle convient aux personnes qui appr\u00e9cient le confort et l'\u00e9cologie dans leur usage quotidien.<\/p>","protected":false},"excerpt":{"rendered":"<p>Un bonnet confortable et fin disponible en noir et bleu marine, qui sera parfait pour diverses activit\u00e9s de plein air. <strong>Casquette avec coutures contrast\u00e9es.<\/strong><\/p>","protected":false},"featured_media":108486,"template":"","meta":[],"product_cat":[150,427,415],"product_tag":[],"yoast_head":"<!-- This site is optimized with the Yoast SEO plugin v22.7 - https:\/\/yoast.com\/wordpress\/plugins\/seo\/ -->\n<title>1010 - czapka zimowa - Headwear Professionals<\/title>\n<meta name=\"description\" content=\"Odkryj czapk\u0119 zimow\u0105 1010 z mikromodalu \u2013 idealn\u0105 na aktywno\u015bci outdoorowe. Szybkoschn\u0105ca i przewiewna. Dost\u0119pna w 2 kolorach. Sprawd\u017a szczeg\u00f3\u0142y.\" \/>\n<meta name=\"robots\" content=\"index, follow, max-snippet:-1, max-image-preview:large, max-video-preview:-1\" \/>\n<link rel=\"canonical\" href=\"https:\/\/headwear.com.pl\/fr\/produits\/3024-2\/\" \/>\n<meta property=\"og:locale\" content=\"fr_FR\" \/>\n<meta property=\"og:type\" content=\"article\" \/>\n<meta property=\"og:title\" content=\"1010 - czapka zimowa - Headwear Professionals\" \/>\n<meta property=\"og:description\" content=\"Odkryj czapk\u0119 zimow\u0105 1010 z mikromodalu \u2013 idealn\u0105 na aktywno\u015bci outdoorowe. Szybkoschn\u0105ca i przewiewna. Dost\u0119pna w 2 kolorach. Sprawd\u017a szczeg\u00f3\u0142y.\" \/>\n<meta property=\"og:url\" content=\"https:\/\/headwear.com.pl\/fr\/produits\/3024-2\/\" \/>\n<meta property=\"og:site_name\" content=\"Headwear Professionals\" \/>\n<meta property=\"article:publisher\" content=\"https:\/\/www.facebook.com\/HeadwearPolska\" \/>\n<meta property=\"article:modified_time\" content=\"2026-04-29T22:15:42+00:00\" \/>\n<meta property=\"og:image\" content=\"https:\/\/headwear.com.pl\/wp-content\/uploads\/2023\/06\/1010_micromodal_2021_contrast_high.jpg\" \/>\n\t<meta property=\"og:image:width\" content=\"1630\" \/>\n\t<meta property=\"og:image:height\" content=\"1785\" \/>\n\t<meta property=\"og:image:type\" content=\"image\/jpeg\" \/>\n<meta name=\"twitter:card\" content=\"summary_large_image\" \/>\n<meta name=\"twitter:label1\" content=\"Dur\u00e9e de lecture estim\u00e9e\" \/>\n\t<meta name=\"twitter:data1\" content=\"2 minutes\" \/>\n<script type=\"application\/ld+json\" class=\"yoast-schema-graph\">{\"@context\":\"https:\/\/schema.org\",\"@graph\":[{\"@type\":\"WebPage\",\"@id\":\"https:\/\/headwear.com.pl\/oferta\/1010\/\",\"url\":\"https:\/\/headwear.com.pl\/oferta\/1010\/\",\"name\":\"1010 - czapka zimowa - Headwear Professionals\",\"isPartOf\":{\"@id\":\"https:\/\/headwear.com.pl\/fr\/#website\"},\"primaryImageOfPage\":{\"@id\":\"https:\/\/headwear.com.pl\/oferta\/1010\/#primaryimage\"},\"image\":{\"@id\":\"https:\/\/headwear.com.pl\/oferta\/1010\/#primaryimage\"},\"thumbnailUrl\":\"https:\/\/headwear.com.pl\/wp-content\/uploads\/2023\/06\/1010_micromodal_2021_contrast_high.jpg\",\"datePublished\":\"2023-06-12T11:06:11+00:00\",\"dateModified\":\"2026-04-29T22:15:42+00:00\",\"description\":\"Odkryj czapk\u0119 zimow\u0105 1010 z mikromodalu \u2013 idealn\u0105 na aktywno\u015bci outdoorowe. Szybkoschn\u0105ca i przewiewna. Dost\u0119pna w 2 kolorach. Sprawd\u017a szczeg\u00f3\u0142y.\",\"breadcrumb\":{\"@id\":\"https:\/\/headwear.com.pl\/oferta\/1010\/#breadcrumb\"},\"inLanguage\":\"fr-FR\",\"potentialAction\":[{\"@type\":\"ReadAction\",\"target\":[\"https:\/\/headwear.com.pl\/oferta\/1010\/\"]}]},{\"@type\":\"ImageObject\",\"inLanguage\":\"fr-FR\",\"@id\":\"https:\/\/headwear.com.pl\/oferta\/1010\/#primaryimage\",\"url\":\"https:\/\/headwear.com.pl\/wp-content\/uploads\/2023\/06\/1010_micromodal_2021_contrast_high.jpg\",\"contentUrl\":\"https:\/\/headwear.com.pl\/wp-content\/uploads\/2023\/06\/1010_micromodal_2021_contrast_high.jpg\",\"width\":1630,\"height\":1785},{\"@type\":\"BreadcrumbList\",\"@id\":\"https:\/\/headwear.com.pl\/oferta\/1010\/#breadcrumb\",\"itemListElement\":[{\"@type\":\"ListItem\",\"position\":1,\"name\":\"Strona g\u0142\u00f3wna\",\"item\":\"https:\/\/headwear.com.pl\/\"},{\"@type\":\"ListItem\",\"position\":2,\"name\":\"Oferta &#8211; Headwear Professionals\",\"item\":\"https:\/\/headwear.com.pl\/fr\/oferta\/\"},{\"@type\":\"ListItem\",\"position\":3,\"name\":\"1010 &#8211; czapka zimowa\"}]},{\"@type\":\"WebSite\",\"@id\":\"https:\/\/headwear.com.pl\/fr\/#website\",\"url\":\"https:\/\/headwear.com.pl\/fr\/\",\"name\":\"Headwear Professionals\",\"description\":\"Produkcj\u0105 czapek reklamowych zajmujemy si\u0119 od 1974 roku. Pracujemy tylko z agencjami reklamowymi\",\"publisher\":{\"@id\":\"https:\/\/headwear.com.pl\/fr\/#organization\"},\"potentialAction\":[{\"@type\":\"SearchAction\",\"target\":{\"@type\":\"EntryPoint\",\"urlTemplate\":\"https:\/\/headwear.com.pl\/fr\/?s={search_term_string}\"},\"query-input\":\"required name=search_term_string\"}],\"inLanguage\":\"fr-FR\"},{\"@type\":\"Organization\",\"@id\":\"https:\/\/headwear.com.pl\/fr\/#organization\",\"name\":\"Headwear Professionals\",\"url\":\"https:\/\/headwear.com.pl\/fr\/\",\"logo\":{\"@type\":\"ImageObject\",\"inLanguage\":\"fr-FR\",\"@id\":\"https:\/\/headwear.com.pl\/fr\/#\/schema\/logo\/image\/\",\"url\":\"https:\/\/headwear.com.pl\/wp-content\/uploads\/2024\/05\/Headwear_COLOR_RGB_logo.jpg\",\"contentUrl\":\"https:\/\/headwear.com.pl\/wp-content\/uploads\/2024\/05\/Headwear_COLOR_RGB_logo.jpg\",\"width\":1786,\"height\":1263,\"caption\":\"Headwear Professionals\"},\"image\":{\"@id\":\"https:\/\/headwear.com.pl\/fr\/#\/schema\/logo\/image\/\"},\"sameAs\":[\"https:\/\/www.facebook.com\/HeadwearPolska\",\"https:\/\/www.linkedin.com\/company\/headwearpolska\"]}]}<\/script>\n<!-- \/ Yoast SEO plugin. -->","yoast_head_json":{"title":"1010 - bonnet d'hiver - Headwear Professionals","description":"D\u00e9couvrez le bonnet d'hiver 1010 en micromodal, id\u00e9al pour les activit\u00e9s de plein air. Il s\u00e8che rapidement et est respirant. Disponible en 2 couleurs. D\u00e9couvrez les d\u00e9tails.","robots":{"index":"index","follow":"follow","max-snippet":"max-snippet:-1","max-image-preview":"max-image-preview:large","max-video-preview":"max-video-preview:-1"},"canonical":"https:\/\/headwear.com.pl\/fr\/produits\/3024-2\/","og_locale":"fr_FR","og_type":"article","og_title":"1010 - czapka zimowa - Headwear Professionals","og_description":"Odkryj czapk\u0119 zimow\u0105 1010 z mikromodalu \u2013 idealn\u0105 na aktywno\u015bci outdoorowe. Szybkoschn\u0105ca i przewiewna. Dost\u0119pna w 2 kolorach. Sprawd\u017a szczeg\u00f3\u0142y.","og_url":"https:\/\/headwear.com.pl\/fr\/produits\/3024-2\/","og_site_name":"Headwear Professionals","article_publisher":"https:\/\/www.facebook.com\/HeadwearPolska","article_modified_time":"2026-04-29T22:15:42+00:00","og_image":[{"width":1630,"height":1785,"url":"https:\/\/headwear.com.pl\/wp-content\/uploads\/2023\/06\/1010_micromodal_2021_contrast_high.jpg","type":"image\/jpeg"}],"twitter_card":"summary_large_image","twitter_misc":{"Dur\u00e9e de lecture estim\u00e9e":"2 minutes"},"schema":{"@context":"https:\/\/schema.org","@graph":[{"@type":"WebPage","@id":"https:\/\/headwear.com.pl\/oferta\/1010\/","url":"https:\/\/headwear.com.pl\/oferta\/1010\/","name":"1010 - bonnet d'hiver - Headwear Professionals","isPartOf":{"@id":"https:\/\/headwear.com.pl\/fr\/#website"},"primaryImageOfPage":{"@id":"https:\/\/headwear.com.pl\/oferta\/1010\/#primaryimage"},"image":{"@id":"https:\/\/headwear.com.pl\/oferta\/1010\/#primaryimage"},"thumbnailUrl":"https:\/\/headwear.com.pl\/wp-content\/uploads\/2023\/06\/1010_micromodal_2021_contrast_high.jpg","datePublished":"2023-06-12T11:06:11+00:00","dateModified":"2026-04-29T22:15:42+00:00","description":"D\u00e9couvrez le bonnet d'hiver 1010 en micromodal, id\u00e9al pour les activit\u00e9s de plein air. Il s\u00e8che rapidement et est respirant. Disponible en 2 couleurs. D\u00e9couvrez les d\u00e9tails.","breadcrumb":{"@id":"https:\/\/headwear.com.pl\/oferta\/1010\/#breadcrumb"},"inLanguage":"fr-FR","potentialAction":[{"@type":"ReadAction","target":["https:\/\/headwear.com.pl\/oferta\/1010\/"]}]},{"@type":"ImageObject","inLanguage":"fr-FR","@id":"https:\/\/headwear.com.pl\/oferta\/1010\/#primaryimage","url":"https:\/\/headwear.com.pl\/wp-content\/uploads\/2023\/06\/1010_micromodal_2021_contrast_high.jpg","contentUrl":"https:\/\/headwear.com.pl\/wp-content\/uploads\/2023\/06\/1010_micromodal_2021_contrast_high.jpg","width":1630,"height":1785},{"@type":"BreadcrumbList","@id":"https:\/\/headwear.com.pl\/oferta\/1010\/#breadcrumb","itemListElement":[{"@type":"ListItem","position":1,"name":"Strona g\u0142\u00f3wna","item":"https:\/\/headwear.com.pl\/"},{"@type":"ListItem","position":2,"name":"Oferta &#8211; Headwear Professionals","item":"https:\/\/headwear.com.pl\/fr\/oferta\/"},{"@type":"ListItem","position":3,"name":"1010 &#8211; czapka zimowa"}]},{"@type":"WebSite","@id":"https:\/\/headwear.com.pl\/fr\/#website","url":"https:\/\/headwear.com.pl\/fr\/","name":"Headwear Professionals","description":"Nous fabriquons des casquettes publicitaires depuis 1974. Nous travaillons uniquement avec des agences de publicit\u00e9","publisher":{"@id":"https:\/\/headwear.com.pl\/fr\/#organization"},"potentialAction":[{"@type":"SearchAction","target":{"@type":"EntryPoint","urlTemplate":"https:\/\/headwear.com.pl\/fr\/?s={search_term_string}"},"query-input":"required name=search_term_string"}],"inLanguage":"fr-FR"},{"@type":"Organization","@id":"https:\/\/headwear.com.pl\/fr\/#organization","name":"Headwear Professionals","url":"https:\/\/headwear.com.pl\/fr\/","logo":{"@type":"ImageObject","inLanguage":"fr-FR","@id":"https:\/\/headwear.com.pl\/fr\/#\/schema\/logo\/image\/","url":"https:\/\/headwear.com.pl\/wp-content\/uploads\/2024\/05\/Headwear_COLOR_RGB_logo.jpg","contentUrl":"https:\/\/headwear.com.pl\/wp-content\/uploads\/2024\/05\/Headwear_COLOR_RGB_logo.jpg","width":1786,"height":1263,"caption":"Headwear Professionals"},"image":{"@id":"https:\/\/headwear.com.pl\/fr\/#\/schema\/logo\/image\/"},"sameAs":["https:\/\/www.facebook.com\/HeadwearPolska","https:\/\/www.linkedin.com\/company\/headwearpolska"]}]}},"_links":{"self":[{"href":"https:\/\/headwear.com.pl\/fr\/wp-json\/wp\/v2\/product\/108481"}],"collection":[{"href":"https:\/\/headwear.com.pl\/fr\/wp-json\/wp\/v2\/product"}],"about":[{"href":"https:\/\/headwear.com.pl\/fr\/wp-json\/wp\/v2\/types\/product"}],"wp:featuredmedia":[{"embeddable":true,"href":"https:\/\/headwear.com.pl\/fr\/wp-json\/wp\/v2\/media\/108486"}],"wp:attachment":[{"href":"https:\/\/headwear.com.pl\/fr\/wp-json\/wp\/v2\/media?parent=108481"}],"wp:term":[{"taxonomy":"product_cat","embeddable":true,"href":"https:\/\/headwear.com.pl\/fr\/wp-json\/wp\/v2\/product_cat?post=108481"},{"taxonomy":"product_tag","embeddable":true,"href":"https:\/\/headwear.com.pl\/fr\/wp-json\/wp\/v2\/product_tag?post=108481"}],"curies":[{"name":"wp","href":"https:\/\/api.w.org\/{rel}","templated":true}]}}