{"id":108488,"date":"2023-06-12T13:12:19","date_gmt":"2023-06-12T11:12:19","guid":{"rendered":"https:\/\/headwear.com.pl\/?post_type=product&#038;p=108488"},"modified":"2026-05-15T10:35:47","modified_gmt":"2026-05-15T08:35:47","slug":"3024-3","status":"publish","type":"product","link":"https:\/\/headwear.com.pl\/fr\/produits\/3024-3\/","title":{"rendered":"1009 - chapeau d'hiver"},"content":{"rendered":"<p>La casquette d'hiver 1009 en micromodal est un produit qui peut \u00eatre utilis\u00e9 pour diverses activit\u00e9s de plein air. Ce mat\u00e9riau est respirant, s\u00e8che rapidement et convient aux personnes allergiques, ce qui en fait un choix id\u00e9al pour les journ\u00e9es froides. Disponible en noir et en bleu marine, ce bonnet est dot\u00e9 d'une doublure en polaire qui augmente encore son confort d'utilisation.<\/p>\n<p>Ce produit est id\u00e9al pour l'hiver, car il offre une protection ad\u00e9quate contre le froid lors de promenades ou d'activit\u00e9s intenses en plein air. Le micromodal utilis\u00e9 pour la fabrication de ce bonnet est un mat\u00e9riau naturel et \u00e9cologique, dont le processus de production est neutre en termes d'\u00e9missions de CO2. Ainsi, le bonnet d'hiver 1009 est non seulement fonctionnel, mais aussi respectueux de l'environnement.<\/p>\n<p>Le micromodal se distingue par son \u00e9clat satin\u00e9 et son toucher agr\u00e9able et \u201e frais \u201d, ce qui augmente le confort. De plus, sa forte hygroscopicit\u00e9 lui permet d'absorber mieux l'humidit\u00e9 que le coton traditionnel. La casquette conserve sa forme et sa couleur m\u00eame apr\u00e8s de nombreux lavages gr\u00e2ce \u00e0 sa r\u00e9sistance au r\u00e9tr\u00e9cissement et \u00e0 la d\u00e9coloration.<\/p>\n<h3>Caract\u00e9ristiques principales<\/h3>\n<ul>\n<li><strong>Cecha 1:<\/strong> La casquette d'hiver 1009 en micromodal est fabriqu\u00e9e \u00e0 partir de 100% d'origine v\u00e9g\u00e9tale, ce qui la rend \u00e9cologique et confortable \u00e0 porter.<\/li>\n<li><strong>Cecha 2:<\/strong> La doublure int\u00e9rieure en polaire garantit davantage de chaleur et de douceur lors d'une utilisation par basses temp\u00e9ratures.<\/li>\n<li><strong>Cecha 3:<\/strong> Le mat\u00e9riau pr\u00e9sente une grande r\u00e9sistance au froissement et au r\u00e9tr\u00e9cissement, ce qui facilite l'entretien quotidien et garantit une longue dur\u00e9e d'utilisation.<\/li>\n<li><strong>Cecha 4:<\/strong> La brillance \u00e9clatante ajoute \u00e0 l'esth\u00e9tique, tandis que le mat\u00e9riau reste agr\u00e9able au toucher.<\/li>\n<\/ul>\n<p>L'entretien du bonnet d'hiver 1009 est facile gr\u00e2ce aux propri\u00e9t\u00e9s du micromodal. Il est recommand\u00e9 de le laver \u00e0 la main ou en machine \u00e0 basse temp\u00e9rature, en cycle d\u00e9licat. Le produit doit \u00eatre s\u00e9ch\u00e9 \u00e0 plat afin de conserver sa forme et ses propri\u00e9t\u00e9s d'origine.<\/p>\n<h3>D\u00e9tails techniques<\/h3>\n<ul>\n<li><strong>Mati\u00e8re :<\/strong> Micromodal avec doublure polaire<\/li>\n<li><strong>Dimensions :<\/strong> Uniwersalny rozmiar<\/li>\n<li><strong>Couleurs :<\/strong> Noir et bleu marine<\/li>\n<li><strong>Kraj produkcji:<\/strong> Fabriqu\u00e9 dans l'UE<\/li>\n<\/ul>\n<p>La casquette d'hiver 1009 est une combinaison fonctionnelle de mat\u00e9riaux modernes et d'une approche \u00e9cologique de la production. Ses propri\u00e9t\u00e9s la rendent adapt\u00e9e \u00e0 diverses utilisations pendant la saison hivernale.<\/p>","protected":false},"excerpt":{"rendered":"<p>Un bonnet confortable et fin disponible en noir et bleu marine, qui sera parfait pour diverses activit\u00e9s de plein air. <strong>Casquette avec doublure polaire.<\/strong><\/p>","protected":false},"featured_media":108493,"template":"","meta":[],"product_cat":[150,427,415],"product_tag":[],"yoast_head":"<!-- This site is optimized with the Yoast SEO plugin v22.7 - https:\/\/yoast.com\/wordpress\/plugins\/seo\/ -->\n<title>1009 - czapka zimowa - Headwear Professionals<\/title>\n<meta name=\"description\" content=\"Czapka zimowa 1009 z mikromodalu - przewiewna i szybkoschn\u0105ca, idealna na ch\u0142odne dni. Dost\u0119pna w 2 kolorach. Sprawd\u017a szczeg\u00f3\u0142y.\" \/>\n<meta name=\"robots\" content=\"index, follow, max-snippet:-1, max-image-preview:large, max-video-preview:-1\" \/>\n<link rel=\"canonical\" href=\"https:\/\/headwear.com.pl\/fr\/produits\/3024-3\/\" \/>\n<meta property=\"og:locale\" content=\"fr_FR\" \/>\n<meta property=\"og:type\" content=\"article\" \/>\n<meta property=\"og:title\" content=\"1009 - czapka zimowa - Headwear Professionals\" \/>\n<meta property=\"og:description\" content=\"Czapka zimowa 1009 z mikromodalu - przewiewna i szybkoschn\u0105ca, idealna na ch\u0142odne dni. Dost\u0119pna w 2 kolorach. Sprawd\u017a szczeg\u00f3\u0142y.\" \/>\n<meta property=\"og:url\" content=\"https:\/\/headwear.com.pl\/fr\/produits\/3024-3\/\" \/>\n<meta property=\"og:site_name\" content=\"Headwear Professionals\" \/>\n<meta property=\"article:publisher\" content=\"https:\/\/www.facebook.com\/HeadwearPolska\" \/>\n<meta property=\"article:modified_time\" content=\"2026-05-15T08:35:47+00:00\" \/>\n<meta property=\"og:image\" content=\"https:\/\/headwear.com.pl\/wp-content\/uploads\/2023\/06\/1009_micromodal_2021_fleece-935x1024.jpg\" \/>\n\t<meta property=\"og:image:width\" content=\"935\" \/>\n\t<meta property=\"og:image:height\" content=\"1024\" \/>\n\t<meta property=\"og:image:type\" content=\"image\/jpeg\" \/>\n<meta name=\"twitter:card\" content=\"summary_large_image\" \/>\n<meta name=\"twitter:label1\" content=\"Dur\u00e9e de lecture estim\u00e9e\" \/>\n\t<meta name=\"twitter:data1\" content=\"1 minute\" \/>\n<script type=\"application\/ld+json\" class=\"yoast-schema-graph\">{\"@context\":\"https:\/\/schema.org\",\"@graph\":[{\"@type\":\"WebPage\",\"@id\":\"https:\/\/headwear.com.pl\/oferta\/1009\/\",\"url\":\"https:\/\/headwear.com.pl\/oferta\/1009\/\",\"name\":\"1009 - czapka zimowa - Headwear Professionals\",\"isPartOf\":{\"@id\":\"https:\/\/headwear.com.pl\/fr\/#website\"},\"primaryImageOfPage\":{\"@id\":\"https:\/\/headwear.com.pl\/oferta\/1009\/#primaryimage\"},\"image\":{\"@id\":\"https:\/\/headwear.com.pl\/oferta\/1009\/#primaryimage\"},\"thumbnailUrl\":\"https:\/\/headwear.com.pl\/wp-content\/uploads\/2023\/06\/1009_micromodal_2021_fleece.jpg\",\"datePublished\":\"2023-06-12T11:12:19+00:00\",\"dateModified\":\"2026-05-15T08:35:47+00:00\",\"description\":\"Czapka zimowa 1009 z mikromodalu - przewiewna i szybkoschn\u0105ca, idealna na ch\u0142odne dni. Dost\u0119pna w 2 kolorach. Sprawd\u017a szczeg\u00f3\u0142y.\",\"breadcrumb\":{\"@id\":\"https:\/\/headwear.com.pl\/oferta\/1009\/#breadcrumb\"},\"inLanguage\":\"fr-FR\",\"potentialAction\":[{\"@type\":\"ReadAction\",\"target\":[\"https:\/\/headwear.com.pl\/oferta\/1009\/\"]}]},{\"@type\":\"ImageObject\",\"inLanguage\":\"fr-FR\",\"@id\":\"https:\/\/headwear.com.pl\/oferta\/1009\/#primaryimage\",\"url\":\"https:\/\/headwear.com.pl\/wp-content\/uploads\/2023\/06\/1009_micromodal_2021_fleece.jpg\",\"contentUrl\":\"https:\/\/headwear.com.pl\/wp-content\/uploads\/2023\/06\/1009_micromodal_2021_fleece.jpg\",\"width\":2000,\"height\":2190},{\"@type\":\"BreadcrumbList\",\"@id\":\"https:\/\/headwear.com.pl\/oferta\/1009\/#breadcrumb\",\"itemListElement\":[{\"@type\":\"ListItem\",\"position\":1,\"name\":\"Strona g\u0142\u00f3wna\",\"item\":\"https:\/\/headwear.com.pl\/\"},{\"@type\":\"ListItem\",\"position\":2,\"name\":\"Oferta &#8211; Headwear Professionals\",\"item\":\"https:\/\/headwear.com.pl\/fr\/oferta\/\"},{\"@type\":\"ListItem\",\"position\":3,\"name\":\"1009 &#8211; czapka zimowa\"}]},{\"@type\":\"WebSite\",\"@id\":\"https:\/\/headwear.com.pl\/fr\/#website\",\"url\":\"https:\/\/headwear.com.pl\/fr\/\",\"name\":\"Headwear Professionals\",\"description\":\"Produkcj\u0105 czapek reklamowych zajmujemy si\u0119 od 1974 roku. Pracujemy tylko z agencjami reklamowymi\",\"publisher\":{\"@id\":\"https:\/\/headwear.com.pl\/fr\/#organization\"},\"potentialAction\":[{\"@type\":\"SearchAction\",\"target\":{\"@type\":\"EntryPoint\",\"urlTemplate\":\"https:\/\/headwear.com.pl\/fr\/?s={search_term_string}\"},\"query-input\":\"required name=search_term_string\"}],\"inLanguage\":\"fr-FR\"},{\"@type\":\"Organization\",\"@id\":\"https:\/\/headwear.com.pl\/fr\/#organization\",\"name\":\"Headwear Professionals\",\"url\":\"https:\/\/headwear.com.pl\/fr\/\",\"logo\":{\"@type\":\"ImageObject\",\"inLanguage\":\"fr-FR\",\"@id\":\"https:\/\/headwear.com.pl\/fr\/#\/schema\/logo\/image\/\",\"url\":\"https:\/\/headwear.com.pl\/wp-content\/uploads\/2024\/05\/Headwear_COLOR_RGB_logo.jpg\",\"contentUrl\":\"https:\/\/headwear.com.pl\/wp-content\/uploads\/2024\/05\/Headwear_COLOR_RGB_logo.jpg\",\"width\":1786,\"height\":1263,\"caption\":\"Headwear Professionals\"},\"image\":{\"@id\":\"https:\/\/headwear.com.pl\/fr\/#\/schema\/logo\/image\/\"},\"sameAs\":[\"https:\/\/www.facebook.com\/HeadwearPolska\",\"https:\/\/www.linkedin.com\/company\/headwearpolska\"]}]}<\/script>\n<!-- \/ Yoast SEO plugin. -->","yoast_head_json":{"title":"1009 - bonnet d'hiver - Headwear Professionals","description":"Bonnet d'hiver 1009 en micromodal - respirant et \u00e0 s\u00e9chage rapide, id\u00e9al pour les journ\u00e9es froides. Disponible en 2 couleurs. Voir les d\u00e9tails.","robots":{"index":"index","follow":"follow","max-snippet":"max-snippet:-1","max-image-preview":"max-image-preview:large","max-video-preview":"max-video-preview:-1"},"canonical":"https:\/\/headwear.com.pl\/fr\/produits\/3024-3\/","og_locale":"fr_FR","og_type":"article","og_title":"1009 - czapka zimowa - Headwear Professionals","og_description":"Czapka zimowa 1009 z mikromodalu - przewiewna i szybkoschn\u0105ca, idealna na ch\u0142odne dni. Dost\u0119pna w 2 kolorach. Sprawd\u017a szczeg\u00f3\u0142y.","og_url":"https:\/\/headwear.com.pl\/fr\/produits\/3024-3\/","og_site_name":"Headwear Professionals","article_publisher":"https:\/\/www.facebook.com\/HeadwearPolska","article_modified_time":"2026-05-15T08:35:47+00:00","og_image":[{"width":935,"height":1024,"url":"https:\/\/headwear.com.pl\/wp-content\/uploads\/2023\/06\/1009_micromodal_2021_fleece-935x1024.jpg","type":"image\/jpeg"}],"twitter_card":"summary_large_image","twitter_misc":{"Dur\u00e9e de lecture estim\u00e9e":"1 minute"},"schema":{"@context":"https:\/\/schema.org","@graph":[{"@type":"WebPage","@id":"https:\/\/headwear.com.pl\/oferta\/1009\/","url":"https:\/\/headwear.com.pl\/oferta\/1009\/","name":"1009 - bonnet d'hiver - Headwear Professionals","isPartOf":{"@id":"https:\/\/headwear.com.pl\/fr\/#website"},"primaryImageOfPage":{"@id":"https:\/\/headwear.com.pl\/oferta\/1009\/#primaryimage"},"image":{"@id":"https:\/\/headwear.com.pl\/oferta\/1009\/#primaryimage"},"thumbnailUrl":"https:\/\/headwear.com.pl\/wp-content\/uploads\/2023\/06\/1009_micromodal_2021_fleece.jpg","datePublished":"2023-06-12T11:12:19+00:00","dateModified":"2026-05-15T08:35:47+00:00","description":"Bonnet d'hiver 1009 en micromodal - respirant et \u00e0 s\u00e9chage rapide, id\u00e9al pour les journ\u00e9es froides. Disponible en 2 couleurs. Voir les d\u00e9tails.","breadcrumb":{"@id":"https:\/\/headwear.com.pl\/oferta\/1009\/#breadcrumb"},"inLanguage":"fr-FR","potentialAction":[{"@type":"ReadAction","target":["https:\/\/headwear.com.pl\/oferta\/1009\/"]}]},{"@type":"ImageObject","inLanguage":"fr-FR","@id":"https:\/\/headwear.com.pl\/oferta\/1009\/#primaryimage","url":"https:\/\/headwear.com.pl\/wp-content\/uploads\/2023\/06\/1009_micromodal_2021_fleece.jpg","contentUrl":"https:\/\/headwear.com.pl\/wp-content\/uploads\/2023\/06\/1009_micromodal_2021_fleece.jpg","width":2000,"height":2190},{"@type":"BreadcrumbList","@id":"https:\/\/headwear.com.pl\/oferta\/1009\/#breadcrumb","itemListElement":[{"@type":"ListItem","position":1,"name":"Strona g\u0142\u00f3wna","item":"https:\/\/headwear.com.pl\/"},{"@type":"ListItem","position":2,"name":"Oferta &#8211; Headwear Professionals","item":"https:\/\/headwear.com.pl\/fr\/oferta\/"},{"@type":"ListItem","position":3,"name":"1009 &#8211; czapka zimowa"}]},{"@type":"WebSite","@id":"https:\/\/headwear.com.pl\/fr\/#website","url":"https:\/\/headwear.com.pl\/fr\/","name":"Headwear Professionals","description":"Nous fabriquons des casquettes publicitaires depuis 1974. Nous travaillons uniquement avec des agences de publicit\u00e9","publisher":{"@id":"https:\/\/headwear.com.pl\/fr\/#organization"},"potentialAction":[{"@type":"SearchAction","target":{"@type":"EntryPoint","urlTemplate":"https:\/\/headwear.com.pl\/fr\/?s={search_term_string}"},"query-input":"required name=search_term_string"}],"inLanguage":"fr-FR"},{"@type":"Organization","@id":"https:\/\/headwear.com.pl\/fr\/#organization","name":"Headwear Professionals","url":"https:\/\/headwear.com.pl\/fr\/","logo":{"@type":"ImageObject","inLanguage":"fr-FR","@id":"https:\/\/headwear.com.pl\/fr\/#\/schema\/logo\/image\/","url":"https:\/\/headwear.com.pl\/wp-content\/uploads\/2024\/05\/Headwear_COLOR_RGB_logo.jpg","contentUrl":"https:\/\/headwear.com.pl\/wp-content\/uploads\/2024\/05\/Headwear_COLOR_RGB_logo.jpg","width":1786,"height":1263,"caption":"Headwear Professionals"},"image":{"@id":"https:\/\/headwear.com.pl\/fr\/#\/schema\/logo\/image\/"},"sameAs":["https:\/\/www.facebook.com\/HeadwearPolska","https:\/\/www.linkedin.com\/company\/headwearpolska"]}]}},"_links":{"self":[{"href":"https:\/\/headwear.com.pl\/fr\/wp-json\/wp\/v2\/product\/108488"}],"collection":[{"href":"https:\/\/headwear.com.pl\/fr\/wp-json\/wp\/v2\/product"}],"about":[{"href":"https:\/\/headwear.com.pl\/fr\/wp-json\/wp\/v2\/types\/product"}],"wp:featuredmedia":[{"embeddable":true,"href":"https:\/\/headwear.com.pl\/fr\/wp-json\/wp\/v2\/media\/108493"}],"wp:attachment":[{"href":"https:\/\/headwear.com.pl\/fr\/wp-json\/wp\/v2\/media?parent=108488"}],"wp:term":[{"taxonomy":"product_cat","embeddable":true,"href":"https:\/\/headwear.com.pl\/fr\/wp-json\/wp\/v2\/product_cat?post=108488"},{"taxonomy":"product_tag","embeddable":true,"href":"https:\/\/headwear.com.pl\/fr\/wp-json\/wp\/v2\/product_tag?post=108488"}],"curies":[{"name":"wp","href":"https:\/\/api.w.org\/{rel}","templated":true}]}}