{"id":109271,"date":"2024-10-08T11:48:02","date_gmt":"2024-10-08T09:48:02","guid":{"rendered":"https:\/\/headwear.com.pl\/?post_type=product&#038;p=109271"},"modified":"2026-01-19T13:09:26","modified_gmt":"2026-01-19T12:09:26","slug":"6006","status":"publish","type":"product","link":"https:\/\/headwear.com.pl\/fr\/produits\/6006\/","title":{"rendered":"6006 - \u00e9charpe multifonctionnelle (longue)"},"content":{"rendered":"<p>Wielofunkcyjny szalik (d\u0142ugi) wykonany jest z materia\u0142u w sk\u0142adzie 92% bawe\u0142na i 8% elastan. Produkt ten charakteryzuje si\u0119 uniwersalno\u015bci\u0105, dzi\u0119ki czemu odnajdzie swoje miejsce w r\u00f3\u017cnorodnych codziennych sytuacjach. Dzi\u0119ki swojej elastyczno\u015bci i trwa\u0142o\u015bci chusta mo\u017ce s\u0142u\u017cy\u0107 zar\u00f3wno jako element garderoby, jak i jako praktyczny dodatek.<\/p>\n<p>><\/p>\n<p>Wielofunkcyjna chusta nadaje si\u0119 do wielu scenariuszy u\u017cytkowania. Mo\u017ce s\u0142u\u017cy\u0107 jako szalik, opaska na g\u0142ow\u0119 lub maska \u200b\u200bochronna. Jego wszechstronno\u015b\u0107 sprawia, \u017ce \u200b\u200bmo\u017cna go u\u017cywa\u0107 zar\u00f3wno podczas zaj\u0119\u0107 sportowych, takich jak bieganie czy jazda na rowerze, jak i jako ochrona przed s\u0142o\u0144cem lub wiatrem podczas podr\u00f3\u017cy. Materia\u0142, z kt\u00f3rego jest wykonany, zapewnia wygod\u0119 noszenia, nawet podczas d\u0142ugotrwa\u0142ego u\u017cytkowania.<\/p>\n<p>><\/p>\n<p>Wykonana z wysokiej jako\u015bci bawe\u0142ny chusta jest mi\u0119kka i przyjazna dla sk\u00f3ry. Dodatek elastanu sprawia, \u017ce \u200b\u200bjest elastyczna i \u0142atwo dopasowuje si\u0119 do r\u00f3\u017cnych kszta\u0142t\u00f3w i rozmiar\u00f3w. Gramatura 200 g\/m2 gwarantuje, \u017ce tkanina ma odpowiedni\u0105 grubo\u015b\u0107, aby zapewni\u0107 ciep\u0142o i ochron\u0119 w ch\u0142odniejsze dni.<\/p>\n<p>Chusta wykonana jest z wysokiej jako\u015bci bawe\u0142ny, dzi\u0119ki czemu jest mi\u0119kka i przyjazna dla sk\u00f3ry.<\/p>\n<h3>Najwa\u017cniejsze funkcje<\/h3>\n<p>.<\/p>\n<ul>\n<li><strong>Uniwersalne zastosowanie:<\/strong> Chusta mo\u017ce by\u0107 u\u017cywana na r\u00f3\u017cne sposoby, np. jako szalik, opaska na g\u0142ow\u0119 czy maseczka ochronna, dzi\u0119ki czemu jest praktycznym dodatkiem do ka\u017cdej garderoby.<\/li>\n<li>Chusta mo\u017ce by\u0107 u\u017cywana na r\u00f3\u017cne sposoby, np. jako szalik, opaska na g\u0142ow\u0119 lub kaptur.\n<li><strong>Elastyczno\u015b\u0107:<\/strong> Dzi\u0119ki zawarto\u015bci elastanu tkanina z \u0142atwo\u015bci\u0105 dopasowuje si\u0119 do r\u00f3\u017cnych kszta\u0142t\u00f3w i rozmiar\u00f3w, zapewniaj\u0105c tym samym wygodne dopasowanie.<\/li>\n<li><strong>Kompaktowo\u015b\u0107:<\/strong> dzi\u0119ki niewielkim rozmiarom (25 x 30 cm) chust\u0119 mo\u017cna \u0142atwo przechowywa\u0107 i zabra\u0107 ze sob\u0105 wsz\u0119dzie.<\/li>\n<li><strong>Trwa\u0142o\u015b\u0107:<\/strong> Wysokiej jako\u015bci materia\u0142y zapewniaj\u0105 d\u0142ug\u0105 \u017cywotno\u015b\u0107 bez utraty w\u0142a\u015bciwo\u015bci estetycznych i funkcjonalnych.<\/li>\n<li><strong>\u0141atwa piel\u0119gnacja:<\/strong> chusta jest \u0142atwa do czyszczenia i nie wymaga szczeg\u00f3lnej piel\u0119gnacji.<\/li>\n<\/ul>\n<p>Piel\u0119gnacja chusty jest bardzo \u0142atwa. Mo\u017cna go pra\u0107 r\u0119cznie lub w pralce z dodatkiem \u0142agodnych detergent\u00f3w. Podczas prania zaleca si\u0119 unika\u0107 wysokich temperatur i suszy\u0107 na p\u0142asko, aby przez d\u0142ugi czas zachowa\u0142a elastyczno\u015b\u0107 i kszta\u0142t.<\/p>\n<p>><\/p>\n<h3>D\u00e9tails techniques<\/h3>\n<p>.<\/p>\n<ul>\n<li><strong>Mati\u00e8re :<\/strong> 92% bawe\u0142na, 8% elastan<\/li>\n<li><strong>Dimensions :<\/strong> 25 x 30 cm<\/li>\n<li><strong>Couleurs :<\/strong>dost\u0119pne s\u0105 r\u00f3\u017cne wersje kolorystyczne<\/li>\n<li><strong>Kraj producenta:<\/strong> Wyprodukowano w UE<\/li>\n<\/ul>\n<p>Szal wielofunkcyjny (d\u0142ugi) to produkt stawiaj\u0105cy na wszechstronno\u015b\u0107 i wygod\u0119. Dzi\u0119ki solidnemu wykonaniu i wysokiej jako\u015bci materia\u0142om stanowi praktyczne rozwi\u0105zanie wielu codziennych potrzeb.<\/p>","protected":false},"excerpt":{"rendered":"<p>Echarpe multifonctionnelle (long)<\/p>","protected":false},"featured_media":109277,"template":"","meta":[],"product_cat":[381,487,415],"product_tag":[],"yoast_head":"<!-- This site is optimized with the Yoast SEO plugin v22.7 - https:\/\/yoast.com\/wordpress\/plugins\/seo\/ -->\n<title>6006 - chusta wielofunkcyjna (d\u0142uga) - Headwear Professionals<\/title>\n<meta name=\"description\" content=\"Chusta wielofunkcyjna wykonana z 92% bawe\u0142ny i 8% elastanu zapewnia komfort i wszechstronno\u015b\u0107. Idealna do sportu i podr\u00f3\u017cy. Zobacz wi\u0119cej.\" \/>\n<meta name=\"robots\" content=\"index, follow, max-snippet:-1, max-image-preview:large, max-video-preview:-1\" \/>\n<link rel=\"canonical\" href=\"https:\/\/headwear.com.pl\/fr\/produits\/6006\/\" \/>\n<meta property=\"og:locale\" content=\"fr_FR\" \/>\n<meta property=\"og:type\" content=\"article\" \/>\n<meta property=\"og:title\" content=\"6006 - chusta wielofunkcyjna (d\u0142uga) - Headwear Professionals\" \/>\n<meta property=\"og:description\" content=\"Chusta wielofunkcyjna wykonana z 92% bawe\u0142ny i 8% elastanu zapewnia komfort i wszechstronno\u015b\u0107. Idealna do sportu i podr\u00f3\u017cy. Zobacz wi\u0119cej.\" \/>\n<meta property=\"og:url\" content=\"https:\/\/headwear.com.pl\/fr\/produits\/6006\/\" \/>\n<meta property=\"og:site_name\" content=\"Headwear Professionals\" \/>\n<meta property=\"article:publisher\" content=\"https:\/\/www.facebook.com\/HeadwearPolska\" \/>\n<meta property=\"article:modified_time\" content=\"2026-01-19T12:09:26+00:00\" \/>\n<meta property=\"og:image\" content=\"https:\/\/headwear.com.pl\/wp-content\/uploads\/2024\/10\/6006_1.jpg\" \/>\n\t<meta property=\"og:image:width\" content=\"608\" \/>\n\t<meta property=\"og:image:height\" content=\"1278\" \/>\n\t<meta property=\"og:image:type\" content=\"image\/jpeg\" \/>\n<meta name=\"twitter:card\" content=\"summary_large_image\" \/>\n<meta name=\"twitter:label1\" content=\"Dur\u00e9e de lecture estim\u00e9e\" \/>\n\t<meta name=\"twitter:data1\" content=\"3 minutes\" \/>\n<script type=\"application\/ld+json\" class=\"yoast-schema-graph\">{\"@context\":\"https:\/\/schema.org\",\"@graph\":[{\"@type\":\"WebPage\",\"@id\":\"https:\/\/headwear.com.pl\/oferta\/6006-chusta-wielofunkcyjna-dluga\/\",\"url\":\"https:\/\/headwear.com.pl\/oferta\/6006-chusta-wielofunkcyjna-dluga\/\",\"name\":\"6006 - chusta wielofunkcyjna (d\u0142uga) - Headwear Professionals\",\"isPartOf\":{\"@id\":\"https:\/\/headwear.com.pl\/fr\/#website\"},\"primaryImageOfPage\":{\"@id\":\"https:\/\/headwear.com.pl\/oferta\/6006-chusta-wielofunkcyjna-dluga\/#primaryimage\"},\"image\":{\"@id\":\"https:\/\/headwear.com.pl\/oferta\/6006-chusta-wielofunkcyjna-dluga\/#primaryimage\"},\"thumbnailUrl\":\"https:\/\/headwear.com.pl\/wp-content\/uploads\/2024\/10\/6006_1.jpg\",\"datePublished\":\"2024-10-08T09:48:02+00:00\",\"dateModified\":\"2026-01-19T12:09:26+00:00\",\"description\":\"Chusta wielofunkcyjna wykonana z 92% bawe\u0142ny i 8% elastanu zapewnia komfort i wszechstronno\u015b\u0107. Idealna do sportu i podr\u00f3\u017cy. Zobacz wi\u0119cej.\",\"breadcrumb\":{\"@id\":\"https:\/\/headwear.com.pl\/oferta\/6006-chusta-wielofunkcyjna-dluga\/#breadcrumb\"},\"inLanguage\":\"fr-FR\",\"potentialAction\":[{\"@type\":\"ReadAction\",\"target\":[\"https:\/\/headwear.com.pl\/oferta\/6006-chusta-wielofunkcyjna-dluga\/\"]}]},{\"@type\":\"ImageObject\",\"inLanguage\":\"fr-FR\",\"@id\":\"https:\/\/headwear.com.pl\/oferta\/6006-chusta-wielofunkcyjna-dluga\/#primaryimage\",\"url\":\"https:\/\/headwear.com.pl\/wp-content\/uploads\/2024\/10\/6006_1.jpg\",\"contentUrl\":\"https:\/\/headwear.com.pl\/wp-content\/uploads\/2024\/10\/6006_1.jpg\",\"width\":608,\"height\":1278},{\"@type\":\"BreadcrumbList\",\"@id\":\"https:\/\/headwear.com.pl\/oferta\/6006-chusta-wielofunkcyjna-dluga\/#breadcrumb\",\"itemListElement\":[{\"@type\":\"ListItem\",\"position\":1,\"name\":\"Strona g\u0142\u00f3wna\",\"item\":\"https:\/\/headwear.com.pl\/\"},{\"@type\":\"ListItem\",\"position\":2,\"name\":\"Oferta &#8211; Headwear Professionals\",\"item\":\"https:\/\/headwear.com.pl\/fr\/oferta\/\"},{\"@type\":\"ListItem\",\"position\":3,\"name\":\"6006 &#8211; chusta wielofunkcyjna (d\u0142uga)\"}]},{\"@type\":\"WebSite\",\"@id\":\"https:\/\/headwear.com.pl\/fr\/#website\",\"url\":\"https:\/\/headwear.com.pl\/fr\/\",\"name\":\"Headwear Professionals\",\"description\":\"Produkcj\u0105 czapek reklamowych zajmujemy si\u0119 od 1974 roku. Pracujemy tylko z agencjami reklamowymi\",\"publisher\":{\"@id\":\"https:\/\/headwear.com.pl\/fr\/#organization\"},\"potentialAction\":[{\"@type\":\"SearchAction\",\"target\":{\"@type\":\"EntryPoint\",\"urlTemplate\":\"https:\/\/headwear.com.pl\/fr\/?s={search_term_string}\"},\"query-input\":\"required name=search_term_string\"}],\"inLanguage\":\"fr-FR\"},{\"@type\":\"Organization\",\"@id\":\"https:\/\/headwear.com.pl\/fr\/#organization\",\"name\":\"Headwear Professionals\",\"url\":\"https:\/\/headwear.com.pl\/fr\/\",\"logo\":{\"@type\":\"ImageObject\",\"inLanguage\":\"fr-FR\",\"@id\":\"https:\/\/headwear.com.pl\/fr\/#\/schema\/logo\/image\/\",\"url\":\"https:\/\/headwear.com.pl\/wp-content\/uploads\/2024\/05\/Headwear_COLOR_RGB_logo.jpg\",\"contentUrl\":\"https:\/\/headwear.com.pl\/wp-content\/uploads\/2024\/05\/Headwear_COLOR_RGB_logo.jpg\",\"width\":1786,\"height\":1263,\"caption\":\"Headwear Professionals\"},\"image\":{\"@id\":\"https:\/\/headwear.com.pl\/fr\/#\/schema\/logo\/image\/\"},\"sameAs\":[\"https:\/\/www.facebook.com\/HeadwearPolska\",\"https:\/\/www.linkedin.com\/company\/headwearpolska\"]}]}<\/script>\n<!-- \/ Yoast SEO plugin. -->","yoast_head_json":{"title":"6006 - \u00e9charpe multifonctionnelle - Headwear Professionals","description":"Chusta wielofunkcyjna wykonana z 92% bawe\u0142ny i 8% elastanu zapewnia komfort i wszechstronno\u015b\u0107. Idealna do sportu i podr\u00f3\u017cy. Zobacz wi\u0119cej.","robots":{"index":"index","follow":"follow","max-snippet":"max-snippet:-1","max-image-preview":"max-image-preview:large","max-video-preview":"max-video-preview:-1"},"canonical":"https:\/\/headwear.com.pl\/fr\/produits\/6006\/","og_locale":"fr_FR","og_type":"article","og_title":"6006 - chusta wielofunkcyjna (d\u0142uga) - Headwear Professionals","og_description":"Chusta wielofunkcyjna wykonana z 92% bawe\u0142ny i 8% elastanu zapewnia komfort i wszechstronno\u015b\u0107. Idealna do sportu i podr\u00f3\u017cy. Zobacz wi\u0119cej.","og_url":"https:\/\/headwear.com.pl\/fr\/produits\/6006\/","og_site_name":"Headwear Professionals","article_publisher":"https:\/\/www.facebook.com\/HeadwearPolska","article_modified_time":"2026-01-19T12:09:26+00:00","og_image":[{"width":608,"height":1278,"url":"https:\/\/headwear.com.pl\/wp-content\/uploads\/2024\/10\/6006_1.jpg","type":"image\/jpeg"}],"twitter_card":"summary_large_image","twitter_misc":{"Dur\u00e9e de lecture estim\u00e9e":"3 minutes"},"schema":{"@context":"https:\/\/schema.org","@graph":[{"@type":"WebPage","@id":"https:\/\/headwear.com.pl\/oferta\/6006-chusta-wielofunkcyjna-dluga\/","url":"https:\/\/headwear.com.pl\/oferta\/6006-chusta-wielofunkcyjna-dluga\/","name":"6006 - \u00e9charpe multifonctionnelle - Headwear Professionals","isPartOf":{"@id":"https:\/\/headwear.com.pl\/fr\/#website"},"primaryImageOfPage":{"@id":"https:\/\/headwear.com.pl\/oferta\/6006-chusta-wielofunkcyjna-dluga\/#primaryimage"},"image":{"@id":"https:\/\/headwear.com.pl\/oferta\/6006-chusta-wielofunkcyjna-dluga\/#primaryimage"},"thumbnailUrl":"https:\/\/headwear.com.pl\/wp-content\/uploads\/2024\/10\/6006_1.jpg","datePublished":"2024-10-08T09:48:02+00:00","dateModified":"2026-01-19T12:09:26+00:00","description":"Chusta wielofunkcyjna wykonana z 92% bawe\u0142ny i 8% elastanu zapewnia komfort i wszechstronno\u015b\u0107. Idealna do sportu i podr\u00f3\u017cy. Zobacz wi\u0119cej.","breadcrumb":{"@id":"https:\/\/headwear.com.pl\/oferta\/6006-chusta-wielofunkcyjna-dluga\/#breadcrumb"},"inLanguage":"fr-FR","potentialAction":[{"@type":"ReadAction","target":["https:\/\/headwear.com.pl\/oferta\/6006-chusta-wielofunkcyjna-dluga\/"]}]},{"@type":"ImageObject","inLanguage":"fr-FR","@id":"https:\/\/headwear.com.pl\/oferta\/6006-chusta-wielofunkcyjna-dluga\/#primaryimage","url":"https:\/\/headwear.com.pl\/wp-content\/uploads\/2024\/10\/6006_1.jpg","contentUrl":"https:\/\/headwear.com.pl\/wp-content\/uploads\/2024\/10\/6006_1.jpg","width":608,"height":1278},{"@type":"BreadcrumbList","@id":"https:\/\/headwear.com.pl\/oferta\/6006-chusta-wielofunkcyjna-dluga\/#breadcrumb","itemListElement":[{"@type":"ListItem","position":1,"name":"Strona g\u0142\u00f3wna","item":"https:\/\/headwear.com.pl\/"},{"@type":"ListItem","position":2,"name":"Oferta &#8211; Headwear Professionals","item":"https:\/\/headwear.com.pl\/fr\/oferta\/"},{"@type":"ListItem","position":3,"name":"6006 &#8211; chusta wielofunkcyjna (d\u0142uga)"}]},{"@type":"WebSite","@id":"https:\/\/headwear.com.pl\/fr\/#website","url":"https:\/\/headwear.com.pl\/fr\/","name":"Headwear Professionals","description":"Nous fabriquons des casquettes publicitaires depuis 1974. Nous travaillons uniquement avec des agences de publicit\u00e9","publisher":{"@id":"https:\/\/headwear.com.pl\/fr\/#organization"},"potentialAction":[{"@type":"SearchAction","target":{"@type":"EntryPoint","urlTemplate":"https:\/\/headwear.com.pl\/fr\/?s={search_term_string}"},"query-input":"required name=search_term_string"}],"inLanguage":"fr-FR"},{"@type":"Organization","@id":"https:\/\/headwear.com.pl\/fr\/#organization","name":"Headwear Professionals","url":"https:\/\/headwear.com.pl\/fr\/","logo":{"@type":"ImageObject","inLanguage":"fr-FR","@id":"https:\/\/headwear.com.pl\/fr\/#\/schema\/logo\/image\/","url":"https:\/\/headwear.com.pl\/wp-content\/uploads\/2024\/05\/Headwear_COLOR_RGB_logo.jpg","contentUrl":"https:\/\/headwear.com.pl\/wp-content\/uploads\/2024\/05\/Headwear_COLOR_RGB_logo.jpg","width":1786,"height":1263,"caption":"Headwear Professionals"},"image":{"@id":"https:\/\/headwear.com.pl\/fr\/#\/schema\/logo\/image\/"},"sameAs":["https:\/\/www.facebook.com\/HeadwearPolska","https:\/\/www.linkedin.com\/company\/headwearpolska"]}]}},"_links":{"self":[{"href":"https:\/\/headwear.com.pl\/fr\/wp-json\/wp\/v2\/product\/109271"}],"collection":[{"href":"https:\/\/headwear.com.pl\/fr\/wp-json\/wp\/v2\/product"}],"about":[{"href":"https:\/\/headwear.com.pl\/fr\/wp-json\/wp\/v2\/types\/product"}],"wp:featuredmedia":[{"embeddable":true,"href":"https:\/\/headwear.com.pl\/fr\/wp-json\/wp\/v2\/media\/109277"}],"wp:attachment":[{"href":"https:\/\/headwear.com.pl\/fr\/wp-json\/wp\/v2\/media?parent=109271"}],"wp:term":[{"taxonomy":"product_cat","embeddable":true,"href":"https:\/\/headwear.com.pl\/fr\/wp-json\/wp\/v2\/product_cat?post=109271"},{"taxonomy":"product_tag","embeddable":true,"href":"https:\/\/headwear.com.pl\/fr\/wp-json\/wp\/v2\/product_tag?post=109271"}],"curies":[{"name":"wp","href":"https:\/\/api.w.org\/{rel}","templated":true}]}}