{"id":109351,"date":"2024-12-16T13:28:37","date_gmt":"2024-12-16T12:28:37","guid":{"rendered":"https:\/\/headwear.com.pl\/?page_id=109351"},"modified":"2024-12-16T13:28:37","modified_gmt":"2024-12-16T12:28:37","slug":"gpsr","status":"publish","type":"page","link":"https:\/\/headwear.com.pl\/it\/gpsr\/","title":{"rendered":"GPSR \u2013 Headwear Professionals"},"content":{"rendered":"<section class=\"vc_row wpb_row vc_row-fluid\"><div class=\"wpb_column vc_column_container col-xs-mobile-fullwidth vc_col-sm-12\"><div class=\"vc_column-inner\"><div class=\"wpb_wrapper\"><div class=\"text-block-content hongo-text-block-1 last-paragraph-no-margin  hongo_responsive_1734351795019\"><p><strong>Regolamento sulla sicurezza generale dei prodotti (GPSR)<\/strong><\/p>\n<p>In relazione all'entrata in vigore, a partire dal 13 dicembre 2024, del regolamento dell'Unione Europea <strong>Regolamento sulla sicurezza generale dei prodotti (GPSR)<\/strong>, vorremmo illustrarvi i principi fondamentali di questo atto legislativo.<\/p>\n<p>In conformit\u00e0 con la legge, Headwear Professionals, in qualit\u00e0 di soggetto che immette i prodotti nel territorio dell'Unione Europea, \u00e8 responsabile della conformit\u00e0 dei prodotti offerti ai requisiti di sicurezza vigenti in tutta l'UE.<\/p>\n<p>Per garantire la qualit\u00e0 e la sicurezza dei nostri prodotti, mettiamo a vostra disposizione il seguente indirizzo e-mail: <strong><a href=\"mailto:gpsr@headwear.com.pl\">gpsr@headwear.com.pl<\/a><\/strong>\u00a0e un modulo di segnalazione dedicato, dove potete segnalare eventuali osservazioni o riserve relative alla sicurezza dei nostri prodotti. Tutte le segnalazioni saranno esaminate immediatamente e con la massima attenzione.<\/p>\n<p><strong>IMPORTANTE<\/strong><br \/>\nLe nuove norme relative al GPSR, compresa la possibilit\u00e0 di segnalare irregolarit\u00e0 e l'obbligo di fornire informazioni sul soggetto responsabile, entreranno in vigore il 13 dicembre 2024. I prodotti immessi sul mercato prima di tale data non sono soggetti alle nuove norme.<\/p>\n<p>Per ulteriori informazioni sul GPSR, contattare gratuitamente:<\/p>\n<p>Ufficio per la tutela della concorrenza e dei consumatori (UOKiK)<\/p>\n<p><strong>Contatto<\/strong><br \/>\nStrona internetowa: <a href=\"http:\/\/uokik.gov.pl\">uokik.gov.pl<\/a><br \/>\nE-mail: <a>info@uokik.gov.pl<\/a><br \/>\nTelefon: +48 22 556 08 00<\/p>\n<p><strong>Segnalare a Headwear Professionals un problema relativo alla sicurezza del prodotto:<\/strong><br \/>\nE-mail:\u00a0<strong><a href=\"mailto:gpsr@headwear.com.pl\">gpsr@headwear.com.pl<\/a><\/strong><\/p>\n<p><strong>Modulo di iscrizione<\/strong>:<\/p>\n<\/div>\n<div class=\"wpcf7 no-js\" id=\"wpcf7-f109356-o1\" lang=\"en-US\" dir=\"ltr\">\n<div class=\"screen-reader-response\"><p role=\"status\" aria-live=\"polite\" aria-atomic=\"true\"><\/p> <ul><\/ul><\/div>\n<form action=\"\/it\/wp-json\/wp\/v2\/pages\/109351#wpcf7-f109356-o1\" method=\"post\" class=\"wpcf7-form init\" aria-label=\"Contact form\" novalidate=\"novalidate\" data-status=\"init\" data-trp-original-action=\"\/it\/wp-json\/wp\/v2\/pages\/109351#wpcf7-f109356-o1\">\n<div style=\"display: none;\">\n<input type=\"hidden\" name=\"_wpcf7\" value=\"109356\" \/>\n<input type=\"hidden\" name=\"_wpcf7_version\" value=\"5.9.5\" \/>\n<input type=\"hidden\" name=\"_wpcf7_locale\" value=\"en_US\" \/>\n<input type=\"hidden\" name=\"_wpcf7_unit_tag\" value=\"wpcf7-f109356-o1\" \/>\n<input type=\"hidden\" name=\"_wpcf7_container_post\" value=\"0\" \/>\n<input type=\"hidden\" name=\"_wpcf7_posted_data_hash\" value=\"\" \/>\n<input type=\"hidden\" name=\"_wpcf7_recaptcha_response\" value=\"\" \/>\n<\/div>\n<div class=\"hongo-contact-form-style-1\">\n\t<p><span class=\"wpcf7-form-control-wrap\" data-name=\"contact-name\"><input size=\"40\" class=\"wpcf7-form-control wpcf7-text wpcf7-validates-as-required\" aria-required=\"true\" aria-invalid=\"false\" placeholder=\"Azienda*\" value=\"\" type=\"text\" name=\"contact-name\" \/><\/span><br \/>\n<span class=\"wpcf7-form-control-wrap\" data-name=\"contact-email\"><input size=\"40\" class=\"wpcf7-form-control wpcf7-email wpcf7-validates-as-required wpcf7-text wpcf7-validates-as-email\" aria-required=\"true\" aria-invalid=\"false\" placeholder=\"Indirizzo e-mail*\" value=\"\" type=\"email\" name=\"contact-email\" \/><\/span><br \/>\n<span class=\"wpcf7-form-control-wrap\" data-name=\"contact-subject\"><input size=\"40\" class=\"wpcf7-form-control wpcf7-text\" aria-invalid=\"false\" placeholder=\"Numero di telefono\" value=\"\" type=\"text\" name=\"contact-subject\" \/><\/span><br \/>\n<span class=\"wpcf7-form-control-wrap\" data-name=\"contact-message\"><textarea cols=\"40\" rows=\"3\" class=\"wpcf7-form-control wpcf7-textarea\" aria-invalid=\"false\" placeholder=\"Il tuo messaggio\" name=\"contact-message\"><\/textarea><\/span><br \/>\n<input class=\"wpcf7-form-control wpcf7-submit has-spinner btn btn-small alt-font\" type=\"submit\" value=\"Invia il modulo\" \/>\n\t<\/p>\n<\/div><div class=\"wpcf7-response-output\" aria-hidden=\"true\"><\/div>\n<input type=\"hidden\" name=\"trp-form-language\" value=\"it\"\/><\/form>\n<\/div>\n<\/div><\/div><\/div><\/section><section class=\"vc_row wpb_row vc_row-fluid\"><div class=\"wpb_column vc_column_container col-xs-mobile-fullwidth vc_col-sm-12\"><div class=\"vc_column-inner\"><div class=\"wpb_wrapper\"><\/div><\/div><\/div><\/section>","protected":false},"excerpt":{"rendered":"Rozporz\u0105dzenie w sprawie og\u00f3lnego bezpiecze\u0144stwa produkt\u00f3w (GPSR) W zwi\u0105zku z wej\u015bciem w \u017cycie, od dnia 13 grudnia 2024 roku, rozporz\u0105dzenia unijnego General Product Safety Regulation (GPSR), chcieliby\u015bmy przybli\u017cy\u0107 Pa\u0144stwu najwa\u017cniejsze za\u0142o\u017cenia tego aktu prawnego. Zgodnie z prawem, Headwear Professionals jako podmiot wprowadzaj\u0105cy produkty na teren Unii Europejskiej, ponosi odpowiedzialno\u015b\u0107 za zgodno\u015b\u0107 oferowanych produkt\u00f3w z wymogami bezpiecze\u0144stwa obowi\u0105zuj\u0105cymi na ca\u0142ym obszarze UE. W trosce o jako\u015b\u0107 i bezpiecze\u0144stwo naszych produkt\u00f3w, udost\u0119pniamy Pa\u0144stwu adres e-mail: gpsr@headwear.com.pl\u00a0oraz dedykowany formularz zg\u0142oszeniowy, gdzie mog\u0105 Pa\u0144stwo zg\u0142asza\u0107 wszelkie uwagi lub zastrze\u017cenia dotycz\u0105ce bezpiecze\u0144stwa naszych wyrob\u00f3w. Wszystkie zg\u0142oszenia b\u0119dziemy rozpatrywa\u0107 niezw\u0142ocznie i z najwy\u017csz\u0105 staranno\u015bci\u0105. WA\u017bNE Nowe przepisy dotycz\u0105ce GPSR, w tym mo\u017cliwo\u015b\u0107 zg\u0142aszania nieprawid\u0142owo\u015bci oraz obowi\u0105zek udost\u0119pniania informacji o podmiocie odpowiedzialnym, zaczynaj\u0105 obowi\u0105zywa\u0107 od 13 grudnia 2024 roku. Produkty wprowadzone na rynek przed tym terminem nie podlegaj\u0105 nowym regulacjom. Bardziej szczeg\u00f3\u0142owe informacje dotycz\u0105ce GPSR mo\u017cna uzyska\u0107 bezp\u0142atnie, kontaktuj\u0105c si\u0119 z: Urz\u0105d Ochrony Konkurencji i Konsument\u00f3w (UOKiK) Kontakt Strona internetowa: uokik.gov.pl E-mail: info@uokik.gov.pl Telefon: +48 22 556 08 00 Zg\u0142o\u015b do Headwear Professionals zastrze\u017cenie dotycz\u0105ce bezpiecze\u0144stwa produktu: E-mail:\u00a0gpsr@headwear.com.pl Formularz zg\u0142oszeniowy:","protected":false},"author":1,"featured_media":0,"parent":0,"menu_order":0,"comment_status":"closed","ping_status":"closed","template":"","meta":{"footnotes":""},"yoast_head":"<!-- This site is optimized with the Yoast SEO plugin v22.7 - https:\/\/yoast.com\/wordpress\/plugins\/seo\/ -->\n<title>GPSR - Headwear Professionals - Headwear Professionals<\/title>\n<meta name=\"description\" content=\"Headwear Professionals jako cz\u0119\u015b\u0107 Headwear Group jest zobowi\u0105zana do prowadzenia dzia\u0142alno\u015bci zgodnie z najwy\u017cszymi standardami etyki biznesowej i poszanowania praw cz\u0142owieka\" \/>\n<meta name=\"robots\" content=\"index, follow, max-snippet:-1, max-image-preview:large, max-video-preview:-1\" \/>\n<link rel=\"canonical\" href=\"https:\/\/headwear.com.pl\/it\/gpsr\/\" \/>\n<meta property=\"og:locale\" content=\"it_IT\" \/>\n<meta property=\"og:type\" content=\"article\" \/>\n<meta property=\"og:title\" content=\"GPSR - Headwear Professionals - Headwear Professionals\" \/>\n<meta property=\"og:description\" content=\"Headwear Professionals jako cz\u0119\u015b\u0107 Headwear Group jest zobowi\u0105zana do prowadzenia dzia\u0142alno\u015bci zgodnie z najwy\u017cszymi standardami etyki biznesowej i poszanowania praw cz\u0142owieka\" \/>\n<meta property=\"og:url\" content=\"https:\/\/headwear.com.pl\/it\/gpsr\/\" \/>\n<meta property=\"og:site_name\" content=\"Headwear Professionals\" \/>\n<meta property=\"article:publisher\" content=\"https:\/\/www.facebook.com\/HeadwearPolska\" \/>\n<meta name=\"twitter:card\" content=\"summary_large_image\" \/>\n<meta name=\"twitter:label1\" content=\"Tempo di lettura stimato\" \/>\n\t<meta name=\"twitter:data1\" content=\"2 minuti\" \/>\n<script type=\"application\/ld+json\" class=\"yoast-schema-graph\">{\"@context\":\"https:\/\/schema.org\",\"@graph\":[{\"@type\":\"WebPage\",\"@id\":\"https:\/\/headwear.com.pl\/gpsr\/\",\"url\":\"https:\/\/headwear.com.pl\/gpsr\/\",\"name\":\"GPSR - Headwear Professionals - Headwear Professionals\",\"isPartOf\":{\"@id\":\"https:\/\/headwear.com.pl\/fr\/#website\"},\"datePublished\":\"2024-12-16T12:28:37+00:00\",\"dateModified\":\"2024-12-16T12:28:37+00:00\",\"description\":\"Headwear Professionals jako cz\u0119\u015b\u0107 Headwear Group jest zobowi\u0105zana do prowadzenia dzia\u0142alno\u015bci zgodnie z najwy\u017cszymi standardami etyki biznesowej i poszanowania praw cz\u0142owieka\",\"breadcrumb\":{\"@id\":\"https:\/\/headwear.com.pl\/gpsr\/#breadcrumb\"},\"inLanguage\":\"it-IT\",\"potentialAction\":[{\"@type\":\"ReadAction\",\"target\":[\"https:\/\/headwear.com.pl\/gpsr\/\"]}]},{\"@type\":\"BreadcrumbList\",\"@id\":\"https:\/\/headwear.com.pl\/gpsr\/#breadcrumb\",\"itemListElement\":[{\"@type\":\"ListItem\",\"position\":1,\"name\":\"Strona g\u0142\u00f3wna\",\"item\":\"https:\/\/headwear.com.pl\/\"},{\"@type\":\"ListItem\",\"position\":2,\"name\":\"GPSR &#8211; Headwear Professionals\"}]},{\"@type\":\"WebSite\",\"@id\":\"https:\/\/headwear.com.pl\/fr\/#website\",\"url\":\"https:\/\/headwear.com.pl\/fr\/\",\"name\":\"Headwear Professionals\",\"description\":\"Produkcj\u0105 czapek reklamowych zajmujemy si\u0119 od 1974 roku. Pracujemy tylko z agencjami reklamowymi\",\"publisher\":{\"@id\":\"https:\/\/headwear.com.pl\/fr\/#organization\"},\"potentialAction\":[{\"@type\":\"SearchAction\",\"target\":{\"@type\":\"EntryPoint\",\"urlTemplate\":\"https:\/\/headwear.com.pl\/fr\/?s={search_term_string}\"},\"query-input\":\"required name=search_term_string\"}],\"inLanguage\":\"it-IT\"},{\"@type\":\"Organization\",\"@id\":\"https:\/\/headwear.com.pl\/fr\/#organization\",\"name\":\"Headwear Professionals\",\"url\":\"https:\/\/headwear.com.pl\/fr\/\",\"logo\":{\"@type\":\"ImageObject\",\"inLanguage\":\"it-IT\",\"@id\":\"https:\/\/headwear.com.pl\/fr\/#\/schema\/logo\/image\/\",\"url\":\"https:\/\/headwear.com.pl\/wp-content\/uploads\/2024\/05\/Headwear_COLOR_RGB_logo.jpg\",\"contentUrl\":\"https:\/\/headwear.com.pl\/wp-content\/uploads\/2024\/05\/Headwear_COLOR_RGB_logo.jpg\",\"width\":1786,\"height\":1263,\"caption\":\"Headwear Professionals\"},\"image\":{\"@id\":\"https:\/\/headwear.com.pl\/fr\/#\/schema\/logo\/image\/\"},\"sameAs\":[\"https:\/\/www.facebook.com\/HeadwearPolska\",\"https:\/\/www.linkedin.com\/company\/headwearpolska\"]}]}<\/script>\n<!-- \/ Yoast SEO plugin. -->","yoast_head_json":{"title":"GPSR - Headwear Professionals - Headwear Professionals","description":"Headwear Professionals jako cz\u0119\u015b\u0107 Headwear Group jest zobowi\u0105zana do prowadzenia dzia\u0142alno\u015bci zgodnie z najwy\u017cszymi standardami etyki biznesowej i poszanowania praw cz\u0142owieka","robots":{"index":"index","follow":"follow","max-snippet":"max-snippet:-1","max-image-preview":"max-image-preview:large","max-video-preview":"max-video-preview:-1"},"canonical":"https:\/\/headwear.com.pl\/it\/gpsr\/","og_locale":"it_IT","og_type":"article","og_title":"GPSR - Headwear Professionals - Headwear Professionals","og_description":"Headwear Professionals jako cz\u0119\u015b\u0107 Headwear Group jest zobowi\u0105zana do prowadzenia dzia\u0142alno\u015bci zgodnie z najwy\u017cszymi standardami etyki biznesowej i poszanowania praw cz\u0142owieka","og_url":"https:\/\/headwear.com.pl\/it\/gpsr\/","og_site_name":"Headwear Professionals","article_publisher":"https:\/\/www.facebook.com\/HeadwearPolska","twitter_card":"summary_large_image","twitter_misc":{"Tempo di lettura stimato":"2 minuti"},"schema":{"@context":"https:\/\/schema.org","@graph":[{"@type":"WebPage","@id":"https:\/\/headwear.com.pl\/gpsr\/","url":"https:\/\/headwear.com.pl\/gpsr\/","name":"GPSR - Headwear Professionals - Headwear Professionals","isPartOf":{"@id":"https:\/\/headwear.com.pl\/fr\/#website"},"datePublished":"2024-12-16T12:28:37+00:00","dateModified":"2024-12-16T12:28:37+00:00","description":"Headwear Professionals jako cz\u0119\u015b\u0107 Headwear Group jest zobowi\u0105zana do prowadzenia dzia\u0142alno\u015bci zgodnie z najwy\u017cszymi standardami etyki biznesowej i poszanowania praw cz\u0142owieka","breadcrumb":{"@id":"https:\/\/headwear.com.pl\/gpsr\/#breadcrumb"},"inLanguage":"it-IT","potentialAction":[{"@type":"ReadAction","target":["https:\/\/headwear.com.pl\/gpsr\/"]}]},{"@type":"BreadcrumbList","@id":"https:\/\/headwear.com.pl\/gpsr\/#breadcrumb","itemListElement":[{"@type":"ListItem","position":1,"name":"Strona g\u0142\u00f3wna","item":"https:\/\/headwear.com.pl\/"},{"@type":"ListItem","position":2,"name":"GPSR &#8211; Headwear Professionals"}]},{"@type":"WebSite","@id":"https:\/\/headwear.com.pl\/fr\/#website","url":"https:\/\/headwear.com.pl\/fr\/","name":"Headwear Professionals","description":"Produciamo tappi pubblicitari dal 1974. Lavoriamo solo con agenzie pubblicitarie","publisher":{"@id":"https:\/\/headwear.com.pl\/fr\/#organization"},"potentialAction":[{"@type":"SearchAction","target":{"@type":"EntryPoint","urlTemplate":"https:\/\/headwear.com.pl\/fr\/?s={search_term_string}"},"query-input":"required name=search_term_string"}],"inLanguage":"it-IT"},{"@type":"Organization","@id":"https:\/\/headwear.com.pl\/fr\/#organization","name":"Headwear Professionals","url":"https:\/\/headwear.com.pl\/fr\/","logo":{"@type":"ImageObject","inLanguage":"it-IT","@id":"https:\/\/headwear.com.pl\/fr\/#\/schema\/logo\/image\/","url":"https:\/\/headwear.com.pl\/wp-content\/uploads\/2024\/05\/Headwear_COLOR_RGB_logo.jpg","contentUrl":"https:\/\/headwear.com.pl\/wp-content\/uploads\/2024\/05\/Headwear_COLOR_RGB_logo.jpg","width":1786,"height":1263,"caption":"Headwear Professionals"},"image":{"@id":"https:\/\/headwear.com.pl\/fr\/#\/schema\/logo\/image\/"},"sameAs":["https:\/\/www.facebook.com\/HeadwearPolska","https:\/\/www.linkedin.com\/company\/headwearpolska"]}]}},"_links":{"self":[{"href":"https:\/\/headwear.com.pl\/it\/wp-json\/wp\/v2\/pages\/109351"}],"collection":[{"href":"https:\/\/headwear.com.pl\/it\/wp-json\/wp\/v2\/pages"}],"about":[{"href":"https:\/\/headwear.com.pl\/it\/wp-json\/wp\/v2\/types\/page"}],"author":[{"embeddable":true,"href":"https:\/\/headwear.com.pl\/it\/wp-json\/wp\/v2\/users\/1"}],"replies":[{"embeddable":true,"href":"https:\/\/headwear.com.pl\/it\/wp-json\/wp\/v2\/comments?post=109351"}],"version-history":[{"count":6,"href":"https:\/\/headwear.com.pl\/it\/wp-json\/wp\/v2\/pages\/109351\/revisions"}],"predecessor-version":[{"id":109358,"href":"https:\/\/headwear.com.pl\/it\/wp-json\/wp\/v2\/pages\/109351\/revisions\/109358"}],"wp:attachment":[{"href":"https:\/\/headwear.com.pl\/it\/wp-json\/wp\/v2\/media?parent=109351"}],"curies":[{"name":"wp","href":"https:\/\/api.w.org\/{rel}","templated":true}]}}