{"id":9311,"date":"2018-06-01T06:53:29","date_gmt":"2018-06-01T06:53:29","guid":{"rendered":"https:\/\/hongo.themezaa.com\/?page_id=9311"},"modified":"2022-04-22T19:42:34","modified_gmt":"2022-04-22T17:42:34","slug":"las","status":"publish","type":"page","link":"https:\/\/headwear.com.pl\/it\/las\/","title":{"rendered":"Pianta una foresta con noi"},"content":{"rendered":"<section data-vc-full-width=\"true\" data-vc-full-width-init=\"false\" data-vc-stretch-content=\"true\" class=\"vc_row wpb_row vc_row-fluid  vc_custom_1621943922345   wow fadeIn vc_row-has-fill hongo-stretch-content hongo-stretch-content-fluid\"><div class=\"wpb_column vc_column_container vc_col-sm-12 vc_col-md-offset-2 vc_col-md-8 vc_col-xs-12 text-center\"><div class=\"vc_column-inner vc_custom_1563363820859  hongo_responsive_1563363820867\"><div class=\"wpb_wrapper\"><div class=\"alt-font heading-style-6 vc_custom_1623659500802  hongo_responsive_1623659500803 heading-1 hongo-section-heading hongo_font_1623659500797\"><span>1 Il tuo ordine = 1 m\u00b2 di foresta per sempre<\/span><\/div><div class=\"alt-font heading-style-3 vc_custom_1623659326635  hongo_responsive_1623659326636 heading-2 hongo-section-heading hongo_font_1623659326635\">Prenditi cura insieme a noi del nostro pianeta e pianta con noi la \u201eForesta per sempre\u201d.\u201d<\/div><\/div><\/div><\/div><\/section><div class=\"vc_row-full-width vc_clearfix\"><\/div><section data-vc-full-width=\"true\" data-vc-full-width-init=\"false\" class=\"vc_row wpb_row vc_row-fluid  vc_custom_1573550780744   vc_row-has-fill hongo-stretch-content hongo-stretch-row-container vc_row-o-equal-height vc_row-o-content-bottom vc_row-flex  hongo_responsive_1573550780748\"><div class=\"wpb_column vc_column_container vc_col-has-fill vc_col-sm-12 vc_col-md-6 vc_col-xs-12 wow fadeIn\"><div class=\"vc_column-inner vc_custom_1572518482431  hongo_responsive_1572518482434\"><div class=\"wpb_wrapper\"><div class=\"wpb_single_image vc_align_center   hongo-full-width-single-image\">\n\t\t\t<figure class=\"wpb_wrapper vc_figure\">\n\t\t\t\t<div class=\"vc_single_image-wrapper vc_box_shadow_border_circle\"><img loading=\"lazy\" decoding=\"async\" class=\"vc_single_image-img\" src=\"https:\/\/headwear.com.pl\/wp-content\/uploads\/2021\/05\/in-the-forest-1-699x699.jpg\" width=\"699\" height=\"699\" alt=\"in-the-forest-1\" title=\"in-the-forest-1\" \/><\/div>\n\t\t\t<\/figure>\n\t\t\t\n\t\t<\/div><\/div><\/div><\/div><div class=\"wpb_column vc_column_container vc_col-sm-12 vc_col-md-6 vc_col-xs-12 wow fadeIn sm-text-center xs-text-center\" data-wow-delay= \"200ms\"><div class=\"vc_column-inner vc_custom_1572518511439  hongo_responsive_1572518511444\"><div class=\"wpb_wrapper\"><div class=\"alt-font heading-style-3 vc_custom_1623659730815  hongo_responsive_1623659730816 heading-3 hongo-section-heading hongo_font_1623659730814\">Il 1\u00b0 giugno 2021 abbiamo avviato una collaborazione con la Fondazione Las Na Zawsze.<\/div><div class=\"alt-font heading-style-1 vc_custom_1623659750322  hongo_responsive_1623659750323 heading-4 hongo-section-heading hongo_font_1623659750321\">Per ogni ordine effettuato su Headwear Professionals, insieme alla Fondazione pianteremo 1 m\u00b2 di foresta.<\/div><div class=\"text-block-content hongo-text-block-1 vc_custom_1623659784589 last-paragraph-no-margin  hongo_responsive_1623659784590\"><p>La Fondazione Las Na Zawsze pianta foreste biodiversificate destinate a crescere in perpetuo. Queste foreste cresceranno solo su terreni che rimarranno per sempre aree boschive. Si tratta solitamente di terreni incolti lontani da edifici e campi, ma situati nelle immediate vicinanze di altre foreste. Maggiori informazioni sulla Fondazione Las Na Zawsze sono disponibili all'indirizzo\u00a0<a href=\"https:\/\/www.lasnazawsze.org.pl\/\" target=\"_blank\" rel=\"noopener\">QUI<\/a><\/p>\n<\/div><div class=\"counter-style2 counter-style counter-style2-1\"><i class=\"link-icon fas fa-tree icon-extra-medium\"><\/i><div class=\"feature-content\"><h6 data-postfix=\"\" data-to=\"3000\" data-speed=\"2000\" class=\"timer alt-font\">3000<\/h6><span class=\"counter-title alt-font\">metri quadrati di foresta piantati insieme ai nostri clienti (e in continua crescita)<\/span><\/div><\/div><\/div><\/div><\/div><\/section><div class=\"vc_row-full-width vc_clearfix\"><\/div><section class=\"vc_row wpb_row vc_row-fluid\"><div class=\"wpb_column vc_column_container col-xs-mobile-fullwidth vc_col-sm-12\"><div class=\"vc_column-inner\"><div class=\"wpb_wrapper\"><div class=\"vc_separator wpb_content_element vc_separator_align_center vc_sep_width_100 vc_sep_pos_align_center vc_sep_color_grey vc_separator-has-text\" ><span class=\"vc_sep_holder vc_sep_holder_l\"><span  class=\"vc_sep_line\"><\/span><\/span><h4>1 Il tuo ordine = 1 m\u00b2 di foresta per sempre<\/h4><span class=\"vc_sep_holder vc_sep_holder_r\"><span  class=\"vc_sep_line\"><\/span><\/span>\n<\/div><\/div><\/div><\/div><\/section><section class=\"vc_row wpb_row vc_row-fluid  vc_custom_1623662346244   wow fadeIn\"><div class=\"wpb_column vc_column_container col-xs-mobile-fullwidth vc_col-sm-12 vc_col-md-6\"><div class=\"vc_column-inner  hongo_responsive_1572518182201\"><div class=\"wpb_wrapper\"><h1 class=\"alt-font heading-style-3 vc_custom_1623660083574  hongo_responsive_1623660083576 heading-5 hongo-section-heading hongo_font_1623660083574\">I primi alberi saranno piantati gi\u00e0 nell'autunno di quest'anno!<\/h1><div class=\"text-block-content hongo-text-block-2 last-paragraph-no-margin\"><p class=\"no-margin-bottom\">I boschi vengono piantati due volte all'anno, perch\u00e9 questo \u00e8 il ritmo dettato dalla natura. Vengono piantati quando i processi vegetativi degli alberi sono rallentati e allo stesso tempo non c'\u00e8 gelo. I momenti giusti sono quindi\u00a0<strong>inizio primavera e fine autunno<\/strong>.<\/p>\n<\/div><\/div><\/div><\/div><div class=\"wpb_column vc_column_container col-xs-mobile-fullwidth vc_col-sm-12 vc_col-md-6\"><div class=\"vc_column-inner vc_custom_1572518191395  hongo_responsive_1572518191399\"><div class=\"wpb_wrapper\"><div class=\"text-block-content hongo-text-block-3 last-paragraph-no-margin\"><p class=\"no-margin-bottom\">Si piantano alberelli piccoli, perch\u00e9 sono quelli che attecchiscono meglio. Le piantine pi\u00f9 grandi dovrebbero essere annaffiate per tutta l'estate e fissate singolarmente con dei paletti (per evitare che vengano spostate dal vento). Durante i primi anni, le piantine sviluppano intensamente il loro apparato radicale nel terreno. In questo processo, la natura seleziona quelle che sono pi\u00f9 adatte all'ambiente circostante e che avranno la possibilit\u00e0 di svilupparsi per colonizzare il resto dell'area libera.<\/p>\n<\/div><\/div><\/div><\/div><\/section><section class=\"vc_row wpb_row vc_row-fluid  vc_custom_1623662309910\"><div class=\"wpb_column vc_column_container col-xs-mobile-fullwidth vc_col-sm-12 text-center md-text-center sm-text-center xs-text-center\"><div class=\"vc_column-inner\"><div class=\"wpb_wrapper\"><div class=\"alt-font heading-style-6 vc_custom_1623661250493  hongo_responsive_1623661250494 heading-6 hongo-section-heading hongo_font_1623661250492\"><span>Come funziona la Fondazione Las Na Zawsze?<\/span><\/div><\/div><\/div><\/div><\/section><section class=\"vc_row wpb_row vc_row-fluid  vc_custom_1623662982981   vc_row-o-equal-height vc_row-flex\"><div class=\"wpb_column vc_column_container col-xs-mobile-fullwidth vc_col-sm-4 text-left md-text-left sm-text-left xs-text-left\"><div class=\"vc_column-inner\"><div class=\"wpb_wrapper\"><div class=\"hongo-featurebox-wrap hongo-product-featurebox fancy-text-box-style-1 equal_height_disable fancy_text_box1-1\"><div class=\"hongo-featurebox-wrapper\"><div class=\"hongo-featurebox-wrapper-main\"><span class=\"base-color alt-font\">1<\/span><div class=\"hongo-featurebox-inner-wrap\"><div class=\"hongo-featurebox-text alt-font\">LA FONDAZIONE PIANTA PER SEMPRE<\/div><\/div><\/div><div class=\"content\">Si tratta sempre di alcune specie di alberi e arbusti, selezionati in base alle condizioni locali e tenendo conto dei cambiamenti climatici.<\/div><\/div><\/div><\/div><\/div><\/div><div class=\"wpb_column vc_column_container col-xs-mobile-fullwidth vc_col-sm-4\"><div class=\"vc_column-inner\"><div class=\"wpb_wrapper\"><div class=\"hongo-featurebox-wrap hongo-product-featurebox fancy-text-box-style-1 equal_height_disable fancy_text_box1-2\"><div class=\"hongo-featurebox-wrapper\"><div class=\"hongo-featurebox-wrapper-main\"><span class=\"base-color alt-font\">2<\/span><div class=\"hongo-featurebox-inner-wrap\"><div class=\"hongo-featurebox-text alt-font\">LA FONDAZIONE PROTEGGE PER SEMPRE<\/div><\/div><\/div><div class=\"content\">Applichiamo diverse misure di sicurezza formali e finanziarie per impedire che la foresta venga abbattuta o che il terreno su cui cresce venga venduto.<\/div><\/div><\/div><\/div><\/div><\/div><div class=\"wpb_column vc_column_container col-xs-mobile-fullwidth vc_col-sm-4\"><div class=\"vc_column-inner\"><div class=\"wpb_wrapper\"><div class=\"hongo-featurebox-wrap hongo-product-featurebox fancy-text-box-style-1 equal_height_disable fancy_text_box1-3\"><div class=\"hongo-featurebox-wrapper\"><div class=\"hongo-featurebox-wrapper-main\"><span class=\"base-color alt-font\">3<\/span><div class=\"hongo-featurebox-inner-wrap\"><div class=\"hongo-featurebox-text alt-font\">LA FONDAZIONE AGISCE SEMPRE IN MODO TRASPARENTE<\/div><\/div><\/div><div class=\"content\">Separiamo i costi di piantumazione e amministrazione. Ogni contributo per la piantumazione in 100% \u00e8 destinato alla piantumazione.<\/div><\/div><\/div><\/div><\/div><\/div><\/section><section class=\"vc_row wpb_row vc_row-fluid  vc_custom_1623662966072\"><div class=\"wpb_column vc_column_container col-xs-mobile-fullwidth vc_col-sm-6 text-left md-text-left sm-text-left xs-text-left\"><div class=\"vc_column-inner\"><div class=\"wpb_wrapper\"><div class=\"alt-font heading-style-1 vc_custom_1623662810873  hongo_responsive_1623662810874 heading-7 hongo-section-heading hongo_font_1623662810873\">MISSIONE DELLA FONDAZIONE LAS NA ZAWSZE<\/div><div class=\"text-block-content hongo-text-block-4 last-paragraph-no-margin\"><p style=\"text-align: left;\">La missione della Fondazione \u00e8 il ripristino permanente e irreversibile dell'equilibrio biologico sulla Terra. Per raggiungere questo obiettivo vengono piantati boschi destinati a crescere per sempre.<\/p>\n<p style=\"text-align: left;\">Le foreste sono nostre alleate naturali. Piantarle \u00e8 il modo pi\u00f9 semplice per prevenire i cambiamenti climatici.<br \/>\nLe foreste trattengono l'acqua, che sta diventando sempre pi\u00f9 scarsa. Le foreste creano un microclima favorevole, ci danno tranquillit\u00e0 e buona energia.<br \/>\nGli alberi ci regalano frescura nelle giornate calde.<br \/>\nLe foreste costituiscono un rifugio naturale per moltissimi animali e piante.<\/p>\n<p style=\"text-align: left;\"><strong>Le foreste ci fanno semplicemente bene.<\/strong><\/p>\n<\/div><\/div><\/div><\/div><div class=\"wpb_column vc_column_container col-xs-mobile-fullwidth vc_col-sm-6\"><div class=\"vc_column-inner\"><div class=\"wpb_wrapper\">\n\t<div class=\"wpb_video_widget wpb_content_element vc_clearfix   vc_video-aspect-ratio-169 vc_video-el-width-100 vc_video-align-left\" >\n\t\t<div class=\"wpb_wrapper\">\n\t\t\t\n\t\t\t<div class=\"wpb_video_wrapper\"><iframe loading=\"lazy\" title=\"Scopri la Fondazione Las Na Zawsze\" width=\"500\" height=\"281\" src=\"https:\/\/www.youtube.com\/embed\/uzyghYAySGw?feature=oembed\" frameborder=\"0\" allow=\"accelerometer; autoplay; clipboard-write; encrypted-media; gyroscope; picture-in-picture; web-share\" referrerpolicy=\"strict-origin-when-cross-origin\" allowfullscreen><\/iframe><\/div>\n\t\t<\/div>\n\t<\/div>\n<\/div><\/div><\/div><\/section>","protected":false},"excerpt":{"rendered":"1 Twoje zam\u00f3wienie = 1 m kw. lasu na zawszeZadbaj razem z nami o nasz\u0105 wsp\u00f3ln\u0105 planet\u0119 i posad\u017a razem z nami \u201eLas na zawsze\u201d Z dniem 1 czerwca 2021 r. rozpocz\u0119li\u015bmy wsp\u00f3\u0142prac\u0119 z Fundacj\u0105 Las Na Zawsze.Za ka\u017cde zam\u00f3wienie z\u0142o\u017cone w Headwear Professionals posadzimy wsp\u00f3lnie z Fundacj\u0105 1 m kw. lasu.Fundacja Las Na Zawsze sadzi bior\u00f3\u017cnorodne lasy, kt\u00f3re maj\u0105 rosn\u0105\u0107 wiecznie. B\u0119d\u0105 rosn\u0105\u0107 tylko na gruntach, kt\u00f3re na zawsze maj\u0105 pozosta\u0107 obszarem le\u015bnym. S\u0105 to zwykle nieu\u017cytki oddalone od zabudowa\u0144 i p\u00f3l, ale zlokalizowane w bezpo\u015brednim s\u0105siedztwie innych las\u00f3w. Wi\u0119cej informacji o Fundacji Las Na Zawsze mo\u017cna znale\u017a\u0107\u00a0TUTAJ 3000metr\u00f3w kwadratowych lasu, posadzonego wsp\u00f3lnie z naszymi klientami (i ca\u0142y czas ro\u015bnie)1 Twoje zam\u00f3wienie = 1 m kw. lasu na zawsze Pierwsze drzewa posadzimy ju\u017c jesieni\u0105 tego roku!Lasy s\u0105 sadzone dwa razy do roku, bo taki rytm dyktuje natura. Sadzone s\u0105 wtedy, kiedy w drzewach procesy wegetacji s\u0105 spowolnione, a jednocze\u015bnie nie ma mrozu. Tymi w\u0142a\u015bciwymi momentami s\u0105 wi\u0119c\u00a0wczesna wiosna oraz p\u00f3\u017ana jesie\u0144. Sadzone s\u0105 ma\u0142e drzewka, bo takie najlepiej si\u0119 przyjmuj\u0105. Wi\u0119ksze sadzonki trzeba by podlewa\u0107 przez ca\u0142e lato i ka\u017cd\u0105 oddzielnie opalikowa\u0107 (aby nie rusza\u0142a si\u0119 na wietrze). Przez pierwsze lat sadzonki intensywnie rozwijaj\u0105 systemy korzeniowe w glebie. W...","protected":false},"author":1,"featured_media":106193,"parent":0,"menu_order":0,"comment_status":"closed","ping_status":"closed","template":"","meta":{"footnotes":""},"yoast_head":"<!-- This site is optimized with the Yoast SEO plugin v22.7 - https:\/\/yoast.com\/wordpress\/plugins\/seo\/ -->\n<title>Posad\u017a z nami LAS - Headwear Professionals<\/title>\n<meta name=\"description\" content=\"1 Twoje zam\u00f3wienie = 1 m kw. lasu na zawsze. Zadbaj razem z nami o nasz\u0105 wsp\u00f3ln\u0105 planet\u0119 i posad\u017a razem z nami \u201eLas na zawsze\u201d\" \/>\n<meta name=\"robots\" content=\"index, follow, max-snippet:-1, max-image-preview:large, max-video-preview:-1\" \/>\n<link rel=\"canonical\" href=\"https:\/\/headwear.com.pl\/it\/las\/\" \/>\n<meta property=\"og:locale\" content=\"it_IT\" \/>\n<meta property=\"og:type\" content=\"article\" \/>\n<meta property=\"og:title\" content=\"Posad\u017a z nami LAS - Headwear Professionals\" \/>\n<meta property=\"og:description\" content=\"1 Twoje zam\u00f3wienie = 1 m kw. lasu na zawsze. Zadbaj razem z nami o nasz\u0105 wsp\u00f3ln\u0105 planet\u0119 i posad\u017a razem z nami \u201eLas na zawsze\u201d\" \/>\n<meta property=\"og:url\" content=\"https:\/\/headwear.com.pl\/it\/las\/\" \/>\n<meta property=\"og:site_name\" content=\"Headwear Professionals\" \/>\n<meta property=\"article:publisher\" content=\"https:\/\/www.facebook.com\/HeadwearPolska\" \/>\n<meta property=\"article:modified_time\" content=\"2022-04-22T17:42:34+00:00\" \/>\n<meta property=\"og:image\" content=\"https:\/\/headwear.com.pl\/wp-content\/uploads\/2021\/06\/headwear-las-na-zawsze.jpg\" \/>\n\t<meta property=\"og:image:width\" content=\"1200\" \/>\n\t<meta property=\"og:image:height\" content=\"790\" \/>\n\t<meta property=\"og:image:type\" content=\"image\/jpeg\" \/>\n<meta name=\"twitter:card\" content=\"summary_large_image\" \/>\n<meta name=\"twitter:label1\" content=\"Tempo di lettura stimato\" \/>\n\t<meta name=\"twitter:data1\" content=\"3 minuti\" \/>\n<script type=\"application\/ld+json\" class=\"yoast-schema-graph\">{\"@context\":\"https:\/\/schema.org\",\"@graph\":[{\"@type\":\"WebPage\",\"@id\":\"https:\/\/headwear.com.pl\/las\/\",\"url\":\"https:\/\/headwear.com.pl\/las\/\",\"name\":\"Posad\u017a z nami LAS - Headwear Professionals\",\"isPartOf\":{\"@id\":\"https:\/\/headwear.com.pl\/fr\/#website\"},\"primaryImageOfPage\":{\"@id\":\"https:\/\/headwear.com.pl\/las\/#primaryimage\"},\"image\":{\"@id\":\"https:\/\/headwear.com.pl\/las\/#primaryimage\"},\"thumbnailUrl\":\"https:\/\/headwear.com.pl\/wp-content\/uploads\/2021\/06\/headwear-las-na-zawsze.jpg\",\"datePublished\":\"2018-06-01T06:53:29+00:00\",\"dateModified\":\"2022-04-22T17:42:34+00:00\",\"description\":\"1 Twoje zam\u00f3wienie = 1 m kw. lasu na zawsze. Zadbaj razem z nami o nasz\u0105 wsp\u00f3ln\u0105 planet\u0119 i posad\u017a razem z nami \u201eLas na zawsze\u201d\",\"breadcrumb\":{\"@id\":\"https:\/\/headwear.com.pl\/las\/#breadcrumb\"},\"inLanguage\":\"it-IT\",\"potentialAction\":[{\"@type\":\"ReadAction\",\"target\":[\"https:\/\/headwear.com.pl\/las\/\"]}]},{\"@type\":\"ImageObject\",\"inLanguage\":\"it-IT\",\"@id\":\"https:\/\/headwear.com.pl\/las\/#primaryimage\",\"url\":\"https:\/\/headwear.com.pl\/wp-content\/uploads\/2021\/06\/headwear-las-na-zawsze.jpg\",\"contentUrl\":\"https:\/\/headwear.com.pl\/wp-content\/uploads\/2021\/06\/headwear-las-na-zawsze.jpg\",\"width\":1200,\"height\":790,\"caption\":\"Las na zawsze\"},{\"@type\":\"BreadcrumbList\",\"@id\":\"https:\/\/headwear.com.pl\/las\/#breadcrumb\",\"itemListElement\":[{\"@type\":\"ListItem\",\"position\":1,\"name\":\"Strona g\u0142\u00f3wna\",\"item\":\"https:\/\/headwear.com.pl\/\"},{\"@type\":\"ListItem\",\"position\":2,\"name\":\"Posad\u017a z nami las\"}]},{\"@type\":\"WebSite\",\"@id\":\"https:\/\/headwear.com.pl\/fr\/#website\",\"url\":\"https:\/\/headwear.com.pl\/fr\/\",\"name\":\"Headwear Professionals\",\"description\":\"Produkcj\u0105 czapek reklamowych zajmujemy si\u0119 od 1974 roku. Pracujemy tylko z agencjami reklamowymi\",\"publisher\":{\"@id\":\"https:\/\/headwear.com.pl\/fr\/#organization\"},\"potentialAction\":[{\"@type\":\"SearchAction\",\"target\":{\"@type\":\"EntryPoint\",\"urlTemplate\":\"https:\/\/headwear.com.pl\/fr\/?s={search_term_string}\"},\"query-input\":\"required name=search_term_string\"}],\"inLanguage\":\"it-IT\"},{\"@type\":\"Organization\",\"@id\":\"https:\/\/headwear.com.pl\/fr\/#organization\",\"name\":\"Headwear Professionals\",\"url\":\"https:\/\/headwear.com.pl\/fr\/\",\"logo\":{\"@type\":\"ImageObject\",\"inLanguage\":\"it-IT\",\"@id\":\"https:\/\/headwear.com.pl\/fr\/#\/schema\/logo\/image\/\",\"url\":\"https:\/\/headwear.com.pl\/wp-content\/uploads\/2024\/05\/Headwear_COLOR_RGB_logo.jpg\",\"contentUrl\":\"https:\/\/headwear.com.pl\/wp-content\/uploads\/2024\/05\/Headwear_COLOR_RGB_logo.jpg\",\"width\":1786,\"height\":1263,\"caption\":\"Headwear Professionals\"},\"image\":{\"@id\":\"https:\/\/headwear.com.pl\/fr\/#\/schema\/logo\/image\/\"},\"sameAs\":[\"https:\/\/www.facebook.com\/HeadwearPolska\",\"https:\/\/www.linkedin.com\/company\/headwearpolska\"]}]}<\/script>\n<!-- \/ Yoast SEO plugin. -->","yoast_head_json":{"title":"Pianta una foresta con noi - Headwear Professionals","description":"1 Il tuo ordine = 1 m\u00b2 di foresta per sempre. Prenditi cura insieme a noi del nostro pianeta e pianta con noi una \u201eForesta per sempre\u201d.\u201d","robots":{"index":"index","follow":"follow","max-snippet":"max-snippet:-1","max-image-preview":"max-image-preview:large","max-video-preview":"max-video-preview:-1"},"canonical":"https:\/\/headwear.com.pl\/it\/las\/","og_locale":"it_IT","og_type":"article","og_title":"Posad\u017a z nami LAS - Headwear Professionals","og_description":"1 Twoje zam\u00f3wienie = 1 m kw. lasu na zawsze. Zadbaj razem z nami o nasz\u0105 wsp\u00f3ln\u0105 planet\u0119 i posad\u017a razem z nami \u201eLas na zawsze\u201d","og_url":"https:\/\/headwear.com.pl\/it\/las\/","og_site_name":"Headwear Professionals","article_publisher":"https:\/\/www.facebook.com\/HeadwearPolska","article_modified_time":"2022-04-22T17:42:34+00:00","og_image":[{"width":1200,"height":790,"url":"https:\/\/headwear.com.pl\/wp-content\/uploads\/2021\/06\/headwear-las-na-zawsze.jpg","type":"image\/jpeg"}],"twitter_card":"summary_large_image","twitter_misc":{"Tempo di lettura stimato":"3 minuti"},"schema":{"@context":"https:\/\/schema.org","@graph":[{"@type":"WebPage","@id":"https:\/\/headwear.com.pl\/las\/","url":"https:\/\/headwear.com.pl\/las\/","name":"Pianta una foresta con noi - Headwear Professionals","isPartOf":{"@id":"https:\/\/headwear.com.pl\/fr\/#website"},"primaryImageOfPage":{"@id":"https:\/\/headwear.com.pl\/las\/#primaryimage"},"image":{"@id":"https:\/\/headwear.com.pl\/las\/#primaryimage"},"thumbnailUrl":"https:\/\/headwear.com.pl\/wp-content\/uploads\/2021\/06\/headwear-las-na-zawsze.jpg","datePublished":"2018-06-01T06:53:29+00:00","dateModified":"2022-04-22T17:42:34+00:00","description":"1 Il tuo ordine = 1 m\u00b2 di foresta per sempre. Prenditi cura insieme a noi del nostro pianeta e pianta con noi una \u201eForesta per sempre\u201d.\u201d","breadcrumb":{"@id":"https:\/\/headwear.com.pl\/las\/#breadcrumb"},"inLanguage":"it-IT","potentialAction":[{"@type":"ReadAction","target":["https:\/\/headwear.com.pl\/las\/"]}]},{"@type":"ImageObject","inLanguage":"it-IT","@id":"https:\/\/headwear.com.pl\/las\/#primaryimage","url":"https:\/\/headwear.com.pl\/wp-content\/uploads\/2021\/06\/headwear-las-na-zawsze.jpg","contentUrl":"https:\/\/headwear.com.pl\/wp-content\/uploads\/2021\/06\/headwear-las-na-zawsze.jpg","width":1200,"height":790,"caption":"Las na zawsze"},{"@type":"BreadcrumbList","@id":"https:\/\/headwear.com.pl\/las\/#breadcrumb","itemListElement":[{"@type":"ListItem","position":1,"name":"Strona g\u0142\u00f3wna","item":"https:\/\/headwear.com.pl\/"},{"@type":"ListItem","position":2,"name":"Posad\u017a z nami las"}]},{"@type":"WebSite","@id":"https:\/\/headwear.com.pl\/fr\/#website","url":"https:\/\/headwear.com.pl\/fr\/","name":"Headwear Professionals","description":"Produciamo tappi pubblicitari dal 1974. Lavoriamo solo con agenzie pubblicitarie","publisher":{"@id":"https:\/\/headwear.com.pl\/fr\/#organization"},"potentialAction":[{"@type":"SearchAction","target":{"@type":"EntryPoint","urlTemplate":"https:\/\/headwear.com.pl\/fr\/?s={search_term_string}"},"query-input":"required name=search_term_string"}],"inLanguage":"it-IT"},{"@type":"Organization","@id":"https:\/\/headwear.com.pl\/fr\/#organization","name":"Headwear Professionals","url":"https:\/\/headwear.com.pl\/fr\/","logo":{"@type":"ImageObject","inLanguage":"it-IT","@id":"https:\/\/headwear.com.pl\/fr\/#\/schema\/logo\/image\/","url":"https:\/\/headwear.com.pl\/wp-content\/uploads\/2024\/05\/Headwear_COLOR_RGB_logo.jpg","contentUrl":"https:\/\/headwear.com.pl\/wp-content\/uploads\/2024\/05\/Headwear_COLOR_RGB_logo.jpg","width":1786,"height":1263,"caption":"Headwear Professionals"},"image":{"@id":"https:\/\/headwear.com.pl\/fr\/#\/schema\/logo\/image\/"},"sameAs":["https:\/\/www.facebook.com\/HeadwearPolska","https:\/\/www.linkedin.com\/company\/headwearpolska"]}]}},"_links":{"self":[{"href":"https:\/\/headwear.com.pl\/it\/wp-json\/wp\/v2\/pages\/9311"}],"collection":[{"href":"https:\/\/headwear.com.pl\/it\/wp-json\/wp\/v2\/pages"}],"about":[{"href":"https:\/\/headwear.com.pl\/it\/wp-json\/wp\/v2\/types\/page"}],"author":[{"embeddable":true,"href":"https:\/\/headwear.com.pl\/it\/wp-json\/wp\/v2\/users\/1"}],"replies":[{"embeddable":true,"href":"https:\/\/headwear.com.pl\/it\/wp-json\/wp\/v2\/comments?post=9311"}],"version-history":[{"count":5,"href":"https:\/\/headwear.com.pl\/it\/wp-json\/wp\/v2\/pages\/9311\/revisions"}],"predecessor-version":[{"id":107506,"href":"https:\/\/headwear.com.pl\/it\/wp-json\/wp\/v2\/pages\/9311\/revisions\/107506"}],"wp:featuredmedia":[{"embeddable":true,"href":"https:\/\/headwear.com.pl\/it\/wp-json\/wp\/v2\/media\/106193"}],"wp:attachment":[{"href":"https:\/\/headwear.com.pl\/it\/wp-json\/wp\/v2\/media?parent=9311"}],"curies":[{"name":"wp","href":"https:\/\/api.w.org\/{rel}","templated":true}]}}