{"id":9327,"date":"2018-05-01T06:57:47","date_gmt":"2018-05-01T06:57:47","guid":{"rendered":"https:\/\/hongo.themezaa.com\/?page_id=9327"},"modified":"2025-10-01T08:35:07","modified_gmt":"2025-10-01T06:35:07","slug":"targi","status":"publish","type":"page","link":"https:\/\/headwear.com.pl\/it\/targi\/","title":{"rendered":"Fiere commerciali"},"content":{"rendered":"<section class=\"vc_row wpb_row vc_row-fluid  vc_custom_1634217886856    hongo_responsive_1634217886862\"><div class=\"wpb_column vc_column_container col-xs-mobile-fullwidth vc_col-sm-12 wow fadeIn text-center md-text-center sm-text-center xs-text-center\" data-wow-duration= \"1200ms\"><div class=\"vc_column-inner\"><div class=\"wpb_wrapper\"><div class=\"alt-font heading-style-6 heading-1 hongo-section-heading hongo_font_1686551143443\"><span>Di seguito presentiamo un elenco delle fiere a cui parteciperemo nel prossimo futuro. <br \/> Vi invitiamo a contattarci e a visitare la fiera.<\/span><\/div><div class=\"vc_separator wpb_content_element vc_separator_align_center vc_sep_width_100 vc_sep_pos_align_center vc_separator_no_text vc_sep_color_grey\" ><span class=\"vc_sep_holder vc_sep_holder_l\"><span  class=\"vc_sep_line\"><\/span><\/span><span class=\"vc_sep_holder vc_sep_holder_r\"><span  class=\"vc_sep_line\"><\/span><\/span>\n<\/div><div class=\"wpb_single_image    hongo-full-width-single-image\">\n\t\t\t<figure class=\"wpb_wrapper vc_figure\">\n\t\t\t\t<div class=\"vc_single_image-wrapper\"><img loading=\"lazy\" decoding=\"async\" width=\"1129\" height=\"360\" src=\"https:\/\/headwear.com.pl\/wp-content\/uploads\/2025\/10\/targi1.jpg\" class=\"vc_single_image-img attachment-full\" alt=\"\" srcset=\"https:\/\/headwear.com.pl\/wp-content\/uploads\/2025\/10\/targi1.jpg 1129w, https:\/\/headwear.com.pl\/wp-content\/uploads\/2025\/10\/targi1-300x96.jpg 300w, https:\/\/headwear.com.pl\/wp-content\/uploads\/2025\/10\/targi1-1024x327.jpg 1024w, https:\/\/headwear.com.pl\/wp-content\/uploads\/2025\/10\/targi1-768x245.jpg 768w, https:\/\/headwear.com.pl\/wp-content\/uploads\/2025\/10\/targi1-18x6.jpg 18w, https:\/\/headwear.com.pl\/wp-content\/uploads\/2025\/10\/targi1-84x27.jpg 84w, https:\/\/headwear.com.pl\/wp-content\/uploads\/2025\/10\/targi1-200x64.jpg 200w, https:\/\/headwear.com.pl\/wp-content\/uploads\/2025\/10\/targi1-450x143.jpg 450w, https:\/\/headwear.com.pl\/wp-content\/uploads\/2025\/10\/targi1-360x115.jpg 360w, https:\/\/headwear.com.pl\/wp-content\/uploads\/2025\/10\/targi1-800x255.jpg 800w\" sizes=\"(max-width: 1129px) 100vw, 1129px\" \/><\/div>\n\t\t\t<\/figure>\n\t\t\t\n\t\t<\/div><\/div><\/div><\/div><\/section><section class=\"vc_row wpb_row vc_row-fluid  vc_custom_1634216667999    hongo_responsive_1634216668007\"><div class=\"wpb_column vc_column_container col-xs-mobile-fullwidth vc_col-sm-12 wow fadeIn\" data-wow-duration= \"1200ms\"><div class=\"vc_column-inner\"><div class=\"wpb_wrapper\"><div class=\"vc_separator wpb_content_element vc_separator_align_center vc_sep_width_100 vc_sep_pos_align_center vc_sep_color_grey vc_separator-has-text\" ><span class=\"vc_sep_holder vc_sep_holder_l\"><span  class=\"vc_sep_line\"><\/span><\/span><h4>Ti piacerebbe incontrarci alla fiera? Contattaci!<\/h4><span class=\"vc_sep_holder vc_sep_holder_r\"><span  class=\"vc_sep_line\"><\/span><\/span>\n<\/div><\/div><\/div><\/div><\/section><section class=\"vc_row wpb_row vc_row-fluid  vc_custom_1634216667999    hongo_responsive_1634216668007\"><div class=\"wpb_column vc_column_container col-xs-mobile-fullwidth vc_col-sm-12 wow fadeIn\" data-wow-duration= \"1200ms\"><div class=\"vc_column-inner\"><div class=\"wpb_wrapper\">\n<div class=\"wpcf7 no-js\" id=\"wpcf7-f9658-o1\" lang=\"en-US\" dir=\"ltr\">\n<div class=\"screen-reader-response\"><p role=\"status\" aria-live=\"polite\" aria-atomic=\"true\"><\/p> <ul><\/ul><\/div>\n<form action=\"\/it\/wp-json\/wp\/v2\/pages\/9327#wpcf7-f9658-o1\" method=\"post\" class=\"wpcf7-form init\" aria-label=\"Contact form\" novalidate=\"novalidate\" data-status=\"init\" data-trp-original-action=\"\/it\/wp-json\/wp\/v2\/pages\/9327#wpcf7-f9658-o1\">\n<div style=\"display: none;\">\n<input type=\"hidden\" name=\"_wpcf7\" value=\"9658\" \/>\n<input type=\"hidden\" name=\"_wpcf7_version\" value=\"5.9.5\" \/>\n<input type=\"hidden\" name=\"_wpcf7_locale\" value=\"en_US\" \/>\n<input type=\"hidden\" name=\"_wpcf7_unit_tag\" value=\"wpcf7-f9658-o1\" \/>\n<input type=\"hidden\" name=\"_wpcf7_container_post\" value=\"0\" \/>\n<input type=\"hidden\" name=\"_wpcf7_posted_data_hash\" value=\"\" \/>\n<input type=\"hidden\" name=\"_wpcf7_recaptcha_response\" value=\"\" \/>\n<\/div>\n<div class=\"hongo-contact-form-style-1\">\n\t<p><span class=\"wpcf7-form-control-wrap\" data-name=\"contact-name\"><input size=\"40\" class=\"wpcf7-form-control wpcf7-text wpcf7-validates-as-required\" aria-required=\"true\" aria-invalid=\"false\" placeholder=\"Nome\" value=\"\" type=\"text\" name=\"contact-name\" \/><\/span><br \/>\n<span class=\"wpcf7-form-control-wrap\" data-name=\"contact-email\"><input size=\"40\" class=\"wpcf7-form-control wpcf7-email wpcf7-validates-as-required wpcf7-text wpcf7-validates-as-email\" aria-required=\"true\" aria-invalid=\"false\" placeholder=\"E-mail*\" value=\"\" type=\"email\" name=\"contact-email\" \/><\/span><br \/>\n<span class=\"wpcf7-form-control-wrap\" data-name=\"contact-subject\"><input size=\"40\" class=\"wpcf7-form-control wpcf7-text\" aria-invalid=\"false\" placeholder=\"Argomento\" value=\"\" type=\"text\" name=\"contact-subject\" \/><\/span><br \/>\n<span class=\"wpcf7-form-control-wrap\" data-name=\"contact-message\"><textarea cols=\"40\" rows=\"3\" class=\"wpcf7-form-control wpcf7-textarea\" aria-invalid=\"false\" placeholder=\"Il tuo messaggio\" name=\"contact-message\"><\/textarea><\/span><br \/>\n<input class=\"wpcf7-form-control wpcf7-submit has-spinner btn btn-small alt-font\" type=\"submit\" value=\"Invia\" \/>\n\t<\/p>\n<\/div><div class=\"wpcf7-response-output\" aria-hidden=\"true\"><\/div>\n<input type=\"hidden\" name=\"trp-form-language\" value=\"it\"\/><\/form>\n<\/div>\n<\/div><\/div><\/div><\/section><section class=\"vc_row wpb_row vc_row-fluid\"><div class=\"wpb_column vc_column_container col-xs-mobile-fullwidth vc_col-sm-3\"><div class=\"vc_column-inner\"><div class=\"wpb_wrapper\"><div class=\"wpb_single_image    hongo-full-width-single-image\">\n\t\t\t<figure class=\"wpb_wrapper vc_figure\">\n\t\t\t\t<div class=\"vc_single_image-wrapper vc_box_shadow_3d\"><img loading=\"lazy\" decoding=\"async\" width=\"1024\" height=\"683\" src=\"https:\/\/headwear.com.pl\/wp-content\/uploads\/2021\/10\/Headwear-7-1-1024x683.jpg\" class=\"vc_single_image-img attachment-large\" alt=\"\" srcset=\"https:\/\/headwear.com.pl\/wp-content\/uploads\/2021\/10\/Headwear-7-1-1024x683.jpg 1024w, https:\/\/headwear.com.pl\/wp-content\/uploads\/2021\/10\/Headwear-7-1-300x200.jpg 300w, https:\/\/headwear.com.pl\/wp-content\/uploads\/2021\/10\/Headwear-7-1-768x512.jpg 768w, https:\/\/headwear.com.pl\/wp-content\/uploads\/2021\/10\/Headwear-7-1-1536x1024.jpg 1536w, https:\/\/headwear.com.pl\/wp-content\/uploads\/2021\/10\/Headwear-7-1-18x12.jpg 18w, https:\/\/headwear.com.pl\/wp-content\/uploads\/2021\/10\/Headwear-7-1-84x56.jpg 84w, https:\/\/headwear.com.pl\/wp-content\/uploads\/2021\/10\/Headwear-7-1-200x133.jpg 200w, https:\/\/headwear.com.pl\/wp-content\/uploads\/2021\/10\/Headwear-7-1-450x300.jpg 450w, https:\/\/headwear.com.pl\/wp-content\/uploads\/2021\/10\/Headwear-7-1-1185x790.jpg 1185w, https:\/\/headwear.com.pl\/wp-content\/uploads\/2021\/10\/Headwear-7-1-1320x880.jpg 1320w, https:\/\/headwear.com.pl\/wp-content\/uploads\/2021\/10\/Headwear-7-1-360x240.jpg 360w, https:\/\/headwear.com.pl\/wp-content\/uploads\/2021\/10\/Headwear-7-1-800x534.jpg 800w, https:\/\/headwear.com.pl\/wp-content\/uploads\/2021\/10\/Headwear-7-1.jpg 1600w\" sizes=\"(max-width: 1024px) 100vw, 1024px\" \/><\/div>\n\t\t\t<\/figure>\n\t\t\t\n\t\t<\/div><\/div><\/div><\/div><div class=\"wpb_column vc_column_container col-xs-mobile-fullwidth vc_col-sm-3\"><div class=\"vc_column-inner\"><div class=\"wpb_wrapper\"><div class=\"wpb_single_image    hongo-full-width-single-image\">\n\t\t\t<figure class=\"wpb_wrapper vc_figure\">\n\t\t\t\t<div class=\"vc_single_image-wrapper vc_box_shadow_3d\"><img loading=\"lazy\" decoding=\"async\" width=\"1024\" height=\"683\" src=\"https:\/\/headwear.com.pl\/wp-content\/uploads\/2021\/10\/Headwear-2-1-1024x683.jpg\" class=\"vc_single_image-img attachment-large\" alt=\"\" srcset=\"https:\/\/headwear.com.pl\/wp-content\/uploads\/2021\/10\/Headwear-2-1-1024x683.jpg 1024w, https:\/\/headwear.com.pl\/wp-content\/uploads\/2021\/10\/Headwear-2-1-300x200.jpg 300w, https:\/\/headwear.com.pl\/wp-content\/uploads\/2021\/10\/Headwear-2-1-768x512.jpg 768w, https:\/\/headwear.com.pl\/wp-content\/uploads\/2021\/10\/Headwear-2-1-1536x1024.jpg 1536w, https:\/\/headwear.com.pl\/wp-content\/uploads\/2021\/10\/Headwear-2-1-18x12.jpg 18w, https:\/\/headwear.com.pl\/wp-content\/uploads\/2021\/10\/Headwear-2-1-84x56.jpg 84w, https:\/\/headwear.com.pl\/wp-content\/uploads\/2021\/10\/Headwear-2-1-200x133.jpg 200w, https:\/\/headwear.com.pl\/wp-content\/uploads\/2021\/10\/Headwear-2-1-450x300.jpg 450w, https:\/\/headwear.com.pl\/wp-content\/uploads\/2021\/10\/Headwear-2-1-1185x790.jpg 1185w, https:\/\/headwear.com.pl\/wp-content\/uploads\/2021\/10\/Headwear-2-1-1320x880.jpg 1320w, https:\/\/headwear.com.pl\/wp-content\/uploads\/2021\/10\/Headwear-2-1-360x240.jpg 360w, https:\/\/headwear.com.pl\/wp-content\/uploads\/2021\/10\/Headwear-2-1-800x534.jpg 800w, https:\/\/headwear.com.pl\/wp-content\/uploads\/2021\/10\/Headwear-2-1.jpg 1600w\" sizes=\"(max-width: 1024px) 100vw, 1024px\" \/><\/div>\n\t\t\t<\/figure>\n\t\t\t\n\t\t<\/div><\/div><\/div><\/div><div class=\"wpb_column vc_column_container col-xs-mobile-fullwidth vc_col-sm-3\"><div class=\"vc_column-inner\"><div class=\"wpb_wrapper\"><div class=\"wpb_single_image    hongo-full-width-single-image\">\n\t\t\t<figure class=\"wpb_wrapper vc_figure\">\n\t\t\t\t<div class=\"vc_single_image-wrapper vc_box_shadow_3d\"><img loading=\"lazy\" decoding=\"async\" width=\"1024\" height=\"683\" src=\"https:\/\/headwear.com.pl\/wp-content\/uploads\/2021\/10\/Headwear-17-1-1024x683.jpg\" class=\"vc_single_image-img attachment-large\" alt=\"\" srcset=\"https:\/\/headwear.com.pl\/wp-content\/uploads\/2021\/10\/Headwear-17-1-1024x683.jpg 1024w, https:\/\/headwear.com.pl\/wp-content\/uploads\/2021\/10\/Headwear-17-1-300x200.jpg 300w, https:\/\/headwear.com.pl\/wp-content\/uploads\/2021\/10\/Headwear-17-1-768x512.jpg 768w, https:\/\/headwear.com.pl\/wp-content\/uploads\/2021\/10\/Headwear-17-1-1536x1024.jpg 1536w, https:\/\/headwear.com.pl\/wp-content\/uploads\/2021\/10\/Headwear-17-1-18x12.jpg 18w, https:\/\/headwear.com.pl\/wp-content\/uploads\/2021\/10\/Headwear-17-1-84x56.jpg 84w, https:\/\/headwear.com.pl\/wp-content\/uploads\/2021\/10\/Headwear-17-1-200x133.jpg 200w, https:\/\/headwear.com.pl\/wp-content\/uploads\/2021\/10\/Headwear-17-1-450x300.jpg 450w, https:\/\/headwear.com.pl\/wp-content\/uploads\/2021\/10\/Headwear-17-1-1185x790.jpg 1185w, https:\/\/headwear.com.pl\/wp-content\/uploads\/2021\/10\/Headwear-17-1-1320x880.jpg 1320w, https:\/\/headwear.com.pl\/wp-content\/uploads\/2021\/10\/Headwear-17-1-360x240.jpg 360w, https:\/\/headwear.com.pl\/wp-content\/uploads\/2021\/10\/Headwear-17-1-800x534.jpg 800w, https:\/\/headwear.com.pl\/wp-content\/uploads\/2021\/10\/Headwear-17-1.jpg 1600w\" sizes=\"(max-width: 1024px) 100vw, 1024px\" \/><\/div>\n\t\t\t<\/figure>\n\t\t\t\n\t\t<\/div><\/div><\/div><\/div><div class=\"wpb_column vc_column_container col-xs-mobile-fullwidth vc_col-sm-3\"><div class=\"vc_column-inner\"><div class=\"wpb_wrapper\"><div class=\"wpb_single_image    hongo-full-width-single-image\">\n\t\t\t<figure class=\"wpb_wrapper vc_figure\">\n\t\t\t\t<div class=\"vc_single_image-wrapper vc_box_shadow_3d\"><img loading=\"lazy\" decoding=\"async\" width=\"1024\" height=\"683\" src=\"https:\/\/headwear.com.pl\/wp-content\/uploads\/2021\/10\/Headwear-5-1-1024x683.jpg\" class=\"vc_single_image-img attachment-large\" alt=\"\" srcset=\"https:\/\/headwear.com.pl\/wp-content\/uploads\/2021\/10\/Headwear-5-1-1024x683.jpg 1024w, https:\/\/headwear.com.pl\/wp-content\/uploads\/2021\/10\/Headwear-5-1-300x200.jpg 300w, https:\/\/headwear.com.pl\/wp-content\/uploads\/2021\/10\/Headwear-5-1-768x512.jpg 768w, https:\/\/headwear.com.pl\/wp-content\/uploads\/2021\/10\/Headwear-5-1-1536x1024.jpg 1536w, https:\/\/headwear.com.pl\/wp-content\/uploads\/2021\/10\/Headwear-5-1-18x12.jpg 18w, https:\/\/headwear.com.pl\/wp-content\/uploads\/2021\/10\/Headwear-5-1-84x56.jpg 84w, https:\/\/headwear.com.pl\/wp-content\/uploads\/2021\/10\/Headwear-5-1-200x133.jpg 200w, https:\/\/headwear.com.pl\/wp-content\/uploads\/2021\/10\/Headwear-5-1-450x300.jpg 450w, https:\/\/headwear.com.pl\/wp-content\/uploads\/2021\/10\/Headwear-5-1-1185x790.jpg 1185w, https:\/\/headwear.com.pl\/wp-content\/uploads\/2021\/10\/Headwear-5-1-1320x880.jpg 1320w, https:\/\/headwear.com.pl\/wp-content\/uploads\/2021\/10\/Headwear-5-1-360x240.jpg 360w, https:\/\/headwear.com.pl\/wp-content\/uploads\/2021\/10\/Headwear-5-1-800x534.jpg 800w, https:\/\/headwear.com.pl\/wp-content\/uploads\/2021\/10\/Headwear-5-1.jpg 1600w\" sizes=\"(max-width: 1024px) 100vw, 1024px\" \/><\/div>\n\t\t\t<\/figure>\n\t\t\t\n\t\t<\/div><\/div><\/div><\/div><\/section>","protected":false},"excerpt":{"rendered":"Poni\u017cej prezentujemy list\u0119 imprez targowych, na kt\u00f3rych b\u0119dziemy obecni w najbli\u017cszym czasie. Zapraszamy do kontaktu i wizyty na targach. Chcesz si\u0119 z nami spotka\u0107 na targach? Zapraszamy do kontaktu!","protected":false},"author":1,"featured_media":0,"parent":0,"menu_order":0,"comment_status":"closed","ping_status":"closed","template":"","meta":{"footnotes":""},"yoast_head":"<!-- This site is optimized with the Yoast SEO plugin v22.7 - https:\/\/yoast.com\/wordpress\/plugins\/seo\/ -->\n<title>Targi - Headwear Professionals<\/title>\n<meta name=\"description\" content=\"Lista targ\u00f3w w kraju i zagranic\u0105, na kt\u00f3rych b\u0119dziemy obecni. Zapraszamy do odwiedzania naszych stoisko na PSI, CTCO czy PSP\" \/>\n<meta name=\"robots\" content=\"index, follow, max-snippet:-1, max-image-preview:large, max-video-preview:-1\" \/>\n<link rel=\"canonical\" href=\"https:\/\/headwear.com.pl\/it\/targi\/\" \/>\n<meta property=\"og:locale\" content=\"it_IT\" \/>\n<meta property=\"og:type\" content=\"article\" \/>\n<meta property=\"og:title\" content=\"Targi - Headwear Professionals\" \/>\n<meta property=\"og:description\" content=\"Lista targ\u00f3w w kraju i zagranic\u0105, na kt\u00f3rych b\u0119dziemy obecni. Zapraszamy do odwiedzania naszych stoisko na PSI, CTCO czy PSP\" \/>\n<meta property=\"og:url\" content=\"https:\/\/headwear.com.pl\/it\/targi\/\" \/>\n<meta property=\"og:site_name\" content=\"Headwear Professionals\" \/>\n<meta property=\"article:publisher\" content=\"https:\/\/www.facebook.com\/HeadwearPolska\" \/>\n<meta property=\"article:modified_time\" content=\"2025-10-01T06:35:07+00:00\" \/>\n<meta name=\"twitter:card\" content=\"summary_large_image\" \/>\n<meta name=\"twitter:label1\" content=\"Tempo di lettura stimato\" \/>\n\t<meta name=\"twitter:data1\" content=\"2 minuti\" \/>\n<script type=\"application\/ld+json\" class=\"yoast-schema-graph\">{\"@context\":\"https:\/\/schema.org\",\"@graph\":[{\"@type\":\"WebPage\",\"@id\":\"https:\/\/headwear.com.pl\/targi\/\",\"url\":\"https:\/\/headwear.com.pl\/targi\/\",\"name\":\"Targi - Headwear Professionals\",\"isPartOf\":{\"@id\":\"https:\/\/headwear.com.pl\/fr\/#website\"},\"datePublished\":\"2018-05-01T06:57:47+00:00\",\"dateModified\":\"2025-10-01T06:35:07+00:00\",\"description\":\"Lista targ\u00f3w w kraju i zagranic\u0105, na kt\u00f3rych b\u0119dziemy obecni. Zapraszamy do odwiedzania naszych stoisko na PSI, CTCO czy PSP\",\"breadcrumb\":{\"@id\":\"https:\/\/headwear.com.pl\/targi\/#breadcrumb\"},\"inLanguage\":\"it-IT\",\"potentialAction\":[{\"@type\":\"ReadAction\",\"target\":[\"https:\/\/headwear.com.pl\/targi\/\"]}]},{\"@type\":\"BreadcrumbList\",\"@id\":\"https:\/\/headwear.com.pl\/targi\/#breadcrumb\",\"itemListElement\":[{\"@type\":\"ListItem\",\"position\":1,\"name\":\"Strona g\u0142\u00f3wna\",\"item\":\"https:\/\/headwear.com.pl\/\"},{\"@type\":\"ListItem\",\"position\":2,\"name\":\"Targi\"}]},{\"@type\":\"WebSite\",\"@id\":\"https:\/\/headwear.com.pl\/fr\/#website\",\"url\":\"https:\/\/headwear.com.pl\/fr\/\",\"name\":\"Headwear Professionals\",\"description\":\"Produkcj\u0105 czapek reklamowych zajmujemy si\u0119 od 1974 roku. Pracujemy tylko z agencjami reklamowymi\",\"publisher\":{\"@id\":\"https:\/\/headwear.com.pl\/fr\/#organization\"},\"potentialAction\":[{\"@type\":\"SearchAction\",\"target\":{\"@type\":\"EntryPoint\",\"urlTemplate\":\"https:\/\/headwear.com.pl\/fr\/?s={search_term_string}\"},\"query-input\":\"required name=search_term_string\"}],\"inLanguage\":\"it-IT\"},{\"@type\":\"Organization\",\"@id\":\"https:\/\/headwear.com.pl\/fr\/#organization\",\"name\":\"Headwear Professionals\",\"url\":\"https:\/\/headwear.com.pl\/fr\/\",\"logo\":{\"@type\":\"ImageObject\",\"inLanguage\":\"it-IT\",\"@id\":\"https:\/\/headwear.com.pl\/fr\/#\/schema\/logo\/image\/\",\"url\":\"https:\/\/headwear.com.pl\/wp-content\/uploads\/2024\/05\/Headwear_COLOR_RGB_logo.jpg\",\"contentUrl\":\"https:\/\/headwear.com.pl\/wp-content\/uploads\/2024\/05\/Headwear_COLOR_RGB_logo.jpg\",\"width\":1786,\"height\":1263,\"caption\":\"Headwear Professionals\"},\"image\":{\"@id\":\"https:\/\/headwear.com.pl\/fr\/#\/schema\/logo\/image\/\"},\"sameAs\":[\"https:\/\/www.facebook.com\/HeadwearPolska\",\"https:\/\/www.linkedin.com\/company\/headwearpolska\"]}]}<\/script>\n<!-- \/ Yoast SEO plugin. -->","yoast_head_json":{"title":"Targi - Headwear Professionals","description":"Lista targ\u00f3w w kraju i zagranic\u0105, na kt\u00f3rych b\u0119dziemy obecni. Zapraszamy do odwiedzania naszych stoisko na PSI, CTCO czy PSP","robots":{"index":"index","follow":"follow","max-snippet":"max-snippet:-1","max-image-preview":"max-image-preview:large","max-video-preview":"max-video-preview:-1"},"canonical":"https:\/\/headwear.com.pl\/it\/targi\/","og_locale":"it_IT","og_type":"article","og_title":"Targi - Headwear Professionals","og_description":"Lista targ\u00f3w w kraju i zagranic\u0105, na kt\u00f3rych b\u0119dziemy obecni. Zapraszamy do odwiedzania naszych stoisko na PSI, CTCO czy PSP","og_url":"https:\/\/headwear.com.pl\/it\/targi\/","og_site_name":"Headwear Professionals","article_publisher":"https:\/\/www.facebook.com\/HeadwearPolska","article_modified_time":"2025-10-01T06:35:07+00:00","twitter_card":"summary_large_image","twitter_misc":{"Tempo di lettura stimato":"2 minuti"},"schema":{"@context":"https:\/\/schema.org","@graph":[{"@type":"WebPage","@id":"https:\/\/headwear.com.pl\/targi\/","url":"https:\/\/headwear.com.pl\/targi\/","name":"Targi - Headwear Professionals","isPartOf":{"@id":"https:\/\/headwear.com.pl\/fr\/#website"},"datePublished":"2018-05-01T06:57:47+00:00","dateModified":"2025-10-01T06:35:07+00:00","description":"Lista targ\u00f3w w kraju i zagranic\u0105, na kt\u00f3rych b\u0119dziemy obecni. Zapraszamy do odwiedzania naszych stoisko na PSI, CTCO czy PSP","breadcrumb":{"@id":"https:\/\/headwear.com.pl\/targi\/#breadcrumb"},"inLanguage":"it-IT","potentialAction":[{"@type":"ReadAction","target":["https:\/\/headwear.com.pl\/targi\/"]}]},{"@type":"BreadcrumbList","@id":"https:\/\/headwear.com.pl\/targi\/#breadcrumb","itemListElement":[{"@type":"ListItem","position":1,"name":"Strona g\u0142\u00f3wna","item":"https:\/\/headwear.com.pl\/"},{"@type":"ListItem","position":2,"name":"Targi"}]},{"@type":"WebSite","@id":"https:\/\/headwear.com.pl\/fr\/#website","url":"https:\/\/headwear.com.pl\/fr\/","name":"Headwear Professionals","description":"Produciamo tappi pubblicitari dal 1974. Lavoriamo solo con agenzie pubblicitarie","publisher":{"@id":"https:\/\/headwear.com.pl\/fr\/#organization"},"potentialAction":[{"@type":"SearchAction","target":{"@type":"EntryPoint","urlTemplate":"https:\/\/headwear.com.pl\/fr\/?s={search_term_string}"},"query-input":"required name=search_term_string"}],"inLanguage":"it-IT"},{"@type":"Organization","@id":"https:\/\/headwear.com.pl\/fr\/#organization","name":"Headwear Professionals","url":"https:\/\/headwear.com.pl\/fr\/","logo":{"@type":"ImageObject","inLanguage":"it-IT","@id":"https:\/\/headwear.com.pl\/fr\/#\/schema\/logo\/image\/","url":"https:\/\/headwear.com.pl\/wp-content\/uploads\/2024\/05\/Headwear_COLOR_RGB_logo.jpg","contentUrl":"https:\/\/headwear.com.pl\/wp-content\/uploads\/2024\/05\/Headwear_COLOR_RGB_logo.jpg","width":1786,"height":1263,"caption":"Headwear Professionals"},"image":{"@id":"https:\/\/headwear.com.pl\/fr\/#\/schema\/logo\/image\/"},"sameAs":["https:\/\/www.facebook.com\/HeadwearPolska","https:\/\/www.linkedin.com\/company\/headwearpolska"]}]}},"_links":{"self":[{"href":"https:\/\/headwear.com.pl\/it\/wp-json\/wp\/v2\/pages\/9327"}],"collection":[{"href":"https:\/\/headwear.com.pl\/it\/wp-json\/wp\/v2\/pages"}],"about":[{"href":"https:\/\/headwear.com.pl\/it\/wp-json\/wp\/v2\/types\/page"}],"author":[{"embeddable":true,"href":"https:\/\/headwear.com.pl\/it\/wp-json\/wp\/v2\/users\/1"}],"replies":[{"embeddable":true,"href":"https:\/\/headwear.com.pl\/it\/wp-json\/wp\/v2\/comments?post=9327"}],"version-history":[{"count":44,"href":"https:\/\/headwear.com.pl\/it\/wp-json\/wp\/v2\/pages\/9327\/revisions"}],"predecessor-version":[{"id":109530,"href":"https:\/\/headwear.com.pl\/it\/wp-json\/wp\/v2\/pages\/9327\/revisions\/109530"}],"wp:attachment":[{"href":"https:\/\/headwear.com.pl\/it\/wp-json\/wp\/v2\/media?parent=9327"}],"curies":[{"name":"wp","href":"https:\/\/api.w.org\/{rel}","templated":true}]}}