{"id":109235,"date":"2024-10-08T09:49:18","date_gmt":"2024-10-08T07:49:18","guid":{"rendered":"https:\/\/headwear.com.pl\/?post_type=product&#038;p=109235"},"modified":"2026-01-19T13:14:07","modified_gmt":"2026-01-19T12:14:07","slug":"6032-czapka-zimowa","status":"publish","type":"product","link":"https:\/\/headwear.com.pl\/it\/oferta\/6032-czapka-zimowa\/","title":{"rendered":"6032 - cappello invernale"},"content":{"rendered":"<p>Czapka zimowa 6032 wykonana z wiskozy to produkt na ch\u0142odniejsze miesi\u0105ce. Materia\u0142, z kt\u00f3rego jest wykonana to naturalna wiskoza, kt\u00f3ra otrzymywana jest z w\u0142\u00f3kien celulozowych i zapewnia komfort termiczny oraz oddychalno\u015b\u0107. Kapelusz dost\u0119pny jest w kilku wersjach kolorystycznych, dzi\u0119ki czemu mo\u017cna go \u0142\u0105czy\u0107 z r\u00f3\u017cnymi stylizacjami.<\/p>\n<p>Ten produkt jest idealny do codziennych zaj\u0119\u0107 na \u015bwie\u017cym powietrzu, takich jak spacery lub zakupy. Czapka zimowa 6032 wykonana jest z mieszanki 93% wiskozy i 7% elastanu, co gwarantuje elastyczno\u015b\u0107 i idealne dopasowanie do kszta\u0142tu g\u0142owy. Dzi\u0119ki temu materia\u0142owi czapka jest r\u00f3wnie\u017c lekka i wygodna.<\/p>\n<h3>Wa\u017cne w\u0142a\u015bciwo\u015bci<\/h3>\n<p>.<\/p>\n<ul>\n<li><strong>Cecha 1:<\/strong> Wysoka oddychalno\u015b\u0107 dzi\u0119ki naturalnym w\u0142\u00f3knom celulozowym sprawia, \u017ce czapka jest wygodna nawet przy d\u0142ugim noszeniu.<\/li>\n<li><strong>Czapka jest r\u00f3wnie\u017c lekka i wygodna.\n<li><strong>Cecha 2:<\/strong> Elastyczno\u015b\u0107 materia\u0142u pozwala idealnie dopasowa\u0107 go do r\u00f3\u017cnych rozmiar\u00f3w g\u0142owy, co zwi\u0119ksza komfort.<\/li>\n<li><strong>Cecha 3:<\/strong> Niska gramatura 210 g\/m\u00b2 zapewnia lekko\u015b\u0107 i sprawia, \u017ce kapelusz jest \u0142atwy w noszeniu i przechowywaniu.<\/li>\n<li><strong>Cecha 4:<\/strong> Neutralny kr\u00f3j bez fr\u0119dzli pasuje do r\u00f3\u017cnych styl\u00f3w, od codziennych po formalne.<\/li>\n<\/ul>\n<p>Piel\u0119gnacja czapki zimowej 6032 jest \u0142atwa; W celu zachowania w\u0142a\u015bciwo\u015bci materia\u0142u zaleca si\u0119 pranie r\u0119czne lub delikatne pranie w pralce w niskiej temperaturze. Unikaj\u0105c mechanicznego suszenia, kapelusz d\u0142u\u017cej zachowuje sw\u00f3j pierwotny kszta\u0142t i elastyczno\u015b\u0107.<\/p>\n<h3>Dettagli tecnici<\/h3>\n<p>.<\/p>\n<ul>\n<li><strong>Materiale:<\/strong> 93% wiskoza, 7% elastan (MATOWY)<\/li>\n<li><strong>Rozmiary:<\/strong> Dost\u0119pne rozmiary: S, M, L<\/li>\n<li><strong>Colori:<\/strong> r\u00f3\u017cne warianty kolorystyczne<\/li>\n<li><strong>Kraj producenta:<\/strong> Wyprodukowano w UE<\/li>\n<\/ul>\n<p>Czapka zimowa 6032 to po\u0142\u0105czenie funkcjonalno\u015bci i estetyki. Produkt wykonany jest z wysokiej jako\u015bci materia\u0142\u00f3w, kt\u00f3re zapewniaj\u0105 ochron\u0119 przed zimnem i wygod\u0119. Produkt wykonany jest z wysokiej jako\u015bci materia\u0142\u00f3w, kt\u00f3re zapewniaj\u0105 ochron\u0119 przed zimnem i wygod\u0119.<\/p>","protected":false},"excerpt":{"rendered":"<p>Un morbido cappello invernale in viscosa, un materiale naturale ricavato da fibre di cellulosa derivate dal legno.<\/p>","protected":false},"featured_media":109236,"template":"","meta":[],"product_cat":[150,427,487,415],"product_tag":[488],"yoast_head":"<!-- This site is optimized with the Yoast SEO plugin v22.7 - https:\/\/yoast.com\/wordpress\/plugins\/seo\/ -->\n<title>6032 - czapka zimowa - Headwear Professionals<\/title>\n<meta name=\"description\" content=\"Czapka zimowa 6032 z wiskozy zapewnia komfort i oddychalno\u015b\u0107. Idealna na spacery, dost\u0119pna w r\u00f3\u017cnych kolorach. Sprawd\u017a szczeg\u00f3\u0142y.\" \/>\n<meta name=\"robots\" content=\"index, follow, max-snippet:-1, max-image-preview:large, max-video-preview:-1\" \/>\n<link rel=\"canonical\" href=\"https:\/\/headwear.com.pl\/it\/oferta\/6032-czapka-zimowa\/\" \/>\n<meta property=\"og:locale\" content=\"it_IT\" \/>\n<meta property=\"og:type\" content=\"article\" \/>\n<meta property=\"og:title\" content=\"6032 - czapka zimowa - Headwear Professionals\" \/>\n<meta property=\"og:description\" content=\"Czapka zimowa 6032 z wiskozy zapewnia komfort i oddychalno\u015b\u0107. Idealna na spacery, dost\u0119pna w r\u00f3\u017cnych kolorach. Sprawd\u017a szczeg\u00f3\u0142y.\" \/>\n<meta property=\"og:url\" content=\"https:\/\/headwear.com.pl\/it\/oferta\/6032-czapka-zimowa\/\" \/>\n<meta property=\"og:site_name\" content=\"Headwear Professionals\" \/>\n<meta property=\"article:publisher\" content=\"https:\/\/www.facebook.com\/HeadwearPolska\" \/>\n<meta property=\"article:modified_time\" content=\"2026-01-19T12:14:07+00:00\" \/>\n<meta property=\"og:image\" content=\"https:\/\/headwear.com.pl\/wp-content\/uploads\/2024\/10\/6032-1.jpeg\" \/>\n\t<meta property=\"og:image:width\" content=\"1980\" \/>\n\t<meta property=\"og:image:height\" content=\"1953\" \/>\n\t<meta property=\"og:image:type\" content=\"image\/jpeg\" \/>\n<meta name=\"twitter:card\" content=\"summary_large_image\" \/>\n<meta name=\"twitter:label1\" content=\"Tempo di lettura stimato\" \/>\n\t<meta name=\"twitter:data1\" content=\"2 minuti\" \/>\n<script type=\"application\/ld+json\" class=\"yoast-schema-graph\">{\"@context\":\"https:\/\/schema.org\",\"@graph\":[{\"@type\":\"WebPage\",\"@id\":\"https:\/\/headwear.com.pl\/oferta\/6032-czapka-zimowa\/\",\"url\":\"https:\/\/headwear.com.pl\/oferta\/6032-czapka-zimowa\/\",\"name\":\"6032 - czapka zimowa - Headwear Professionals\",\"isPartOf\":{\"@id\":\"https:\/\/headwear.com.pl\/fr\/#website\"},\"primaryImageOfPage\":{\"@id\":\"https:\/\/headwear.com.pl\/oferta\/6032-czapka-zimowa\/#primaryimage\"},\"image\":{\"@id\":\"https:\/\/headwear.com.pl\/oferta\/6032-czapka-zimowa\/#primaryimage\"},\"thumbnailUrl\":\"https:\/\/headwear.com.pl\/wp-content\/uploads\/2024\/10\/6032-1.jpeg\",\"datePublished\":\"2024-10-08T07:49:18+00:00\",\"dateModified\":\"2026-01-19T12:14:07+00:00\",\"description\":\"Czapka zimowa 6032 z wiskozy zapewnia komfort i oddychalno\u015b\u0107. Idealna na spacery, dost\u0119pna w r\u00f3\u017cnych kolorach. Sprawd\u017a szczeg\u00f3\u0142y.\",\"breadcrumb\":{\"@id\":\"https:\/\/headwear.com.pl\/oferta\/6032-czapka-zimowa\/#breadcrumb\"},\"inLanguage\":\"it-IT\",\"potentialAction\":[{\"@type\":\"ReadAction\",\"target\":[\"https:\/\/headwear.com.pl\/oferta\/6032-czapka-zimowa\/\"]}]},{\"@type\":\"ImageObject\",\"inLanguage\":\"it-IT\",\"@id\":\"https:\/\/headwear.com.pl\/oferta\/6032-czapka-zimowa\/#primaryimage\",\"url\":\"https:\/\/headwear.com.pl\/wp-content\/uploads\/2024\/10\/6032-1.jpeg\",\"contentUrl\":\"https:\/\/headwear.com.pl\/wp-content\/uploads\/2024\/10\/6032-1.jpeg\",\"width\":1980,\"height\":1953},{\"@type\":\"BreadcrumbList\",\"@id\":\"https:\/\/headwear.com.pl\/oferta\/6032-czapka-zimowa\/#breadcrumb\",\"itemListElement\":[{\"@type\":\"ListItem\",\"position\":1,\"name\":\"Strona g\u0142\u00f3wna\",\"item\":\"https:\/\/headwear.com.pl\/\"},{\"@type\":\"ListItem\",\"position\":2,\"name\":\"Oferta &#8211; Headwear Professionals\",\"item\":\"https:\/\/headwear.com.pl\/fr\/oferta\/\"},{\"@type\":\"ListItem\",\"position\":3,\"name\":\"6032 &#8211; czapka zimowa\"}]},{\"@type\":\"WebSite\",\"@id\":\"https:\/\/headwear.com.pl\/fr\/#website\",\"url\":\"https:\/\/headwear.com.pl\/fr\/\",\"name\":\"Headwear Professionals\",\"description\":\"Produkcj\u0105 czapek reklamowych zajmujemy si\u0119 od 1974 roku. Pracujemy tylko z agencjami reklamowymi\",\"publisher\":{\"@id\":\"https:\/\/headwear.com.pl\/fr\/#organization\"},\"potentialAction\":[{\"@type\":\"SearchAction\",\"target\":{\"@type\":\"EntryPoint\",\"urlTemplate\":\"https:\/\/headwear.com.pl\/fr\/?s={search_term_string}\"},\"query-input\":\"required name=search_term_string\"}],\"inLanguage\":\"it-IT\"},{\"@type\":\"Organization\",\"@id\":\"https:\/\/headwear.com.pl\/fr\/#organization\",\"name\":\"Headwear Professionals\",\"url\":\"https:\/\/headwear.com.pl\/fr\/\",\"logo\":{\"@type\":\"ImageObject\",\"inLanguage\":\"it-IT\",\"@id\":\"https:\/\/headwear.com.pl\/fr\/#\/schema\/logo\/image\/\",\"url\":\"https:\/\/headwear.com.pl\/wp-content\/uploads\/2024\/05\/Headwear_COLOR_RGB_logo.jpg\",\"contentUrl\":\"https:\/\/headwear.com.pl\/wp-content\/uploads\/2024\/05\/Headwear_COLOR_RGB_logo.jpg\",\"width\":1786,\"height\":1263,\"caption\":\"Headwear Professionals\"},\"image\":{\"@id\":\"https:\/\/headwear.com.pl\/fr\/#\/schema\/logo\/image\/\"},\"sameAs\":[\"https:\/\/www.facebook.com\/HeadwearPolska\",\"https:\/\/www.linkedin.com\/company\/headwearpolska\"]}]}<\/script>\n<!-- \/ Yoast SEO plugin. -->","yoast_head_json":{"title":"6032 - Cappello invernale - Headwear Professionals","description":"Czapka zimowa 6032 z wiskozy zapewnia komfort i oddychalno\u015b\u0107. Idealna na spacery, dost\u0119pna w r\u00f3\u017cnych kolorach. Sprawd\u017a szczeg\u00f3\u0142y.","robots":{"index":"index","follow":"follow","max-snippet":"max-snippet:-1","max-image-preview":"max-image-preview:large","max-video-preview":"max-video-preview:-1"},"canonical":"https:\/\/headwear.com.pl\/it\/oferta\/6032-czapka-zimowa\/","og_locale":"it_IT","og_type":"article","og_title":"6032 - czapka zimowa - Headwear Professionals","og_description":"Czapka zimowa 6032 z wiskozy zapewnia komfort i oddychalno\u015b\u0107. Idealna na spacery, dost\u0119pna w r\u00f3\u017cnych kolorach. Sprawd\u017a szczeg\u00f3\u0142y.","og_url":"https:\/\/headwear.com.pl\/it\/oferta\/6032-czapka-zimowa\/","og_site_name":"Headwear Professionals","article_publisher":"https:\/\/www.facebook.com\/HeadwearPolska","article_modified_time":"2026-01-19T12:14:07+00:00","og_image":[{"width":1980,"height":1953,"url":"https:\/\/headwear.com.pl\/wp-content\/uploads\/2024\/10\/6032-1.jpeg","type":"image\/jpeg"}],"twitter_card":"summary_large_image","twitter_misc":{"Tempo di lettura stimato":"2 minuti"},"schema":{"@context":"https:\/\/schema.org","@graph":[{"@type":"WebPage","@id":"https:\/\/headwear.com.pl\/oferta\/6032-czapka-zimowa\/","url":"https:\/\/headwear.com.pl\/oferta\/6032-czapka-zimowa\/","name":"6032 - Cappello invernale - Headwear Professionals","isPartOf":{"@id":"https:\/\/headwear.com.pl\/fr\/#website"},"primaryImageOfPage":{"@id":"https:\/\/headwear.com.pl\/oferta\/6032-czapka-zimowa\/#primaryimage"},"image":{"@id":"https:\/\/headwear.com.pl\/oferta\/6032-czapka-zimowa\/#primaryimage"},"thumbnailUrl":"https:\/\/headwear.com.pl\/wp-content\/uploads\/2024\/10\/6032-1.jpeg","datePublished":"2024-10-08T07:49:18+00:00","dateModified":"2026-01-19T12:14:07+00:00","description":"Czapka zimowa 6032 z wiskozy zapewnia komfort i oddychalno\u015b\u0107. Idealna na spacery, dost\u0119pna w r\u00f3\u017cnych kolorach. Sprawd\u017a szczeg\u00f3\u0142y.","breadcrumb":{"@id":"https:\/\/headwear.com.pl\/oferta\/6032-czapka-zimowa\/#breadcrumb"},"inLanguage":"it-IT","potentialAction":[{"@type":"ReadAction","target":["https:\/\/headwear.com.pl\/oferta\/6032-czapka-zimowa\/"]}]},{"@type":"ImageObject","inLanguage":"it-IT","@id":"https:\/\/headwear.com.pl\/oferta\/6032-czapka-zimowa\/#primaryimage","url":"https:\/\/headwear.com.pl\/wp-content\/uploads\/2024\/10\/6032-1.jpeg","contentUrl":"https:\/\/headwear.com.pl\/wp-content\/uploads\/2024\/10\/6032-1.jpeg","width":1980,"height":1953},{"@type":"BreadcrumbList","@id":"https:\/\/headwear.com.pl\/oferta\/6032-czapka-zimowa\/#breadcrumb","itemListElement":[{"@type":"ListItem","position":1,"name":"Strona g\u0142\u00f3wna","item":"https:\/\/headwear.com.pl\/"},{"@type":"ListItem","position":2,"name":"Oferta &#8211; Headwear Professionals","item":"https:\/\/headwear.com.pl\/fr\/oferta\/"},{"@type":"ListItem","position":3,"name":"6032 &#8211; czapka zimowa"}]},{"@type":"WebSite","@id":"https:\/\/headwear.com.pl\/fr\/#website","url":"https:\/\/headwear.com.pl\/fr\/","name":"Headwear Professionals","description":"Produciamo tappi pubblicitari dal 1974. Lavoriamo solo con agenzie pubblicitarie","publisher":{"@id":"https:\/\/headwear.com.pl\/fr\/#organization"},"potentialAction":[{"@type":"SearchAction","target":{"@type":"EntryPoint","urlTemplate":"https:\/\/headwear.com.pl\/fr\/?s={search_term_string}"},"query-input":"required name=search_term_string"}],"inLanguage":"it-IT"},{"@type":"Organization","@id":"https:\/\/headwear.com.pl\/fr\/#organization","name":"Headwear Professionals","url":"https:\/\/headwear.com.pl\/fr\/","logo":{"@type":"ImageObject","inLanguage":"it-IT","@id":"https:\/\/headwear.com.pl\/fr\/#\/schema\/logo\/image\/","url":"https:\/\/headwear.com.pl\/wp-content\/uploads\/2024\/05\/Headwear_COLOR_RGB_logo.jpg","contentUrl":"https:\/\/headwear.com.pl\/wp-content\/uploads\/2024\/05\/Headwear_COLOR_RGB_logo.jpg","width":1786,"height":1263,"caption":"Headwear Professionals"},"image":{"@id":"https:\/\/headwear.com.pl\/fr\/#\/schema\/logo\/image\/"},"sameAs":["https:\/\/www.facebook.com\/HeadwearPolska","https:\/\/www.linkedin.com\/company\/headwearpolska"]}]}},"_links":{"self":[{"href":"https:\/\/headwear.com.pl\/it\/wp-json\/wp\/v2\/product\/109235"}],"collection":[{"href":"https:\/\/headwear.com.pl\/it\/wp-json\/wp\/v2\/product"}],"about":[{"href":"https:\/\/headwear.com.pl\/it\/wp-json\/wp\/v2\/types\/product"}],"wp:featuredmedia":[{"embeddable":true,"href":"https:\/\/headwear.com.pl\/it\/wp-json\/wp\/v2\/media\/109236"}],"wp:attachment":[{"href":"https:\/\/headwear.com.pl\/it\/wp-json\/wp\/v2\/media?parent=109235"}],"wp:term":[{"taxonomy":"product_cat","embeddable":true,"href":"https:\/\/headwear.com.pl\/it\/wp-json\/wp\/v2\/product_cat?post=109235"},{"taxonomy":"product_tag","embeddable":true,"href":"https:\/\/headwear.com.pl\/it\/wp-json\/wp\/v2\/product_tag?post=109235"}],"curies":[{"name":"wp","href":"https:\/\/api.w.org\/{rel}","templated":true}]}}