{"id":109733,"date":"2026-05-05T08:08:43","date_gmt":"2026-05-05T06:08:43","guid":{"rendered":"https:\/\/headwear.com.pl\/?post_type=product&#038;p=109733"},"modified":"2026-05-05T08:36:56","modified_gmt":"2026-05-05T06:36:56","slug":"3964","status":"publish","type":"product","link":"https:\/\/headwear.com.pl\/it\/oferta\/3964\/","title":{"rendered":"3964 - berretto da baseball"},"content":{"rendered":"<p data-start=\"61\" data-end=\"242\">Czapka baseballowa 3964 to klasyczny model o <strong>6-panelowej konstrukcji, wykonany w 100% z bawe\u0142ny<\/strong> (twill bawe\u0142niany). Lekka i wygodna, doskonale sprawdzi si\u0119 w codziennym u\u017cytkowaniu.<\/p>\n<p data-start=\"244\" data-end=\"428\">Model wyposa\u017cony jest w profilowany daszek, kt\u00f3ry skutecznie chroni przed s\u0142o\u0144cem, oraz <strong>regulowane zapi\u0119cie na metalow\u0105 sprz\u0105czk\u0119<\/strong>, umo\u017cliwiaj\u0105ce dopasowanie do r\u00f3\u017cnych rozmiar\u00f3w g\u0142owy.<\/p>\n<p data-start=\"430\" data-end=\"602\" data-is-last-node=\"\" data-is-only-node=\"\">Czapka dost\u0119pna jest w kilku wariantach kolorystycznych: czarnym, bia\u0142ym, granatowym, czerwonym, zielonym i szarym, dzi\u0119ki czemu \u0142atwo dopasowa\u0107 j\u0105 do indywidualnego stylu.<\/p>","protected":false},"excerpt":{"rendered":"<p>Berretto da baseball leggero a 6 pannelli in cotone.<\/p>","protected":false},"featured_media":109740,"template":"","meta":[],"product_cat":[152,429,425],"product_tag":[],"yoast_head":"<!-- This site is optimized with the Yoast SEO plugin v22.7 - https:\/\/yoast.com\/wordpress\/plugins\/seo\/ -->\n<title>3964 - czapka z daszkiem - Headwear Professionals<\/title>\n<meta name=\"description\" content=\"Czapka z daszkiem 3964: stylowa, bawe\u0142niana konstrukcja z usztywnieniem, idealna do codziennego u\u017cytku. Sprawd\u017a szczeg\u00f3\u0142y.\" \/>\n<meta name=\"robots\" content=\"index, follow, max-snippet:-1, max-image-preview:large, max-video-preview:-1\" \/>\n<link rel=\"canonical\" href=\"https:\/\/headwear.com.pl\/it\/oferta\/3964\/\" \/>\n<meta property=\"og:locale\" content=\"it_IT\" \/>\n<meta property=\"og:type\" content=\"article\" \/>\n<meta property=\"og:title\" content=\"3964 - czapka z daszkiem - Headwear Professionals\" \/>\n<meta property=\"og:description\" content=\"Czapka z daszkiem 3964: stylowa, bawe\u0142niana konstrukcja z usztywnieniem, idealna do codziennego u\u017cytku. Sprawd\u017a szczeg\u00f3\u0142y.\" \/>\n<meta property=\"og:url\" content=\"https:\/\/headwear.com.pl\/it\/oferta\/3964\/\" \/>\n<meta property=\"og:site_name\" content=\"Headwear Professionals\" \/>\n<meta property=\"article:publisher\" content=\"https:\/\/www.facebook.com\/HeadwearPolska\" \/>\n<meta property=\"article:modified_time\" content=\"2026-05-05T06:36:56+00:00\" \/>\n<meta property=\"og:image\" content=\"https:\/\/headwear.com.pl\/wp-content\/uploads\/2026\/05\/3964.jpeg\" \/>\n\t<meta property=\"og:image:width\" content=\"1980\" \/>\n\t<meta property=\"og:image:height\" content=\"1485\" \/>\n\t<meta property=\"og:image:type\" content=\"image\/jpeg\" \/>\n<meta name=\"twitter:card\" content=\"summary_large_image\" \/>\n<meta name=\"twitter:label1\" content=\"Tempo di lettura stimato\" \/>\n\t<meta name=\"twitter:data1\" content=\"1 minuto\" \/>\n<script type=\"application\/ld+json\" class=\"yoast-schema-graph\">{\"@context\":\"https:\/\/schema.org\",\"@graph\":[{\"@type\":\"WebPage\",\"@id\":\"https:\/\/headwear.com.pl\/oferta\/3964\/\",\"url\":\"https:\/\/headwear.com.pl\/oferta\/3964\/\",\"name\":\"3964 - czapka z daszkiem - Headwear Professionals\",\"isPartOf\":{\"@id\":\"https:\/\/headwear.com.pl\/fr\/#website\"},\"primaryImageOfPage\":{\"@id\":\"https:\/\/headwear.com.pl\/oferta\/3964\/#primaryimage\"},\"image\":{\"@id\":\"https:\/\/headwear.com.pl\/oferta\/3964\/#primaryimage\"},\"thumbnailUrl\":\"https:\/\/headwear.com.pl\/wp-content\/uploads\/2026\/05\/3964.jpeg\",\"datePublished\":\"2026-05-05T06:08:43+00:00\",\"dateModified\":\"2026-05-05T06:36:56+00:00\",\"description\":\"Czapka z daszkiem 3964: stylowa, bawe\u0142niana konstrukcja z usztywnieniem, idealna do codziennego u\u017cytku. Sprawd\u017a szczeg\u00f3\u0142y.\",\"breadcrumb\":{\"@id\":\"https:\/\/headwear.com.pl\/oferta\/3964\/#breadcrumb\"},\"inLanguage\":\"it-IT\",\"potentialAction\":[{\"@type\":\"ReadAction\",\"target\":[\"https:\/\/headwear.com.pl\/oferta\/3964\/\"]}]},{\"@type\":\"ImageObject\",\"inLanguage\":\"it-IT\",\"@id\":\"https:\/\/headwear.com.pl\/oferta\/3964\/#primaryimage\",\"url\":\"https:\/\/headwear.com.pl\/wp-content\/uploads\/2026\/05\/3964.jpeg\",\"contentUrl\":\"https:\/\/headwear.com.pl\/wp-content\/uploads\/2026\/05\/3964.jpeg\",\"width\":1980,\"height\":1485},{\"@type\":\"BreadcrumbList\",\"@id\":\"https:\/\/headwear.com.pl\/oferta\/3964\/#breadcrumb\",\"itemListElement\":[{\"@type\":\"ListItem\",\"position\":1,\"name\":\"Strona g\u0142\u00f3wna\",\"item\":\"https:\/\/headwear.com.pl\/\"},{\"@type\":\"ListItem\",\"position\":2,\"name\":\"Oferta &#8211; Headwear Professionals\",\"item\":\"https:\/\/headwear.com.pl\/fr\/oferta\/\"},{\"@type\":\"ListItem\",\"position\":3,\"name\":\"3964 &#8211; czapka z daszkiem\"}]},{\"@type\":\"WebSite\",\"@id\":\"https:\/\/headwear.com.pl\/fr\/#website\",\"url\":\"https:\/\/headwear.com.pl\/fr\/\",\"name\":\"Headwear Professionals\",\"description\":\"Produkcj\u0105 czapek reklamowych zajmujemy si\u0119 od 1974 roku. Pracujemy tylko z agencjami reklamowymi\",\"publisher\":{\"@id\":\"https:\/\/headwear.com.pl\/fr\/#organization\"},\"potentialAction\":[{\"@type\":\"SearchAction\",\"target\":{\"@type\":\"EntryPoint\",\"urlTemplate\":\"https:\/\/headwear.com.pl\/fr\/?s={search_term_string}\"},\"query-input\":\"required name=search_term_string\"}],\"inLanguage\":\"it-IT\"},{\"@type\":\"Organization\",\"@id\":\"https:\/\/headwear.com.pl\/fr\/#organization\",\"name\":\"Headwear Professionals\",\"url\":\"https:\/\/headwear.com.pl\/fr\/\",\"logo\":{\"@type\":\"ImageObject\",\"inLanguage\":\"it-IT\",\"@id\":\"https:\/\/headwear.com.pl\/fr\/#\/schema\/logo\/image\/\",\"url\":\"https:\/\/headwear.com.pl\/wp-content\/uploads\/2024\/05\/Headwear_COLOR_RGB_logo.jpg\",\"contentUrl\":\"https:\/\/headwear.com.pl\/wp-content\/uploads\/2024\/05\/Headwear_COLOR_RGB_logo.jpg\",\"width\":1786,\"height\":1263,\"caption\":\"Headwear Professionals\"},\"image\":{\"@id\":\"https:\/\/headwear.com.pl\/fr\/#\/schema\/logo\/image\/\"},\"sameAs\":[\"https:\/\/www.facebook.com\/HeadwearPolska\",\"https:\/\/www.linkedin.com\/company\/headwearpolska\"]}]}<\/script>\n<!-- \/ Yoast SEO plugin. -->","yoast_head_json":{"title":"3964 - czapka z daszkiem - Headwear Professionals","description":"Czapka z daszkiem 3964: stylowa, bawe\u0142niana konstrukcja z usztywnieniem, idealna do codziennego u\u017cytku. Sprawd\u017a szczeg\u00f3\u0142y.","robots":{"index":"index","follow":"follow","max-snippet":"max-snippet:-1","max-image-preview":"max-image-preview:large","max-video-preview":"max-video-preview:-1"},"canonical":"https:\/\/headwear.com.pl\/it\/oferta\/3964\/","og_locale":"it_IT","og_type":"article","og_title":"3964 - czapka z daszkiem - Headwear Professionals","og_description":"Czapka z daszkiem 3964: stylowa, bawe\u0142niana konstrukcja z usztywnieniem, idealna do codziennego u\u017cytku. Sprawd\u017a szczeg\u00f3\u0142y.","og_url":"https:\/\/headwear.com.pl\/it\/oferta\/3964\/","og_site_name":"Headwear Professionals","article_publisher":"https:\/\/www.facebook.com\/HeadwearPolska","article_modified_time":"2026-05-05T06:36:56+00:00","og_image":[{"width":1980,"height":1485,"url":"https:\/\/headwear.com.pl\/wp-content\/uploads\/2026\/05\/3964.jpeg","type":"image\/jpeg"}],"twitter_card":"summary_large_image","twitter_misc":{"Tempo di lettura stimato":"1 minuto"},"schema":{"@context":"https:\/\/schema.org","@graph":[{"@type":"WebPage","@id":"https:\/\/headwear.com.pl\/oferta\/3964\/","url":"https:\/\/headwear.com.pl\/oferta\/3964\/","name":"3964 - czapka z daszkiem - Headwear Professionals","isPartOf":{"@id":"https:\/\/headwear.com.pl\/fr\/#website"},"primaryImageOfPage":{"@id":"https:\/\/headwear.com.pl\/oferta\/3964\/#primaryimage"},"image":{"@id":"https:\/\/headwear.com.pl\/oferta\/3964\/#primaryimage"},"thumbnailUrl":"https:\/\/headwear.com.pl\/wp-content\/uploads\/2026\/05\/3964.jpeg","datePublished":"2026-05-05T06:08:43+00:00","dateModified":"2026-05-05T06:36:56+00:00","description":"Czapka z daszkiem 3964: stylowa, bawe\u0142niana konstrukcja z usztywnieniem, idealna do codziennego u\u017cytku. Sprawd\u017a szczeg\u00f3\u0142y.","breadcrumb":{"@id":"https:\/\/headwear.com.pl\/oferta\/3964\/#breadcrumb"},"inLanguage":"it-IT","potentialAction":[{"@type":"ReadAction","target":["https:\/\/headwear.com.pl\/oferta\/3964\/"]}]},{"@type":"ImageObject","inLanguage":"it-IT","@id":"https:\/\/headwear.com.pl\/oferta\/3964\/#primaryimage","url":"https:\/\/headwear.com.pl\/wp-content\/uploads\/2026\/05\/3964.jpeg","contentUrl":"https:\/\/headwear.com.pl\/wp-content\/uploads\/2026\/05\/3964.jpeg","width":1980,"height":1485},{"@type":"BreadcrumbList","@id":"https:\/\/headwear.com.pl\/oferta\/3964\/#breadcrumb","itemListElement":[{"@type":"ListItem","position":1,"name":"Strona g\u0142\u00f3wna","item":"https:\/\/headwear.com.pl\/"},{"@type":"ListItem","position":2,"name":"Oferta &#8211; Headwear Professionals","item":"https:\/\/headwear.com.pl\/fr\/oferta\/"},{"@type":"ListItem","position":3,"name":"3964 &#8211; czapka z daszkiem"}]},{"@type":"WebSite","@id":"https:\/\/headwear.com.pl\/fr\/#website","url":"https:\/\/headwear.com.pl\/fr\/","name":"Headwear Professionals","description":"Produciamo tappi pubblicitari dal 1974. Lavoriamo solo con agenzie pubblicitarie","publisher":{"@id":"https:\/\/headwear.com.pl\/fr\/#organization"},"potentialAction":[{"@type":"SearchAction","target":{"@type":"EntryPoint","urlTemplate":"https:\/\/headwear.com.pl\/fr\/?s={search_term_string}"},"query-input":"required name=search_term_string"}],"inLanguage":"it-IT"},{"@type":"Organization","@id":"https:\/\/headwear.com.pl\/fr\/#organization","name":"Headwear Professionals","url":"https:\/\/headwear.com.pl\/fr\/","logo":{"@type":"ImageObject","inLanguage":"it-IT","@id":"https:\/\/headwear.com.pl\/fr\/#\/schema\/logo\/image\/","url":"https:\/\/headwear.com.pl\/wp-content\/uploads\/2024\/05\/Headwear_COLOR_RGB_logo.jpg","contentUrl":"https:\/\/headwear.com.pl\/wp-content\/uploads\/2024\/05\/Headwear_COLOR_RGB_logo.jpg","width":1786,"height":1263,"caption":"Headwear Professionals"},"image":{"@id":"https:\/\/headwear.com.pl\/fr\/#\/schema\/logo\/image\/"},"sameAs":["https:\/\/www.facebook.com\/HeadwearPolska","https:\/\/www.linkedin.com\/company\/headwearpolska"]}]}},"_links":{"self":[{"href":"https:\/\/headwear.com.pl\/it\/wp-json\/wp\/v2\/product\/109733"}],"collection":[{"href":"https:\/\/headwear.com.pl\/it\/wp-json\/wp\/v2\/product"}],"about":[{"href":"https:\/\/headwear.com.pl\/it\/wp-json\/wp\/v2\/types\/product"}],"wp:featuredmedia":[{"embeddable":true,"href":"https:\/\/headwear.com.pl\/it\/wp-json\/wp\/v2\/media\/109740"}],"wp:attachment":[{"href":"https:\/\/headwear.com.pl\/it\/wp-json\/wp\/v2\/media?parent=109733"}],"wp:term":[{"taxonomy":"product_cat","embeddable":true,"href":"https:\/\/headwear.com.pl\/it\/wp-json\/wp\/v2\/product_cat?post=109733"},{"taxonomy":"product_tag","embeddable":true,"href":"https:\/\/headwear.com.pl\/it\/wp-json\/wp\/v2\/product_tag?post=109733"}],"curies":[{"name":"wp","href":"https:\/\/api.w.org\/{rel}","templated":true}]}}